{"id":1883,"date":"2020-11-25T17:27:49","date_gmt":"2020-11-25T16:27:49","guid":{"rendered":"https:\/\/www.pharmacieonline.lu\/produit\/alline-procap-180-caps-nf\/"},"modified":"2026-04-08T01:55:36","modified_gmt":"2026-04-07T23:55:36","slug":"alline-procap-180-caps-nf","status":"publish","type":"product","link":"https:\/\/www.pharmacieonline.lu\/de\/produit\/alline-procap-180-caps-nf\/","title":{"rendered":"ALLINE PROCAP 180 CAPS NF"},"content":{"rendered":"<p>M\u00f6chten Sie volumin\u00f6ses, gl\u00e4nzendes und widerstandsf\u00e4higes Haar?<\/p>\n<p>Alline Procap ist eine einzigartige, vollst\u00e4ndige und patentierte L\u00f6sung f\u00fcr alle, die sich um ihre Haare k\u00fcmmern m\u00f6chten!<\/p>\n<p>Indikation<br \/>\nAlline Procap enth\u00e4lt Keratin (CynaPlus\u00ae), das Protein, das 95% der Haare ausmacht. Dieses Nahrungserg\u00e4nzungsmittel kombiniert die 18 Aminos\u00e4uren des Keratinmolek\u00fcls mit einem Komplex aus 11 Vitaminen und 3 Mineralien. Dank des Produktionsverfahrens zur Extraktion von Keratin bleibt die gesamte Aminos\u00e4urezusammensetzung erhalten. Keratin wird auch wasserl\u00f6slich und bioverf\u00fcgbar gemacht, was eine optimale Assimilation durch den K\u00f6rper erm\u00f6glicht<\/p>\n<p>verwenden<br \/>\nHaarwuchs **, Volumen &amp; Glanz 2 Kapseln \/ Tag w\u00e4hrend der Mahlzeit mit einem Glas Wasser eingenommen<br \/>\nVolumen &amp; Glanz 1 Kapsel \/ Tag w\u00e4hrend der Mahlzeit mit einem Glas Wasser eingenommen<\/p>\n<p>** Zink tr\u00e4gt zur Erhaltung normaler Haare und zur normalen Synthese von Proteinen (einschlie\u00dflich Keratin) bei.<\/p>\n<p>Komposition<br \/>\nEine Kombination von Vitaminen: B1, B2, B3, B5, B6, B8, B9, B12, C, E, \u03b2-Carotin<br \/>\n100% der empfohlenen Zufuhr<br \/>\nHilft bei der Erhaltung gesunder Haare (B8);<br \/>\nTr\u00e4gt zum richtigen Eisenstoffwechsel bei (B2, B-Carotin);<br \/>\nHilft beim Schutz der Zellen vor oxidativem Stress (B2, C, E);<br \/>\nBeteiligt sich an der Synthese von Aminos\u00e4uren (B6, B9);<br \/>\nSpielt eine Rolle im Prozess der Teilung des Haarzyklus (B9, \u03b2-Carotin).<\/p>\n<p>Ein Trio von Mineralien<br \/>\nEisen ist am Sauerstofftransport im K\u00f6rper beteiligt und spielt eine Rolle bei der Zellteilung des Haarzyklus.<br \/>\nZink tr\u00e4gt unter anderem zum Schutz der Zellen vor oxidativem Stress bei und tr\u00e4gt zur Erhaltung gesunder Haare und N\u00e4gel bei.<br \/>\nKupfer ist am Eisentransport beteiligt und tr\u00e4gt zur Pigmentierung der Haare bei.<\/p>\n<p>Patentierte Zusammensetzung<br \/>\nPro 2 Kapseln:<br \/>\nPatentiertes Keratin (CynaPlus\u00ae): 500 mg<br \/>\nMineralien: 100% AR<br \/>\nEisen: 14 mg (Eisengluconat)<br \/>\nZing: 10 mg (Zinkgluconat)<br \/>\nKupfer: 1 mg (Kupfergluconat)<br \/>\nVitamine: 100% AR<br \/>\nVitamin A: 4,8 mg (\u03b2-Carotin)<br \/>\nB-Vitamine:<br \/>\nB1: 1,1 mg (Thiaminhydrochlorid)<br \/>\nB2: 1,4 mg (Riboflavin)<br \/>\nB3: 16 mg (Nikotinamid)<br \/>\nB5: 6 mg (Calcium D-Pantothenat)<br \/>\nB6: 1,4 mg (Pyridoxinhydrochlorid)<br \/>\nB8: 50 ug (D-Biotin)<br \/>\nB9: 200 ug (Fols\u00e4ure)<br \/>\nB12: 2,5 ug (Cyanocobalamin)<br \/>\nVitamin C: 80 mg (Natrium-L-Ascorbat)<br \/>\nVitamin E: 12 mg (D-Alapha-Tocopherylwasserstoffsuccinat)<br \/>\n100% inaktivierte Saccharomyces cerevisiae: 200 mg<\/p>","protected":false},"excerpt":{"rendered":"<p>M\u00f6chten Sie volumin\u00f6ses, gl\u00e4nzendes und widerstandsf\u00e4higes Haar? Alline Procap ist eine einzigartige, vollst\u00e4ndige und patentierte L\u00f6sung f\u00fcr alle, die sich um ihre Haare k\u00fcmmern m\u00f6chten! Indikation Alline Procap enth\u00e4lt Keratin (CynaPlus\u00ae), das Protein, das 95% der Haare ausmacht. Dieses Nahrungserg\u00e4nzungsmittel kombiniert die 18 Aminos\u00e4uren des Keratinmolek\u00fcls mit einem Komplex aus 11 Vitaminen und 3 Mineralien. [&hellip;]<\/p>\n","protected":false},"featured_media":3042,"template":"","meta":{"_acf_changed":false,"footnotes":""},"product_brand":[],"product_cat":[802,42,71,53,953],"product_tag":[],"class_list":{"0":"post-1883","1":"product","2":"type-product","3":"status-publish","4":"has-post-thumbnail","6":"product_cat-vitamines-cheveux-et-ongles","7":"product_cat-para-pharmacie","8":"product_cat-chute-des-cheveux","9":"product_cat-cheveux","10":"product_cat-complements-alimentaires","12":"first","13":"instock","14":"taxable","15":"shipping-taxable","16":"purchasable","17":"product-type-simple"},"acf":[],"_links":{"self":[{"href":"https:\/\/www.pharmacieonline.lu\/de\/wp-json\/wp\/v2\/product\/1883","targetHints":{"allow":["GET"]}}],"collection":[{"href":"https:\/\/www.pharmacieonline.lu\/de\/wp-json\/wp\/v2\/product"}],"about":[{"href":"https:\/\/www.pharmacieonline.lu\/de\/wp-json\/wp\/v2\/types\/product"}],"version-history":[{"count":0,"href":"https:\/\/www.pharmacieonline.lu\/de\/wp-json\/wp\/v2\/product\/1883\/revisions"}],"wp:featuredmedia":[{"embeddable":true,"href":"https:\/\/www.pharmacieonline.lu\/de\/wp-json\/wp\/v2\/media\/3042"}],"wp:attachment":[{"href":"https:\/\/www.pharmacieonline.lu\/de\/wp-json\/wp\/v2\/media?parent=1883"}],"wp:term":[{"taxonomy":"product_brand","embeddable":true,"href":"https:\/\/www.pharmacieonline.lu\/de\/wp-json\/wp\/v2\/product_brand?post=1883"},{"taxonomy":"product_cat","embeddable":true,"href":"https:\/\/www.pharmacieonline.lu\/de\/wp-json\/wp\/v2\/product_cat?post=1883"},{"taxonomy":"product_tag","embeddable":true,"href":"https:\/\/www.pharmacieonline.lu\/de\/wp-json\/wp\/v2\/product_tag?post=1883"}],"curies":[{"name":"wp","href":"https:\/\/api.w.org\/{rel}","templated":true}]}}