{"id":1887,"date":"2020-11-25T17:27:49","date_gmt":"2020-11-25T16:27:49","guid":{"rendered":"https:\/\/www.pharmacieonline.lu\/produit\/kijimea-colon-irritable-84-gel\/"},"modified":"2026-04-19T10:25:13","modified_gmt":"2026-04-19T08:25:13","slug":"kijimea-colon-irritable-84-gel","status":"publish","type":"product","link":"https:\/\/www.pharmacieonline.lu\/de\/produit\/kijimea-colon-irritable-84-gel\/","title":{"rendered":"KIJIMEA COLON IRRITABLE 84 GEL"},"content":{"rendered":"<p>Dosierung<br \/>\nSchlucken Sie zwei Kijimea\u00ae Reizdarmkapseln einmal t\u00e4glich zu einer Mahlzeit, ohne sie zu kauen, mit einer ausreichenden Menge Fl\u00fcssigkeit (z. B. einem Glas Wasser). F\u00fcr beste Ergebnisse sollten Kijimea-Reizdarmkapseln mindestens vier Wochen, h\u00f6chstens zw\u00f6lf Wochen lang eingenommen werden. Eine anf\u00e4ngliche Besserung der Symptome sollte etwa eine Woche nach Beginn einer regul\u00e4ren Dosis auftreten.<\/p>","protected":false},"excerpt":{"rendered":"<p class=\"qtranxs-available-languages-message qtranxs-available-languages-message-de\">\n<p>Kijimea\u00ae C\u00f4lon Irritable est un dispositif m\u00e9dical con\u00e7u sp\u00e9cialement pour traiter le syndrome du c\u00f4lon irritable pr\u00e9sentant les sympt\u00f4mes caract\u00e9ristiques que sont la constipation, la diarrh\u00e9e, les maux de ventre, les ballonnements et les distensions abdominales.<\/p>\n","protected":false},"featured_media":3019,"template":"","meta":{"_acf_changed":false,"footnotes":""},"product_brand":[],"product_cat":[43,77],"product_tag":[],"class_list":{"0":"post-1887","1":"product","2":"type-product","3":"status-publish","4":"has-post-thumbnail","6":"product_cat-medicaments-en-vente-libre","7":"product_cat-diarrhees-flore-intestinale","9":"first","10":"instock","11":"taxable","12":"shipping-taxable","13":"purchasable","14":"product-type-simple"},"acf":[],"_links":{"self":[{"href":"https:\/\/www.pharmacieonline.lu\/de\/wp-json\/wp\/v2\/product\/1887","targetHints":{"allow":["GET"]}}],"collection":[{"href":"https:\/\/www.pharmacieonline.lu\/de\/wp-json\/wp\/v2\/product"}],"about":[{"href":"https:\/\/www.pharmacieonline.lu\/de\/wp-json\/wp\/v2\/types\/product"}],"version-history":[{"count":0,"href":"https:\/\/www.pharmacieonline.lu\/de\/wp-json\/wp\/v2\/product\/1887\/revisions"}],"wp:featuredmedia":[{"embeddable":true,"href":"https:\/\/www.pharmacieonline.lu\/de\/wp-json\/wp\/v2\/media\/3019"}],"wp:attachment":[{"href":"https:\/\/www.pharmacieonline.lu\/de\/wp-json\/wp\/v2\/media?parent=1887"}],"wp:term":[{"taxonomy":"product_brand","embeddable":true,"href":"https:\/\/www.pharmacieonline.lu\/de\/wp-json\/wp\/v2\/product_brand?post=1887"},{"taxonomy":"product_cat","embeddable":true,"href":"https:\/\/www.pharmacieonline.lu\/de\/wp-json\/wp\/v2\/product_cat?post=1887"},{"taxonomy":"product_tag","embeddable":true,"href":"https:\/\/www.pharmacieonline.lu\/de\/wp-json\/wp\/v2\/product_tag?post=1887"}],"curies":[{"name":"wp","href":"https:\/\/api.w.org\/{rel}","templated":true}]}}