{"id":19016,"date":"2021-04-26T14:56:38","date_gmt":"2021-04-26T12:56:38","guid":{"rendered":"https:\/\/www.pharmacieonline.lu\/?post_type=product&#038;p=19016"},"modified":"2026-04-06T07:55:31","modified_gmt":"2026-04-06T05:55:31","slug":"caudalie-vinoperfect-masque-glycol-75ml","status":"publish","type":"product","link":"https:\/\/www.pharmacieonline.lu\/de\/produit\/caudalie-vinoperfect-masque-glycol-75ml\/","title":{"rendered":"CAUDALIE VINOPERFECT MASQUE GLYCOL 75ML"},"content":{"rendered":"<p>VINOPERFECT GLYCOLIC PEELING MASK<br \/>\nObjektiver Strahlungsschub in 10 Minuten!<\/p>\n<p>Die Anti-Matt-Teintmaske, die die Haut sanft peelt und ihre Leuchtkraft steigert.<\/p>\n<p>NEU<br \/>\nDie Vinoperfect Glycolic Peeling Mask ist f\u00fcr alle Frauen gedacht, die eine strahlende Haut w\u00fcnschen. In einem einzigen Schritt werden abgestorbene Zellen entfernt, die Hautstruktur verfeinert und der Teint vereinheitlicht, um die Ausstrahlung in nur 10 Minuten zu steigern.<\/p>\n<p>Nicht f\u00fcr empfindliche Haut geeignet.<\/p>\n<p>Leistungen<br \/>\nPeeling sanft<br \/>\nVereinheitlicht und beleuchtet den Teint<br \/>\nSteigert die Hautstrahlung in 10 Minuten<\/p>\n<p>Formel:<br \/>\nReich an Glykols\u00e4ure, nat\u00fcrlichen AHAs (Milchs\u00e4ure, Weins\u00e4ure, Zitronens\u00e4ure, die direkt oder durch Fermentation von Mais, Zuckerrohr, R\u00fcben, Weizen und Trauben gewonnen werden) und Viniferin, einem patentierten Inhaltsstoff von Caudalie aus Rebsaft, der ein au\u00dfergew\u00f6hnliches Anti- Dunkelfleckwirkung 62-mal * wirksamer als Vitamin C.<\/p>\n<p>96% der Inhaltsstoffe nat\u00fcrlichen Ursprungs.<br \/>\nUnter dermatologischer Kontrolle getestet<br \/>\nUnd wie alle Caudalie-Produkte, frei von Parabenen, Phenoxyethanol, Phthalaten, Mineral\u00f6len, PEG und Inhaltsstoffen tierischen Ursprungs.<br \/>\nYuka Bewertung: Ausgezeichnet<br \/>\nNicht vertragliches Foto<\/p>","protected":false},"excerpt":{"rendered":"<p>VINOPERFECT GLYCOLIC PEELING MASK Objektiver Strahlungsschub in 10 Minuten! Die Anti-Matt-Teintmaske, die die Haut sanft peelt und ihre Leuchtkraft steigert. NEU Die Vinoperfect Glycolic Peeling Mask ist f\u00fcr alle Frauen gedacht, die eine strahlende Haut w\u00fcnschen. In einem einzigen Schritt werden abgestorbene Zellen entfernt, die Hautstruktur verfeinert und der Teint vereinheitlicht, um die Ausstrahlung in [&hellip;]<\/p>\n","protected":false},"featured_media":19018,"template":"","meta":{"_acf_changed":false,"footnotes":""},"product_brand":[],"product_cat":[47,42,54,782],"product_tag":[],"class_list":{"0":"post-19016","1":"product","2":"type-product","3":"status-publish","4":"has-post-thumbnail","6":"product_cat-dermocosmetique","7":"product_cat-para-pharmacie","8":"product_cat-soins-du-visage","9":"product_cat-vegan","11":"first","12":"instock","13":"taxable","14":"shipping-taxable","15":"purchasable","16":"product-type-simple"},"acf":[],"_links":{"self":[{"href":"https:\/\/www.pharmacieonline.lu\/de\/wp-json\/wp\/v2\/product\/19016","targetHints":{"allow":["GET"]}}],"collection":[{"href":"https:\/\/www.pharmacieonline.lu\/de\/wp-json\/wp\/v2\/product"}],"about":[{"href":"https:\/\/www.pharmacieonline.lu\/de\/wp-json\/wp\/v2\/types\/product"}],"version-history":[{"count":0,"href":"https:\/\/www.pharmacieonline.lu\/de\/wp-json\/wp\/v2\/product\/19016\/revisions"}],"wp:featuredmedia":[{"embeddable":true,"href":"https:\/\/www.pharmacieonline.lu\/de\/wp-json\/wp\/v2\/media\/19018"}],"wp:attachment":[{"href":"https:\/\/www.pharmacieonline.lu\/de\/wp-json\/wp\/v2\/media?parent=19016"}],"wp:term":[{"taxonomy":"product_brand","embeddable":true,"href":"https:\/\/www.pharmacieonline.lu\/de\/wp-json\/wp\/v2\/product_brand?post=19016"},{"taxonomy":"product_cat","embeddable":true,"href":"https:\/\/www.pharmacieonline.lu\/de\/wp-json\/wp\/v2\/product_cat?post=19016"},{"taxonomy":"product_tag","embeddable":true,"href":"https:\/\/www.pharmacieonline.lu\/de\/wp-json\/wp\/v2\/product_tag?post=19016"}],"curies":[{"name":"wp","href":"https:\/\/api.w.org\/{rel}","templated":true}]}}