{"id":19020,"date":"2021-04-26T15:00:22","date_gmt":"2021-04-26T13:00:22","guid":{"rendered":"https:\/\/www.pharmacieonline.lu\/?post_type=product&#038;p=19020"},"modified":"2026-04-08T10:25:42","modified_gmt":"2026-04-08T08:25:42","slug":"caudalie-vinoperfect-serum-a-taches-30ml","status":"publish","type":"product","link":"https:\/\/www.pharmacieonline.lu\/de\/produit\/caudalie-vinoperfect-serum-a-taches-30ml\/","title":{"rendered":"CAUDALIE VINOPERFECT SERUM A\/TACHES 30ML"},"content":{"rendered":"<p>VINOPERFECT ANTI-SPOTS RADIANCE SERUM<br \/>\nNat\u00fcrlich wirksam gegen dunkle Flecken.<\/p>\n<p>&nbsp;<\/p>\n<p>Die Anti-Dunkelfleck-Behandlung Nr. 1 in Frankreich *, die an allen Stellen f\u00fcr alle Hauttypen wirksam ist.<\/p>\n<p>NEU<\/p>\n<p>Das Kultprodukt von Caudalie, Vinoperfect Anti-Dark Spot Radiance Serum, hat bereits Millionen von Frauen f\u00fcr seine au\u00dfergew\u00f6hnliche Anti-Dark Spot-Wirkung \u00fcberzeugt.<\/p>\n<p>Im Jahr 2021 erfindet es sich effizienter, sauberer und nat\u00fcrlicher neu. Dieses Serum korrigiert das Erscheinungsbild vorhandener Flecken und gleicht den Teint aus, um ihn heller zu machen. Es wirkt auf alle Arten von Flecken (Sonne, Akne, Melasma, Alter) und alle Arten von Haut, auch die empfindlichsten.<\/p>\n<p>Sein frischer und subtiler Duft kombiniert gr\u00fcne Noten von Zitronenbl\u00fcte, Orangenbl\u00e4ttern, Wassermelone und zerknitterter Minze.<\/p>\n<p>Caudalie verpflichtet:<br \/>\n&#8211; 100% recycelbare Verpackung aus recyceltem Glas und Kunststoff f\u00fcr ein Null-Abfall-Ziel **.<\/p>\n<p>Die Formel unseres Vinoperfect Anti-Dark Spot Radiance Serums wurde seit April 2021 verbessert. Die vor diesem Datum ver\u00f6ffentlichten Bewertungen betreffen die vorherige Formel.<\/p>\n<p>Leistungen<br \/>\nKorrigiert Flecken<br \/>\nVereinheitlicht den Teint<br \/>\nBeleuchtet<\/p>\n<p>Formel:<br \/>\nDas Herzst\u00fcck der Vinoperfect Serum-Formel ist Viniferine, Caudalies patentierter Inhaltsstoff aus Rebsaft, der eine au\u00dfergew\u00f6hnliche, 62-mal * wirksamere Anti-Flecken-Wirkung als Vitamin C bietet.<\/p>\n<p>* In-vitro-Test der Hemmwirkung von Viniferin auf Tyrosinase.<\/p>\n<p>98% der Inhaltsstoffe nat\u00fcrlichen Ursprungs.<\/p>\n<p>Unter dermatologischer Kontrolle getestet. \u00d6lfreie und nicht photosensibilisierende Formel. Geeignet f\u00fcr schwangere und stillende Frauen.<\/p>\n<p>Und wie alle Caudalie-Produkte, frei von Parabenen, Phenoxyethanol, Phthalaten, Mineral\u00f6len, PEG und Inhaltsstoffen tierischen Ursprungs.<\/p>","protected":false},"excerpt":{"rendered":"<p>VINOPERFECT ANTI-SPOTS RADIANCE SERUM Nat\u00fcrlich wirksam gegen dunkle Flecken. &nbsp; Die Anti-Dunkelfleck-Behandlung Nr. 1 in Frankreich *, die an allen Stellen f\u00fcr alle Hauttypen wirksam ist. NEU Das Kultprodukt von Caudalie, Vinoperfect Anti-Dark Spot Radiance Serum, hat bereits Millionen von Frauen f\u00fcr seine au\u00dfergew\u00f6hnliche Anti-Dark Spot-Wirkung \u00fcberzeugt. Im Jahr 2021 erfindet es sich effizienter, sauberer [&hellip;]<\/p>\n","protected":false},"featured_media":19528,"template":"","meta":{"_acf_changed":false,"footnotes":""},"product_brand":[],"product_cat":[47,42,54,782],"product_tag":[],"class_list":{"0":"post-19020","1":"product","2":"type-product","3":"status-publish","4":"has-post-thumbnail","6":"product_cat-dermocosmetique","7":"product_cat-para-pharmacie","8":"product_cat-soins-du-visage","9":"product_cat-vegan","11":"first","12":"outofstock","13":"taxable","14":"shipping-taxable","15":"purchasable","16":"product-type-simple"},"acf":[],"_links":{"self":[{"href":"https:\/\/www.pharmacieonline.lu\/de\/wp-json\/wp\/v2\/product\/19020","targetHints":{"allow":["GET"]}}],"collection":[{"href":"https:\/\/www.pharmacieonline.lu\/de\/wp-json\/wp\/v2\/product"}],"about":[{"href":"https:\/\/www.pharmacieonline.lu\/de\/wp-json\/wp\/v2\/types\/product"}],"version-history":[{"count":0,"href":"https:\/\/www.pharmacieonline.lu\/de\/wp-json\/wp\/v2\/product\/19020\/revisions"}],"wp:featuredmedia":[{"embeddable":true,"href":"https:\/\/www.pharmacieonline.lu\/de\/wp-json\/wp\/v2\/media\/19528"}],"wp:attachment":[{"href":"https:\/\/www.pharmacieonline.lu\/de\/wp-json\/wp\/v2\/media?parent=19020"}],"wp:term":[{"taxonomy":"product_brand","embeddable":true,"href":"https:\/\/www.pharmacieonline.lu\/de\/wp-json\/wp\/v2\/product_brand?post=19020"},{"taxonomy":"product_cat","embeddable":true,"href":"https:\/\/www.pharmacieonline.lu\/de\/wp-json\/wp\/v2\/product_cat?post=19020"},{"taxonomy":"product_tag","embeddable":true,"href":"https:\/\/www.pharmacieonline.lu\/de\/wp-json\/wp\/v2\/product_tag?post=19020"}],"curies":[{"name":"wp","href":"https:\/\/api.w.org\/{rel}","templated":true}]}}