{"id":19031,"date":"2021-04-26T15:15:55","date_gmt":"2021-04-26T13:15:55","guid":{"rendered":"https:\/\/www.pharmacieonline.lu\/?post_type=product&#038;p=19031"},"modified":"2026-04-06T02:25:55","modified_gmt":"2026-04-06T00:25:55","slug":"caudalie-vinoperf-cr-main-a-tache-50ml-p","status":"publish","type":"product","link":"https:\/\/www.pharmacieonline.lu\/de\/produit\/caudalie-vinoperf-cr-main-a-tache-50ml-p\/","title":{"rendered":"CAUDALIE VINOPERF CR MAIN A\/TACHE 50ML P"},"content":{"rendered":"<p>VINOPERFECT ANTI-SPOT HANDCREME<br \/>\nDer Anti-Flecken-Handexperte<\/p>\n<p>&nbsp;<\/p>\n<p>Diese Handcreme korrigiert Flecken, sch\u00fctzt und pflegt sichtbar sch\u00f6nere H\u00e4nde ohne fettige Wirkung.<\/p>\n<p>NEU<\/p>\n<p>Die speziell f\u00fcr die H\u00e4nde entwickelte Vinoperfect Anti-Dark Spot Handcreme verwischt braune Flecken sichtbar, verhindert deren Auftreten und pflegt die H\u00e4nde, ohne einen fettigen Film zu hinterlassen.<\/p>\n<p>Seine cremige Textur, sowohl fein als auch geschmeidig, umh\u00fcllt die Haut mit absolutem Komfort. Sein phyto-aromatischer Duft, frisch und subtil, kombiniert gr\u00fcne Noten von Zitronenbl\u00fcte, Orangenbl\u00e4ttern, Wassermelone und zerknitterter Minze.<\/p>\n<p>Caudalie verpflichtet:<\/p>\n<p>&#8211; 100% recycelbare Verpackung aus Glas und recyceltem Kunststoff f\u00fcr ein Null-Abfall-Ziel. *<br \/>\n&#8211; Entfernen von externen Pappkartons f\u00fcr Handcreme, wodurch unser Papierverbrauch um 976 kg reduziert wird.<\/p>\n<p>Leistungen<br \/>\nKorrigiert Flecken und verhindert deren Auftreten<br \/>\nPflegt und repariert ohne fettige Wirkung<br \/>\nZart duftend<br \/>\nFormel:<\/p>\n<p>Caudalies patentierter Inhaltsstoff aus Rebsaft ist reich an Avocado\u00f6l, Sheabutter, Extrakt aus wei\u00dfen Pfingstrosen und Viniferin und bietet eine au\u00dfergew\u00f6hnliche Anti-Flecken-Wirkung, die 62-mal * wirksamer ist als Vitamin C.<\/p>\n<p>* In-vitro-Test der Hemmwirkung von Viniferin auf Tyrosinase.<\/p>\n<p>98% der Inhaltsstoffe nat\u00fcrlichen Ursprungs.<\/p>\n<p>Dermatologisch getestet.<\/p>\n<p>Und wie alle Caudalie-Produkte frei von Parabenen, Phenoxyethanol, Phthalaten, Mineral\u00f6len, Silikonen, PEG und Inhaltsstoffen tierischen Ursprungs.<\/p>","protected":false},"excerpt":{"rendered":"<p>VINOPERFECT ANTI-SPOT HANDCREME Der Anti-Flecken-Handexperte &nbsp; Diese Handcreme korrigiert Flecken, sch\u00fctzt und pflegt sichtbar sch\u00f6nere H\u00e4nde ohne fettige Wirkung. NEU Die speziell f\u00fcr die H\u00e4nde entwickelte Vinoperfect Anti-Dark Spot Handcreme verwischt braune Flecken sichtbar, verhindert deren Auftreten und pflegt die H\u00e4nde, ohne einen fettigen Film zu hinterlassen. Seine cremige Textur, sowohl fein als auch geschmeidig, [&hellip;]<\/p>\n","protected":false},"featured_media":55346,"template":"","meta":{"_acf_changed":false,"footnotes":""},"product_brand":[],"product_cat":[47,42,764,782],"product_tag":[],"class_list":{"0":"post-19031","1":"product","2":"type-product","3":"status-publish","4":"has-post-thumbnail","6":"product_cat-dermocosmetique","7":"product_cat-para-pharmacie","8":"product_cat-soins-mains","9":"product_cat-vegan","11":"first","12":"instock","13":"taxable","14":"shipping-taxable","15":"purchasable","16":"product-type-simple"},"acf":[],"_links":{"self":[{"href":"https:\/\/www.pharmacieonline.lu\/de\/wp-json\/wp\/v2\/product\/19031","targetHints":{"allow":["GET"]}}],"collection":[{"href":"https:\/\/www.pharmacieonline.lu\/de\/wp-json\/wp\/v2\/product"}],"about":[{"href":"https:\/\/www.pharmacieonline.lu\/de\/wp-json\/wp\/v2\/types\/product"}],"version-history":[{"count":2,"href":"https:\/\/www.pharmacieonline.lu\/de\/wp-json\/wp\/v2\/product\/19031\/revisions"}],"predecessor-version":[{"id":55347,"href":"https:\/\/www.pharmacieonline.lu\/de\/wp-json\/wp\/v2\/product\/19031\/revisions\/55347"}],"wp:featuredmedia":[{"embeddable":true,"href":"https:\/\/www.pharmacieonline.lu\/de\/wp-json\/wp\/v2\/media\/55346"}],"wp:attachment":[{"href":"https:\/\/www.pharmacieonline.lu\/de\/wp-json\/wp\/v2\/media?parent=19031"}],"wp:term":[{"taxonomy":"product_brand","embeddable":true,"href":"https:\/\/www.pharmacieonline.lu\/de\/wp-json\/wp\/v2\/product_brand?post=19031"},{"taxonomy":"product_cat","embeddable":true,"href":"https:\/\/www.pharmacieonline.lu\/de\/wp-json\/wp\/v2\/product_cat?post=19031"},{"taxonomy":"product_tag","embeddable":true,"href":"https:\/\/www.pharmacieonline.lu\/de\/wp-json\/wp\/v2\/product_tag?post=19031"}],"curies":[{"name":"wp","href":"https:\/\/api.w.org\/{rel}","templated":true}]}}