{"id":1915,"date":"2020-11-25T17:27:49","date_gmt":"2020-11-25T16:27:49","guid":{"rendered":"https:\/\/www.pharmacieonline.lu\/produit\/avene-les-essentiels-gelee-gommante-75ml\/"},"modified":"2026-04-03T02:25:27","modified_gmt":"2026-04-03T00:25:27","slug":"avene-les-essentiels-gelee-gommante-75ml","status":"publish","type":"product","link":"https:\/\/www.pharmacieonline.lu\/de\/produit\/avene-les-essentiels-gelee-gommante-75ml\/","title":{"rendered":"AVENE LES ESSENTIELS GELEE GOMMANTE 75ML"},"content":{"rendered":"<p>Peelt und reinigt Ihre Haut.<\/p>\n<p>Indikation<br \/>\nDas sanfte Peeling-Gelee eignet sich besonders f\u00fcr alle Hauttypen und besonders f\u00fcr empfindliche Haut.<\/p>\n<p>Verwendung<br \/>\nAuf die feuchte Haut auftragen. Sanft einmassieren und gr\u00fcndlich aussp\u00fclen. Ein- bis zweimal pro Woche anwenden.<\/p>\n<p>Komposition<br \/>\nAVENE THERMAL SPRING WATER (AVENE AQUA); GLYCERIN; PENTYLENGLYCOL; HYDROXYETHYLACRYLAT \/ NATRIUMACRYLOYLDIMETHYLTAURAT-COPOLYMER; WASSER (AQUA); NIACINAMID; COCO-GLUCOSID; CELLULOSEACETAT; ASCORBYLPALMITAT; CETRIMONIUMBROMID; ZITRONENS\u00c4URE; COCO-GLUCOSID; DUFT (PARFUM); GLYCERYLOLEAT; HYDROGENIERTES PALMENGLYCERIDENZITRAT; JOJOBA ESTERS LECITHIN; POLYSORBAT 60; ROT 30 (CI 73360); Natriumsalicylat; SORBITAN ISOSTEARATE TALC; TOCOPHEROL; TRISODIUMETHYLENDIAMIN DISUCCINATE; ZINKGLUCONAT<\/p>","protected":false},"excerpt":{"rendered":"<p>Peelt und reinigt Ihre Haut. Indikation Das sanfte Peeling-Gelee eignet sich besonders f\u00fcr alle Hauttypen und besonders f\u00fcr empfindliche Haut. Verwendung Auf die feuchte Haut auftragen. Sanft einmassieren und gr\u00fcndlich aussp\u00fclen. Ein- bis zweimal pro Woche anwenden. Komposition AVENE THERMAL SPRING WATER (AVENE AQUA); GLYCERIN; PENTYLENGLYCOL; HYDROXYETHYLACRYLAT \/ NATRIUMACRYLOYLDIMETHYLTAURAT-COPOLYMER; WASSER (AQUA); NIACINAMID; COCO-GLUCOSID; CELLULOSEACETAT; ASCORBYLPALMITAT; [&hellip;]<\/p>\n","protected":false},"featured_media":3038,"template":"","meta":{"_acf_changed":false,"footnotes":""},"product_brand":[],"product_cat":[47,42,54],"product_tag":[],"class_list":{"0":"post-1915","1":"product","2":"type-product","3":"status-publish","4":"has-post-thumbnail","6":"product_cat-dermocosmetique","7":"product_cat-para-pharmacie","8":"product_cat-soins-du-visage","10":"first","11":"outofstock","12":"taxable","13":"shipping-taxable","14":"purchasable","15":"product-type-simple"},"acf":[],"_links":{"self":[{"href":"https:\/\/www.pharmacieonline.lu\/de\/wp-json\/wp\/v2\/product\/1915","targetHints":{"allow":["GET"]}}],"collection":[{"href":"https:\/\/www.pharmacieonline.lu\/de\/wp-json\/wp\/v2\/product"}],"about":[{"href":"https:\/\/www.pharmacieonline.lu\/de\/wp-json\/wp\/v2\/types\/product"}],"version-history":[{"count":0,"href":"https:\/\/www.pharmacieonline.lu\/de\/wp-json\/wp\/v2\/product\/1915\/revisions"}],"wp:featuredmedia":[{"embeddable":true,"href":"https:\/\/www.pharmacieonline.lu\/de\/wp-json\/wp\/v2\/media\/3038"}],"wp:attachment":[{"href":"https:\/\/www.pharmacieonline.lu\/de\/wp-json\/wp\/v2\/media?parent=1915"}],"wp:term":[{"taxonomy":"product_brand","embeddable":true,"href":"https:\/\/www.pharmacieonline.lu\/de\/wp-json\/wp\/v2\/product_brand?post=1915"},{"taxonomy":"product_cat","embeddable":true,"href":"https:\/\/www.pharmacieonline.lu\/de\/wp-json\/wp\/v2\/product_cat?post=1915"},{"taxonomy":"product_tag","embeddable":true,"href":"https:\/\/www.pharmacieonline.lu\/de\/wp-json\/wp\/v2\/product_tag?post=1915"}],"curies":[{"name":"wp","href":"https:\/\/api.w.org\/{rel}","templated":true}]}}