{"id":1917,"date":"2020-11-25T17:27:50","date_gmt":"2020-11-25T16:27:50","guid":{"rendered":"https:\/\/www.pharmacieonline.lu\/produit\/uriage-xemose-huile-lavante-apais-500-ml\/"},"modified":"2026-04-02T22:25:50","modified_gmt":"2026-04-02T20:25:50","slug":"uriage-xemose-huile-lavante-apais-500-ml","status":"publish","type":"product","link":"https:\/\/www.pharmacieonline.lu\/de\/produit\/uriage-xemose-huile-lavante-apais-500-ml\/","title":{"rendered":"URIAGE XEMOSE HUILE LAVANTE APAIS 500 ML"},"content":{"rendered":"<p>X\u00c9MOSE Beruhigendes Reinigungs\u00f6l<\/p>\n<p>DUSCH- UND BADWASCH\u00d6L<\/p>\n<p>Dieses Wasch\u00f6l sch\u00fctzt vor Hauttrockenheit und lindert Juckreiz. Sein feiner und extra weicher Schaum bietet sofortigen und dauerhaften Komfort f\u00fcr trockene bis sehr trockene Haut.<\/p>\n<p>Indikation<br \/>\nN\u00e4hrt<\/p>\n<p>Xemose\u00f6l hinterl\u00e4sst dank seiner hohen Glycerinkonzentration einen nicht fettenden Schutzfilm, der die Haut vor \u00e4u\u00dferen Einfl\u00fcssen sch\u00fctzt.<\/p>\n<p>Beruhigt<br \/>\nAngereichert mit Sheabutter lindert und lindert es Juckreiz, Engegef\u00fchl und Unbehagen.<\/p>\n<p>Verwenden<br \/>\nAuf nasse Haut auftragen und aufsch\u00e4umen, absp\u00fclen und schonend trocknen<\/p>\n<p>Komposition<br \/>\nAktive Substanzen<br \/>\nGlyzerin<br \/>\nShea Butter<br \/>\nOhne Seife<br \/>\nOhne Parf\u00fcm<br \/>\nHypoallergen<\/p>","protected":false},"excerpt":{"rendered":"<p>X\u00c9MOSE Beruhigendes Reinigungs\u00f6l DUSCH- UND BADWASCH\u00d6L Dieses Wasch\u00f6l sch\u00fctzt vor Hauttrockenheit und lindert Juckreiz. Sein feiner und extra weicher Schaum bietet sofortigen und dauerhaften Komfort f\u00fcr trockene bis sehr trockene Haut. Indikation N\u00e4hrt Xemose\u00f6l hinterl\u00e4sst dank seiner hohen Glycerinkonzentration einen nicht fettenden Schutzfilm, der die Haut vor \u00e4u\u00dferen Einfl\u00fcssen sch\u00fctzt. Beruhigt Angereichert mit Sheabutter lindert [&hellip;]<\/p>\n","protected":false},"featured_media":2970,"template":"","meta":{"_acf_changed":false,"footnotes":""},"product_brand":[],"product_cat":[47,42,112],"product_tag":[],"class_list":{"0":"post-1917","1":"product","2":"type-product","3":"status-publish","4":"has-post-thumbnail","6":"product_cat-dermocosmetique","7":"product_cat-para-pharmacie","8":"product_cat-douche-bain","10":"first","11":"instock","12":"taxable","13":"shipping-taxable","14":"purchasable","15":"product-type-simple"},"acf":[],"_links":{"self":[{"href":"https:\/\/www.pharmacieonline.lu\/de\/wp-json\/wp\/v2\/product\/1917","targetHints":{"allow":["GET"]}}],"collection":[{"href":"https:\/\/www.pharmacieonline.lu\/de\/wp-json\/wp\/v2\/product"}],"about":[{"href":"https:\/\/www.pharmacieonline.lu\/de\/wp-json\/wp\/v2\/types\/product"}],"version-history":[{"count":0,"href":"https:\/\/www.pharmacieonline.lu\/de\/wp-json\/wp\/v2\/product\/1917\/revisions"}],"wp:featuredmedia":[{"embeddable":true,"href":"https:\/\/www.pharmacieonline.lu\/de\/wp-json\/wp\/v2\/media\/2970"}],"wp:attachment":[{"href":"https:\/\/www.pharmacieonline.lu\/de\/wp-json\/wp\/v2\/media?parent=1917"}],"wp:term":[{"taxonomy":"product_brand","embeddable":true,"href":"https:\/\/www.pharmacieonline.lu\/de\/wp-json\/wp\/v2\/product_brand?post=1917"},{"taxonomy":"product_cat","embeddable":true,"href":"https:\/\/www.pharmacieonline.lu\/de\/wp-json\/wp\/v2\/product_cat?post=1917"},{"taxonomy":"product_tag","embeddable":true,"href":"https:\/\/www.pharmacieonline.lu\/de\/wp-json\/wp\/v2\/product_tag?post=1917"}],"curies":[{"name":"wp","href":"https:\/\/api.w.org\/{rel}","templated":true}]}}