{"id":1952,"date":"2020-11-25T17:27:50","date_gmt":"2020-11-25T16:27:50","guid":{"rendered":"https:\/\/www.pharmacieonline.lu\/produit\/nuxe-huile-prodigieuse-or-vapo-100-ml-nf\/"},"modified":"2026-04-02T15:55:47","modified_gmt":"2026-04-02T13:55:47","slug":"nuxe-huile-prodigieuse-or-vapo-100-ml-nf","status":"publish","type":"product","link":"https:\/\/www.pharmacieonline.lu\/de\/produit\/nuxe-huile-prodigieuse-or-vapo-100-ml-nf\/","title":{"rendered":"NUXE HUILE PRODIGIEUSE OR VAPO 100 ML NF"},"content":{"rendered":"<p>MULTI-PURPOSE DRY GLITTER OIL &#8211; N\u00c4HRUNGEN, WEICHE UND BELEUCHTUNGEN<\/p>\n<p>Gesicht, K\u00f6rper, Haare<\/p>\n<p>Die spangled Version von Huile prodigieuse\u00ae pflegt, erweicht und beleuchtet dank ihrer sehr feinen perlmuttfarbenen mineralischen Herkunft in einer sinnlichen Geste Haut und Haar. Die Textur des trockenen \u00d6ls ist einzigartig und sein bezaubernder Duft.<\/p>\n<p>Verwendung<br \/>\nVerwenden Sie Huile prodigieuse\u00ae oder das ganze Jahr \u00fcber, Winter und Sommer, f\u00fcr Gesicht, K\u00f6rper und Haare.<\/p>\n<p>Tragen Sie das Glitter Dry Oil auf Gesicht und K\u00f6rper auf, um die Haut zu pflegen, zu erweichen und zu satinieren.<\/p>\n<p>Tragen Sie es auf den K\u00f6rper auf, um einen auff\u00e4lligen Ausschnitt und Beine zu erhalten, und auf das Haar, um das Haar zu beleuchten.<\/p>\n<p>Mischen Sie in Ihrer Handfl\u00e4che ein paar Tropfen Huile prodigieuse\u00ae oder mit Ihrer Grundierung, um einen schillernden Effekt zu erzielen.<\/p>\n<p>Wenn der Sommer n\u00e4her r\u00fcckt, mischen Sie in Ihrer Handfl\u00e4che ein paar Tropfen trockenes \u00d6l mit Ihrer NUXE Body 24H Moisturizing Fluid Body Lotion f\u00fcr vertr\u00e4umte Beine.<\/p>\n<p>Massieren Sie die Huile prodigieuse\u00ae oder Ihre Beine von unten nach oben, um das Licht einzufangen und ihnen einen satinierten Glanz zu verleihen, wie ein Seidenstrumpf.<\/p>\n<p>Ein Hauch von glitzerndem trockenem \u00d6l verleiht Ihrem Gesicht Glanz und Licht.<\/p>\n<p>Komposition<br \/>\nEnth\u00e4lt 95,5% Inhaltsstoffe nat\u00fcrlichen Ursprungs<br \/>\nHauptwirkstoffe nat\u00fcrlichen Ursprungs:<br \/>\nS\u00fc\u00dfes Mandel\u00f6l<br \/>\nKamelien\u00f6l<br \/>\nBorretsch\u00f6l<br \/>\nMuttern\u00f6l<br \/>\nMacadamia-\u00d6l<br \/>\nArgan\u00f6l<br \/>\nTsubaki-\u00d6l<br \/>\nGoldene Perlen<\/p>\n<p>Einzigartige trockene Textur ohne Silikon, angereichert mit goldenen Perlen f\u00fcr einen Lichteffekt. Mythischer s\u00fcchtig machender Duft mit Noten von Orangenbl\u00fcte, Magnolie und Vanille.<\/p>\n<p>COCO-CAPRYLAT \/ CAPRAT, MACADAMIA INTEGRIFOLIA-SAMEN\u00d6L, DICAPRYLYLETHER, CAPRYL \/ CAPRIC-TRIGLYCERID, PRUNUS AMYGDALUS DULCIS (S\u00dcSSE MANDEL) \u00d6L, CORYLUS AVELLANA (HAZEL) SAMEN\u00d6L, KAMILIEN JAPONICA Samen\u00f6l, Tocopherol, CI 77891 \/ TITANIUM DIOXIDE, Argania Spinosa Kernel Oil, Borago officinalis Samen\u00f6l, CI 77491 \/ Eisenoxiden Tocopherylacetat, Helianthus annuus (SUNFLOWOWER RIVEROSINALISALISALISALISALIS-LEGARY \u00d6L, RUNFLOWER RIVEROS-Extractio-Extractio), Helianthus annuus (SUNFLOWEROFFOWER) ROSALISALISALISALIS, ROSELERY, 3-RACCALIS, ROSELERY, ROSELERY, ROSELERY, RACINALYL ACET DIISOSTEARAT, ASCORBINS\u00c4URE, SOLANUM LYCOPERSICUM (TOMATEN) FRUCHTExtrakt, BENZYL SALICYLAT, LINALOOL, LIMONEN, CITRONELLOL, GERANIOL, BENZYLALKOHOL [N2213 \/ A].<\/p>","protected":false},"excerpt":{"rendered":"<p>MULTI-PURPOSE DRY GLITTER OIL &#8211; N\u00c4HRUNGEN, WEICHE UND BELEUCHTUNGEN Gesicht, K\u00f6rper, Haare Die spangled Version von Huile prodigieuse\u00ae pflegt, erweicht und beleuchtet dank ihrer sehr feinen perlmuttfarbenen mineralischen Herkunft in einer sinnlichen Geste Haut und Haar. Die Textur des trockenen \u00d6ls ist einzigartig und sein bezaubernder Duft. Verwendung Verwenden Sie Huile prodigieuse\u00ae oder das ganze [&hellip;]<\/p>\n","protected":false},"featured_media":3006,"template":"","meta":{"_acf_changed":false,"footnotes":""},"product_brand":[],"product_cat":[47,42,54,56,782],"product_tag":[822],"class_list":{"0":"post-1952","1":"product","2":"type-product","3":"status-publish","4":"has-post-thumbnail","6":"product_cat-dermocosmetique","7":"product_cat-para-pharmacie","8":"product_cat-soins-du-visage","9":"product_cat-soins-du-corps","10":"product_cat-vegan","11":"product_tag-nuxe-promo","13":"first","14":"outofstock","15":"taxable","16":"shipping-taxable","17":"purchasable","18":"product-type-simple"},"acf":[],"_links":{"self":[{"href":"https:\/\/www.pharmacieonline.lu\/de\/wp-json\/wp\/v2\/product\/1952","targetHints":{"allow":["GET"]}}],"collection":[{"href":"https:\/\/www.pharmacieonline.lu\/de\/wp-json\/wp\/v2\/product"}],"about":[{"href":"https:\/\/www.pharmacieonline.lu\/de\/wp-json\/wp\/v2\/types\/product"}],"version-history":[{"count":0,"href":"https:\/\/www.pharmacieonline.lu\/de\/wp-json\/wp\/v2\/product\/1952\/revisions"}],"wp:featuredmedia":[{"embeddable":true,"href":"https:\/\/www.pharmacieonline.lu\/de\/wp-json\/wp\/v2\/media\/3006"}],"wp:attachment":[{"href":"https:\/\/www.pharmacieonline.lu\/de\/wp-json\/wp\/v2\/media?parent=1952"}],"wp:term":[{"taxonomy":"product_brand","embeddable":true,"href":"https:\/\/www.pharmacieonline.lu\/de\/wp-json\/wp\/v2\/product_brand?post=1952"},{"taxonomy":"product_cat","embeddable":true,"href":"https:\/\/www.pharmacieonline.lu\/de\/wp-json\/wp\/v2\/product_cat?post=1952"},{"taxonomy":"product_tag","embeddable":true,"href":"https:\/\/www.pharmacieonline.lu\/de\/wp-json\/wp\/v2\/product_tag?post=1952"}],"curies":[{"name":"wp","href":"https:\/\/api.w.org\/{rel}","templated":true}]}}