{"id":1961,"date":"2020-11-25T17:27:50","date_gmt":"2020-11-25T16:27:50","guid":{"rendered":"https:\/\/www.pharmacieonline.lu\/produit\/vichy-neovadiol-rose-platinum-jour-50-ml\/"},"modified":"2026-04-03T09:55:28","modified_gmt":"2026-04-03T07:55:28","slug":"vichy-neovadiol-rose-platinum-jour-50-ml","status":"publish","type":"product","link":"https:\/\/www.pharmacieonline.lu\/de\/produit\/vichy-neovadiol-rose-platinum-jour-50-ml\/","title":{"rendered":"VICHY NEOVADIOL ROSE PLATINUM JOUR 50 ML"},"content":{"rendered":"<p>Nach 60 Jahren wird die Haut d\u00fcnner und sackt ab. Ergebnis: Die Haut verliert ihre Vitalit\u00e4t und ihre nat\u00fcrliche Ausstrahlung. Neovadiol Rose Platinium verleiht Ihrer Haut sofort einen rosigen Schimmer, erfrischt und st\u00e4rkt sie, stellt die Vitalit\u00e4t und sogar den Teint wieder her und zeigt einen rosigen Schimmer voller Gesundheit.<\/p>\n<p>Indikation<br \/>\nHAUTTYP<br \/>\nEmpfindlich gegen\u00fcber sehr empfindlicher Haut<\/p>\n<p>VORTEILE<br \/>\nSt\u00e4rkung und Wiederbelebung<\/p>\n<p>Anwendung<br \/>\nJeden Morgen gleichm\u00e4\u00dfig auf die Haut im ganzen Gesicht auftragen. Kann auch zweimal t\u00e4glich morgens und abends angewendet werden.<\/p>\n<p>Komposition<br \/>\nEinzelheiten<br \/>\nUnter dermatologischer Kontrolle getestet. Hypoallergen.<\/p>\n<p>Komposition<br \/>\nAQUA \/ WASSER &#8211; GLYCERIN &#8211; ALKOHOL DENAT. &#8211; DIMETHICONE &#8211; Paraffinum Liquidum \/ MINERAL OIL &#8211; BUTYROSPERMUM PARKII BUTTER \/ SHEABUTTER &#8211; BIS-BEHENYL \/ Isostearyl \/ PHYTOSTERYL DIMER Dilinoleyl DIMER Dilinoleat &#8211; C30-45 ALKYL DIMETHIC \/ \u00d6L-RICE &#8211; \u00d6l-BUTTER-BEHENYL \/ PHYTOSTERYL Dilinoleyl DIMER-Dilinoleat &#8211; C30-45 ALKYZ &#8211; \u00d6l-OIL &#8211; \u00d6l-Reis &#8211; OILZA-OILZA &#8211; OILZA-OIL 20 ZINNOXID &#8211; PEG-100-STEARAT &#8211; PEG-30-DIPOLYHYDROXYSTEARAT &#8211; CI 77491 \/ EISENOXIDE &#8211; CI 77891 \/ TITAN-DIOXID &#8211; CERA MICROCRISTALLINA \/ MIKROCRYSTALLINWACHS &#8211; STEARYLALKOHA &#8211; PARAX &#8211; PCA &#8211; Trideceth-6 &#8211; Natriumphytat &#8211; Natriumhyaluronat &#8211; 2-oleamido-1,3-Octadecandiol &#8211; PHENOXYETHANOL &#8211; AMMONIUM POLYACRYLOYLDIMETHYL Taurate &#8211; TOCOPHEROL &#8211; HYDROGENATED POLYLICIDO-1, 3-Octadecandiol &#8211; PHENOXYETHANOL &#8211; AMMONIUM POLYACRYLOYLDIMETHYL Taurate &#8211; TOCOPHEROL &#8211; HYDROGENATED POLYISUTILERY -Tocopherol &#8211; TOCOPHEROL &#8211; HYDROGENATED POLYISUTHELERY-ACTRYLOGENATED POLYLICUTHELERY-TILO-TUTILERY &#8211; TRIYLICUTRA-TUTILERY-TUTILERY-TIL, TANK-TANK-TUTILERY-TUTILERY-TUTILERY-TUTILERY-TUTILERY-TUTILERY-TIL, UTILICITY SALVETOXYETHANOL BUTYLHYDROXYHYDROCINNAMAT &#8211; T-BUTYLALKOHOL &#8211; FAEX-EXTRAKT \/ YEAST-EXTRAKT &#8211; OCTYLDODECANOL &#8211; CETYLPALMITAT &#8211; ACRYLATE \/ C10-30-ALKYLACRYLAT-CROSSPOLYMER &#8211; ETHYLHEXYLGLY IN &#8211; PARFUM \/ DUFT<\/p>","protected":false},"excerpt":{"rendered":"<p>Nach 60 Jahren wird die Haut d\u00fcnner und sackt ab. Ergebnis: Die Haut verliert ihre Vitalit\u00e4t und ihre nat\u00fcrliche Ausstrahlung. Neovadiol Rose Platinium verleiht Ihrer Haut sofort einen rosigen Schimmer, erfrischt und st\u00e4rkt sie, stellt die Vitalit\u00e4t und sogar den Teint wieder her und zeigt einen rosigen Schimmer voller Gesundheit. Indikation HAUTTYP Empfindlich gegen\u00fcber sehr [&hellip;]<\/p>\n","protected":false},"featured_media":3013,"template":"","meta":{"_acf_changed":false,"footnotes":""},"product_brand":[],"product_cat":[47,42,54],"product_tag":[],"class_list":{"0":"post-1961","1":"product","2":"type-product","3":"status-publish","4":"has-post-thumbnail","6":"product_cat-dermocosmetique","7":"product_cat-para-pharmacie","8":"product_cat-soins-du-visage","10":"first","11":"instock","12":"taxable","13":"shipping-taxable","14":"purchasable","15":"product-type-simple"},"acf":[],"_links":{"self":[{"href":"https:\/\/www.pharmacieonline.lu\/de\/wp-json\/wp\/v2\/product\/1961","targetHints":{"allow":["GET"]}}],"collection":[{"href":"https:\/\/www.pharmacieonline.lu\/de\/wp-json\/wp\/v2\/product"}],"about":[{"href":"https:\/\/www.pharmacieonline.lu\/de\/wp-json\/wp\/v2\/types\/product"}],"version-history":[{"count":0,"href":"https:\/\/www.pharmacieonline.lu\/de\/wp-json\/wp\/v2\/product\/1961\/revisions"}],"wp:featuredmedia":[{"embeddable":true,"href":"https:\/\/www.pharmacieonline.lu\/de\/wp-json\/wp\/v2\/media\/3013"}],"wp:attachment":[{"href":"https:\/\/www.pharmacieonline.lu\/de\/wp-json\/wp\/v2\/media?parent=1961"}],"wp:term":[{"taxonomy":"product_brand","embeddable":true,"href":"https:\/\/www.pharmacieonline.lu\/de\/wp-json\/wp\/v2\/product_brand?post=1961"},{"taxonomy":"product_cat","embeddable":true,"href":"https:\/\/www.pharmacieonline.lu\/de\/wp-json\/wp\/v2\/product_cat?post=1961"},{"taxonomy":"product_tag","embeddable":true,"href":"https:\/\/www.pharmacieonline.lu\/de\/wp-json\/wp\/v2\/product_tag?post=1961"}],"curies":[{"name":"wp","href":"https:\/\/api.w.org\/{rel}","templated":true}]}}