{"id":1973,"date":"2020-11-25T17:27:51","date_gmt":"2020-11-25T16:27:51","guid":{"rendered":"https:\/\/www.pharmacieonline.lu\/produit\/perdolan-enf-32-mg-ml-sir-200-ml-96145\/"},"modified":"2026-04-02T17:55:43","modified_gmt":"2026-04-02T15:55:43","slug":"perdolan-enf-32-mg-ml-sir-200-ml-96145","status":"publish","type":"product","link":"https:\/\/www.pharmacieonline.lu\/de\/produit\/perdolan-enf-32-mg-ml-sir-200-ml-96145\/","title":{"rendered":"PERDOLAN ENF 32 MG\/ML SIR 200 ML   96145"},"content":{"rendered":"<p>Die normale orale Dosis f\u00fcr Kinder betr\u00e4gt 15 mg \/ kg pro Verabreichung bis zu<br \/>\nmaximal 4 mal am Tag. Die maximalen Gesamtdosen betragen 15 mg \/ kg pro Dosis und 60 mg \/ kg \/ Tag.<br \/>\nDas \u00fcbliche Intervall zwischen zwei Verabreichungen betr\u00e4gt mindestens 4 Stunden.<\/p>\n<p>&nbsp;<\/p>\n<p>Anweisungen zum \u00d6ffnen der Flasche und Verwenden der Pipette:<br \/>\n1. Sch\u00fctteln Sie die Flasche vor jedem Gebrauch.<br \/>\n2. Das Fl\u00e4schchen sollte wie folgt ge\u00f6ffnet werden: Dr\u00fccken Sie die Plastikschraubkappe hinein, w\u00e4hrend Sie sie aufbewahren<br \/>\ngegen den Uhrzeigersinn drehen.<br \/>\nF\u00fchren Sie die Pipette in das Fl\u00e4schchen ein.<br \/>\n3. Halten Sie den unteren Ring der Pipette fest. Saugen Sie die Fl\u00fcssigkeit durch Ziehen am Ring in die Pipette<br \/>\nh\u00f6her bis zum Abschluss entsprechend dem Gewicht des Kindes in Kilo (au\u00dfer Rezept)<br \/>\nanders als der Arzt).<br \/>\n4. Entfernen Sie die Pipette vollst\u00e4ndig aus dem Fl\u00e4schchen.<br \/>\n5. Leeren Sie die Pipette in eine kleine Menge Getr\u00e4nk, indem Sie den oberen Ring nach unten dr\u00fccken.<br \/>\n6. Reinigen Sie die Pipette mit Wasser. Verschlie\u00dfen Sie die Flasche mit dem Plastikschraubverschluss.<\/p>","protected":false},"excerpt":{"rendered":"<p class=\"qtranxs-available-languages-message qtranxs-available-languages-message-de\">\n<p>Perdolan est indiqu\u00e9 pour soulager la douleur et la fi\u00e8vre.<br \/>\nVous devez vous adresser \u00e0 votre m\u00e9decin si vous ne ressentez aucune am\u00e9lioration ou si vous vous<br \/>\nsentez moins bien apr\u00e8s 3 jours.<\/p>\n","protected":false},"featured_media":2930,"template":"","meta":{"_acf_changed":false,"footnotes":""},"product_brand":[],"product_cat":[43,94,93,86],"product_tag":[],"class_list":{"0":"post-1973","1":"product","2":"type-product","3":"status-publish","4":"has-post-thumbnail","6":"product_cat-medicaments-en-vente-libre","7":"product_cat-maux","8":"product_cat-fievre","9":"product_cat-grippe","11":"first","12":"instock","13":"taxable","14":"shipping-taxable","15":"purchasable","16":"product-type-simple"},"acf":[],"_links":{"self":[{"href":"https:\/\/www.pharmacieonline.lu\/de\/wp-json\/wp\/v2\/product\/1973","targetHints":{"allow":["GET"]}}],"collection":[{"href":"https:\/\/www.pharmacieonline.lu\/de\/wp-json\/wp\/v2\/product"}],"about":[{"href":"https:\/\/www.pharmacieonline.lu\/de\/wp-json\/wp\/v2\/types\/product"}],"version-history":[{"count":0,"href":"https:\/\/www.pharmacieonline.lu\/de\/wp-json\/wp\/v2\/product\/1973\/revisions"}],"wp:featuredmedia":[{"embeddable":true,"href":"https:\/\/www.pharmacieonline.lu\/de\/wp-json\/wp\/v2\/media\/2930"}],"wp:attachment":[{"href":"https:\/\/www.pharmacieonline.lu\/de\/wp-json\/wp\/v2\/media?parent=1973"}],"wp:term":[{"taxonomy":"product_brand","embeddable":true,"href":"https:\/\/www.pharmacieonline.lu\/de\/wp-json\/wp\/v2\/product_brand?post=1973"},{"taxonomy":"product_cat","embeddable":true,"href":"https:\/\/www.pharmacieonline.lu\/de\/wp-json\/wp\/v2\/product_cat?post=1973"},{"taxonomy":"product_tag","embeddable":true,"href":"https:\/\/www.pharmacieonline.lu\/de\/wp-json\/wp\/v2\/product_tag?post=1973"}],"curies":[{"name":"wp","href":"https:\/\/api.w.org\/{rel}","templated":true}]}}