{"id":1978,"date":"2020-11-25T17:27:51","date_gmt":"2020-11-25T16:27:51","guid":{"rendered":"https:\/\/www.pharmacieonline.lu\/produit\/magnesis-trenker-30-caps\/"},"modified":"2026-04-23T08:25:23","modified_gmt":"2026-04-23T06:25:23","slug":"magnesis-trenker-30-caps","status":"publish","type":"product","link":"https:\/\/www.pharmacieonline.lu\/de\/produit\/magnesis-trenker-30-caps\/","title":{"rendered":"MAGNESIS TRENKER 30 CAPS"},"content":{"rendered":"<p>MAGNESIUM DER NEUESTEN GENERATION<\/p>\n<p>Magnesium ist ein Mineral, das f\u00fcr das reibungslose Funktionieren des K\u00f6rpers unerl\u00e4sslich ist. Es ist an vielen lebenswichtigen Funktionen beteiligt, beispielsweise an der ordnungsgem\u00e4\u00dfen Funktion von Muskeln und Nerven.<\/p>\n<p>Wir k\u00f6nnen nicht das Magnesium produzieren, das wir brauchen, weshalb die Aufnahme \u00fcber die Nahrung unerl\u00e4sslich ist. Bestimmte Situationen wie Schwangerschaft, sportliche Aktivit\u00e4t oder Stresssituationen k\u00f6nnen einen erh\u00f6hten Magnesiumbedarf verursachen.<\/p>\n<p>Indikation<br \/>\nMagnesis TRENKER enth\u00e4lt ein Magnesiumoxid-Liposom, das den Schutz des Magnesiums w\u00e4hrend des Durchgangs des Magens und der Verdauung seiner Magens\u00e4fte erm\u00f6glicht. Diese besondere Struktur vermeidet jede Reaktion mit der Darmwand und erm\u00f6glicht eine direkte Absorption in den Blutkreislauf.<\/p>\n<p>Dar\u00fcber hinaus kombiniert Magnesis TRENKER die Wirksamkeit von liposomalem Magnesium mit allen B-Vitaminen in nat\u00fcrlicher Form. Sie werden in Synergie f\u00fcr eine umfassendere Aktion handeln, die es erm\u00f6glicht, einen Beitrag zu leisten f\u00fcr:<\/p>\n<p>Reduzierte Erm\u00fcdung\u00b9.<br \/>\nNormale intellektuelle Leistung (Stressresistenz) \u00b2.<br \/>\nNormale Funktion der Muskeln, einschlie\u00dflich des Herzens\u00b9.<br \/>\nNormale Funktion der Nerven\u00b9.<br \/>\nGesunde Knochen erhalten.<br \/>\nDas Wachstum von m\u00fctterlichem Gewebe w\u00e4hrend der Schwangerschaft\u00b3.<br \/>\nEine gute Funktion des Immunsystems 4.<\/p>\n<p>\u00b9 Magnesium reduziert M\u00fcdigkeit, die Funktion des Nervensystems (Nerven\u00fcbertragung), die Erhaltung gesunder Knochen und die normale Muskelfunktion (Muskelkontraktion).<\/p>\n<p>\u00b2 Vitamin B5 hilft bei der Wiederherstellung der normalen geistigen Leistungsf\u00e4higkeit. Vitamin B5 spielt eine Rolle in allen Zellen, einschlie\u00dflich der Gehirn- und Nervenzellen.<\/p>\n<p>\u00b3 Vitamin B9 tr\u00e4gt zum Wachstum des m\u00fctterlichen Gewebes w\u00e4hrend der Schwangerschaft bei.<\/p>\n<p>4 Vitamin B6 tr\u00e4gt zur Funktion des Immunsystems bei.<\/p>\n<p>Verwendung<br \/>\n1 bis 2 Kapseln pro Tag mit einem Glas Wasser einnehmen.<\/p>\n<p>Komposition<br \/>\n150 mg liposomales Magnesium<br \/>\n50% AR an B-Vitaminen (B1, B2, B3, B5, B6, B8, B9 und B12)<\/p>\n<p>Der Trenker-Vorteil:<\/p>\n<p>Magnesis TRENKER enth\u00e4lt ein liposomales Magnesium der neuesten Generation, das eine gute Magnesiumkonzentration, au\u00dfergew\u00f6hnliche Bioverf\u00fcgbarkeit und ausgezeichnete Vertr\u00e4glichkeit kombiniert.<\/p>","protected":false},"excerpt":{"rendered":"<p>MAGNESIUM DER NEUESTEN GENERATION Magnesium ist ein Mineral, das f\u00fcr das reibungslose Funktionieren des K\u00f6rpers unerl\u00e4sslich ist. Es ist an vielen lebenswichtigen Funktionen beteiligt, beispielsweise an der ordnungsgem\u00e4\u00dfen Funktion von Muskeln und Nerven. Wir k\u00f6nnen nicht das Magnesium produzieren, das wir brauchen, weshalb die Aufnahme \u00fcber die Nahrung unerl\u00e4sslich ist. Bestimmte Situationen wie Schwangerschaft, sportliche [&hellip;]<\/p>\n","protected":false},"featured_media":2952,"template":"","meta":{"_acf_changed":false,"footnotes":""},"product_brand":[],"product_cat":[42,766,953],"product_tag":[],"class_list":{"0":"post-1978","1":"product","2":"type-product","3":"status-publish","4":"has-post-thumbnail","6":"product_cat-para-pharmacie","7":"product_cat-vitamines","8":"product_cat-complements-alimentaires","10":"first","11":"instock","12":"taxable","13":"shipping-taxable","14":"purchasable","15":"product-type-simple"},"acf":[],"_links":{"self":[{"href":"https:\/\/www.pharmacieonline.lu\/de\/wp-json\/wp\/v2\/product\/1978","targetHints":{"allow":["GET"]}}],"collection":[{"href":"https:\/\/www.pharmacieonline.lu\/de\/wp-json\/wp\/v2\/product"}],"about":[{"href":"https:\/\/www.pharmacieonline.lu\/de\/wp-json\/wp\/v2\/types\/product"}],"version-history":[{"count":0,"href":"https:\/\/www.pharmacieonline.lu\/de\/wp-json\/wp\/v2\/product\/1978\/revisions"}],"wp:featuredmedia":[{"embeddable":true,"href":"https:\/\/www.pharmacieonline.lu\/de\/wp-json\/wp\/v2\/media\/2952"}],"wp:attachment":[{"href":"https:\/\/www.pharmacieonline.lu\/de\/wp-json\/wp\/v2\/media?parent=1978"}],"wp:term":[{"taxonomy":"product_brand","embeddable":true,"href":"https:\/\/www.pharmacieonline.lu\/de\/wp-json\/wp\/v2\/product_brand?post=1978"},{"taxonomy":"product_cat","embeddable":true,"href":"https:\/\/www.pharmacieonline.lu\/de\/wp-json\/wp\/v2\/product_cat?post=1978"},{"taxonomy":"product_tag","embeddable":true,"href":"https:\/\/www.pharmacieonline.lu\/de\/wp-json\/wp\/v2\/product_tag?post=1978"}],"curies":[{"name":"wp","href":"https:\/\/api.w.org\/{rel}","templated":true}]}}