{"id":19802,"date":"2021-07-02T13:33:24","date_gmt":"2021-07-02T11:33:24","guid":{"rendered":"https:\/\/www.pharmacieonline.lu\/?post_type=product&#038;p=19802"},"modified":"2026-04-09T16:25:14","modified_gmt":"2026-04-09T14:25:14","slug":"caudalie-vinoclean-mousse-nett-2x150ml","status":"publish","type":"product","link":"https:\/\/www.pharmacieonline.lu\/de\/produit\/caudalie-vinoclean-mousse-nett-2x150ml\/","title":{"rendered":"CAUDALIE VINOCLEAN MOUSSE NETT 2X150ML"},"content":{"rendered":"<p>WEINBL\u00dcTEN-REINIGUNGSSCHAUM DUO<br \/>\nBESCHREIBUNG<\/p>\n<p>SONDERANGEBOT: 1 gekauft, der zweite bei -50%.<\/p>\n<p>Unsere Make-up-Entferner werden \u00fcberarbeitet und werden zu VINOCLEAN, einer neuen Reihe umweltfreundlicher Reinigungsmittel mit veganen und hochnat\u00fcrlichen Formeln.<\/p>\n<p>Diese kristalline Lotion verwandelt sich in einen Luftschaum f\u00fcr eine sanfte Reinigung. Ohne Seife respektiert es das nat\u00fcrliche Gleichgewicht der Haut, die Klarheit, Weichheit und Komfort zur\u00fcckgewinnt.<\/p>\n<p>Sein Weinbl\u00fctenduft kombiniert blumige Noten von Rose, wei\u00dfem Holz, Wassermelone, Veilchenbl\u00e4ttern und rosa Pfeffer.<\/p>\n<p>Leistungen<br \/>\nReinigt und reinigt sanft<br \/>\nBringt Glanz und Komfort<br \/>\nMacht die Haut weich und frisch<br \/>\nFormel :<\/p>\n<p>97% der Inhaltsstoffe nat\u00fcrlichen Ursprungs.<\/p>\n<p>Seifenfrei und mit ultra-schonendem Waschboden.<\/p>\n<p>Dermatologisch und augen\u00e4rztlich getestet.<\/p>\n<p>Und wie alle Caudalie-Produkte frei von Parabenen, Phenoxyethanol, Phthalaten, Mineral\u00f6len, PEGs, Silikonen, Natriumlaurethsulfaten, Inhaltsstoffen tierischen Ursprungs.<\/p>\n<p>ANWENDUNG<\/p>\n<p>1. Ohne die Flasche zu sch\u00fctteln, geben Sie 2 Spr\u00fchst\u00f6\u00dfe des Reinigungsschaums in Ihre Handfl\u00e4che.<\/p>\n<p>2. Mit geschlossenen Augen auf die feuchte Haut auftragen und in kreisenden Bewegungen das ganze Gesicht einmassieren, ohne den Hals zu vergessen.<\/p>\n<p>3. Gr\u00fcndlich mit Wasser sp\u00fclen.<\/p>\n<p>Verschlie\u00dfen Sie die Flasche nach jedem Gebrauch mit dem Verschluss.<\/p>\n<p>Der Rat des Vinotherapeuten:<\/p>\n<p>Mischen Sie die Mousse mit der Peeling-Peeling-Creme f\u00fcr einen &#8222;s\u00fc\u00dfen Schlagsahne&#8220;-Effekt. Dieser Gourmet 2-in-1-Cocktail reinigt und befreit von Verstopfungen f\u00fcr eine intensiv gereinigte und strahlende Haut.<\/p>\n<p>&nbsp;<\/p>\n<p>Komposition<\/p>\n<p>INHALTSSTOFFE: AQUA \/ WASSER \/ EAU, GLYCERIN, NATRIUM COCOYL GLUTAMAT, CAPRYLYL \/ CAPRYL GLUCOSID, COCAMIDOPROPYL BETAIN, COCO-BETAIN, CAPRYLYL GLYCOL, ZITRONENS\u00c4URE, KALIUM COSORBORYLATE, KOKANIUM-COSORBORYLAT, KOPF-KOSUM-KOSORBORYLAT, AKKU-KOSORBORYLATE , COCOYLAT, NATRIUMCHOYLAT, NATRIUMSORCOYLAT, NATRIUMCHOYLAT, NATRIUMSORCOYTELAT, NATRIUMCOYTEL BUTYLENE GLYCOL, CHAMOMILLA RECUTITA (MATRICARIA) BLUMENEXTRAKT, LINALOOL, SALVIA OFFIC LEAFACTA (SAGE) DUFT) (263\/025)<\/p>","protected":false},"excerpt":{"rendered":"<p>WEINBL\u00dcTEN-REINIGUNGSSCHAUM DUO BESCHREIBUNG SONDERANGEBOT: 1 gekauft, der zweite bei -50%. Unsere Make-up-Entferner werden \u00fcberarbeitet und werden zu VINOCLEAN, einer neuen Reihe umweltfreundlicher Reinigungsmittel mit veganen und hochnat\u00fcrlichen Formeln. Diese kristalline Lotion verwandelt sich in einen Luftschaum f\u00fcr eine sanfte Reinigung. Ohne Seife respektiert es das nat\u00fcrliche Gleichgewicht der Haut, die Klarheit, Weichheit und Komfort zur\u00fcckgewinnt. [&hellip;]<\/p>\n","protected":false},"featured_media":19803,"template":"","meta":{"_acf_changed":false,"footnotes":""},"product_brand":[],"product_cat":[47,42,54,782],"product_tag":[],"class_list":{"0":"post-19802","1":"product","2":"type-product","3":"status-publish","4":"has-post-thumbnail","6":"product_cat-dermocosmetique","7":"product_cat-para-pharmacie","8":"product_cat-soins-du-visage","9":"product_cat-vegan","11":"first","12":"instock","13":"taxable","14":"shipping-taxable","15":"purchasable","16":"product-type-simple"},"acf":[],"_links":{"self":[{"href":"https:\/\/www.pharmacieonline.lu\/de\/wp-json\/wp\/v2\/product\/19802","targetHints":{"allow":["GET"]}}],"collection":[{"href":"https:\/\/www.pharmacieonline.lu\/de\/wp-json\/wp\/v2\/product"}],"about":[{"href":"https:\/\/www.pharmacieonline.lu\/de\/wp-json\/wp\/v2\/types\/product"}],"version-history":[{"count":1,"href":"https:\/\/www.pharmacieonline.lu\/de\/wp-json\/wp\/v2\/product\/19802\/revisions"}],"predecessor-version":[{"id":55338,"href":"https:\/\/www.pharmacieonline.lu\/de\/wp-json\/wp\/v2\/product\/19802\/revisions\/55338"}],"wp:featuredmedia":[{"embeddable":true,"href":"https:\/\/www.pharmacieonline.lu\/de\/wp-json\/wp\/v2\/media\/19803"}],"wp:attachment":[{"href":"https:\/\/www.pharmacieonline.lu\/de\/wp-json\/wp\/v2\/media?parent=19802"}],"wp:term":[{"taxonomy":"product_brand","embeddable":true,"href":"https:\/\/www.pharmacieonline.lu\/de\/wp-json\/wp\/v2\/product_brand?post=19802"},{"taxonomy":"product_cat","embeddable":true,"href":"https:\/\/www.pharmacieonline.lu\/de\/wp-json\/wp\/v2\/product_cat?post=19802"},{"taxonomy":"product_tag","embeddable":true,"href":"https:\/\/www.pharmacieonline.lu\/de\/wp-json\/wp\/v2\/product_tag?post=19802"}],"curies":[{"name":"wp","href":"https:\/\/api.w.org\/{rel}","templated":true}]}}