{"id":19859,"date":"2021-07-05T13:29:12","date_gmt":"2021-07-05T11:29:12","guid":{"rendered":"https:\/\/www.pharmacieonline.lu\/?post_type=product&#038;p=19859"},"modified":"2026-04-14T01:55:31","modified_gmt":"2026-04-13T23:55:31","slug":"dapis-gel-tube-40-g-boiron","status":"publish","type":"product","link":"https:\/\/www.pharmacieonline.lu\/de\/produit\/dapis-gel-tube-40-g-boiron\/","title":{"rendered":"DAPIS GEL TUBE 40 G BOIRON"},"content":{"rendered":"<p>Dapis\u00ae Gel lindert schnell kleinen Juckreiz*!<\/p>\n<p>95% der Verbraucher bereits zufrieden*!<\/p>\n<p>Wirkt ab 5 Minuten nach der 1. Anwendung bei kleinem Juckreiz, Unwohlsein und Kribbeln im Zusammenhang mit M\u00fcckenstichen*.<\/p>\n<p>* Beruhigendes Gef\u00fchl ab 5 Minuten nach der 1. Anwendung. Bewertung der wahrgenommenen Wirksamkeit nach einem M\u00fcckenstich. Verbrauchertest zu Hause mit 101 Personen.<\/p>\n<p>Leistungen:<br \/>\nF\u00fcr die ganze Familie ab einem Jahr<br \/>\nDuftlos<br \/>\nSchnelles Eindringen<br \/>\nGef\u00fchl von Frische<br \/>\nHaut nicht austrocknen<\/p>\n<p>Indikation<br \/>\nBeruhigt Juckreiz schnell<\/p>\n<p>Benutzen<br \/>\nHaut.<br \/>\nKomposition<\/p>\n<p>40g Kunststofftube (PVC) mit Servicekappe, im Karton<\/p>\n<p>AQUA, PROPYLENGLYKOL, ALKOHOL, CARBOMER, LEDUM PALUSTRE EXTRACT, NATRIUMHYDROXID, APIS MELLIFICA EXTRACT.<\/p>","protected":false},"excerpt":{"rendered":"<p>Dapis\u00ae Gel lindert schnell kleinen Juckreiz*! 95% der Verbraucher bereits zufrieden*! Wirkt ab 5 Minuten nach der 1. Anwendung bei kleinem Juckreiz, Unwohlsein und Kribbeln im Zusammenhang mit M\u00fcckenstichen*. * Beruhigendes Gef\u00fchl ab 5 Minuten nach der 1. Anwendung. Bewertung der wahrgenommenen Wirksamkeit nach einem M\u00fcckenstich. Verbrauchertest zu Hause mit 101 Personen. Leistungen: F\u00fcr die [&hellip;]<\/p>\n","protected":false},"featured_media":19861,"template":"","meta":{"_acf_changed":false,"footnotes":""},"product_brand":[],"product_cat":[42,929],"product_tag":[],"class_list":{"0":"post-19859","1":"product","2":"type-product","3":"status-publish","4":"has-post-thumbnail","6":"product_cat-para-pharmacie","7":"product_cat-anti-moustique","9":"first","10":"instock","11":"taxable","12":"shipping-taxable","13":"purchasable","14":"product-type-simple"},"acf":[],"_links":{"self":[{"href":"https:\/\/www.pharmacieonline.lu\/de\/wp-json\/wp\/v2\/product\/19859","targetHints":{"allow":["GET"]}}],"collection":[{"href":"https:\/\/www.pharmacieonline.lu\/de\/wp-json\/wp\/v2\/product"}],"about":[{"href":"https:\/\/www.pharmacieonline.lu\/de\/wp-json\/wp\/v2\/types\/product"}],"version-history":[{"count":0,"href":"https:\/\/www.pharmacieonline.lu\/de\/wp-json\/wp\/v2\/product\/19859\/revisions"}],"wp:featuredmedia":[{"embeddable":true,"href":"https:\/\/www.pharmacieonline.lu\/de\/wp-json\/wp\/v2\/media\/19861"}],"wp:attachment":[{"href":"https:\/\/www.pharmacieonline.lu\/de\/wp-json\/wp\/v2\/media?parent=19859"}],"wp:term":[{"taxonomy":"product_brand","embeddable":true,"href":"https:\/\/www.pharmacieonline.lu\/de\/wp-json\/wp\/v2\/product_brand?post=19859"},{"taxonomy":"product_cat","embeddable":true,"href":"https:\/\/www.pharmacieonline.lu\/de\/wp-json\/wp\/v2\/product_cat?post=19859"},{"taxonomy":"product_tag","embeddable":true,"href":"https:\/\/www.pharmacieonline.lu\/de\/wp-json\/wp\/v2\/product_tag?post=19859"}],"curies":[{"name":"wp","href":"https:\/\/api.w.org\/{rel}","templated":true}]}}