{"id":19908,"date":"2021-07-06T14:47:27","date_gmt":"2021-07-06T12:47:27","guid":{"rendered":"https:\/\/www.pharmacieonline.lu\/?post_type=product&#038;p=19908"},"modified":"2026-04-10T06:25:14","modified_gmt":"2026-04-10T04:25:14","slug":"roche-posay-hydraphase-ha-riche-50ml","status":"publish","type":"product","link":"https:\/\/www.pharmacieonline.lu\/de\/produit\/roche-posay-hydraphase-ha-riche-50ml\/","title":{"rendered":"ROCHE POSAY HYDRAPHASE HA RICHE 50ML"},"content":{"rendered":"<p>Versorgt die Haut bis zu 72 Stunden mit Feuchtigkeit. Die Haut wirkt aufgepolstert und gest\u00e4rkt.<\/p>\n<p>Seine Formel ist eine einzigartige Kombination aus Thermalwasser von La Roche-Posay, das f\u00fcr seine beruhigenden Eigenschaften bekannt ist, und reiner Hyalurons\u00e4ure von Green Technology: ein Biofermentationsprozess auf Basis von Pflanzenzucker.<\/p>\n<p>Vertr\u00e4glichkeit unter dermatologischer Kontrolle getestet.<\/p>\n<p>Anwendung<br \/>\nZweimal t\u00e4glich auf das Gesicht auftragen.<\/p>\n<p>Komposition<br \/>\nAQUA \/ WASSER \/ EAU, GLYCERIN, ISOPROPYLPALMITAT, BUTYROSPERMUM PARKII, BUTTER \/ SHEABUTTER, LAUROYL LYSIN, CETYLALKOHOL, Urea, PEG-100, STEARAT, GLYCERYL STEARENE, CERA ALBAILLE \/ GARELYCARERY \/ GARELYCARERY \/ GARELYCARERY SHEA-BUTTER \/ BIENENWACHS, DARKENZA \/ CITYCERYL STEARAT, CERA ALBAYCERYL STEARAT, CERA ALBAYCIRE \/ GLYCERYL STEARAT, CERA ALBAYCIRE \/ SHEA BUTTER, BUTTER \/ SHEA BUTTER Carbomer, GLYCERYL ACRYLAT \/ CO-ACRYLAT \/ CO-ACRYLATUM, SOPORYACRYLAT \/ CO-ACRYLACIUM S\u00c4URE HYDROLYZIERTE HYALURONS\u00c4URE, Caprylyl Glycol, CITRIC S\u00c4URE, TRISODIUM, Ethylendiamindisuccinat, Xanthangummi, Polysorbat 60, Pentaerythrityl Tetra-di-t-BUTYL HYDROXYHYDROCINNAMATE, CHLORPHENESIN, PARF\u00dcM \/ FRAME<\/p>","protected":false},"excerpt":{"rendered":"<p>Versorgt die Haut bis zu 72 Stunden mit Feuchtigkeit. Die Haut wirkt aufgepolstert und gest\u00e4rkt. Seine Formel ist eine einzigartige Kombination aus Thermalwasser von La Roche-Posay, das f\u00fcr seine beruhigenden Eigenschaften bekannt ist, und reiner Hyalurons\u00e4ure von Green Technology: ein Biofermentationsprozess auf Basis von Pflanzenzucker. Vertr\u00e4glichkeit unter dermatologischer Kontrolle getestet. Anwendung Zweimal t\u00e4glich auf das [&hellip;]<\/p>\n","protected":false},"featured_media":19910,"template":"","meta":{"_acf_changed":false,"footnotes":""},"product_brand":[],"product_cat":[47,42,54],"product_tag":[],"class_list":{"0":"post-19908","1":"product","2":"type-product","3":"status-publish","4":"has-post-thumbnail","6":"product_cat-dermocosmetique","7":"product_cat-para-pharmacie","8":"product_cat-soins-du-visage","10":"first","11":"instock","12":"taxable","13":"shipping-taxable","14":"purchasable","15":"product-type-simple"},"acf":[],"_links":{"self":[{"href":"https:\/\/www.pharmacieonline.lu\/de\/wp-json\/wp\/v2\/product\/19908","targetHints":{"allow":["GET"]}}],"collection":[{"href":"https:\/\/www.pharmacieonline.lu\/de\/wp-json\/wp\/v2\/product"}],"about":[{"href":"https:\/\/www.pharmacieonline.lu\/de\/wp-json\/wp\/v2\/types\/product"}],"version-history":[{"count":0,"href":"https:\/\/www.pharmacieonline.lu\/de\/wp-json\/wp\/v2\/product\/19908\/revisions"}],"wp:featuredmedia":[{"embeddable":true,"href":"https:\/\/www.pharmacieonline.lu\/de\/wp-json\/wp\/v2\/media\/19910"}],"wp:attachment":[{"href":"https:\/\/www.pharmacieonline.lu\/de\/wp-json\/wp\/v2\/media?parent=19908"}],"wp:term":[{"taxonomy":"product_brand","embeddable":true,"href":"https:\/\/www.pharmacieonline.lu\/de\/wp-json\/wp\/v2\/product_brand?post=19908"},{"taxonomy":"product_cat","embeddable":true,"href":"https:\/\/www.pharmacieonline.lu\/de\/wp-json\/wp\/v2\/product_cat?post=19908"},{"taxonomy":"product_tag","embeddable":true,"href":"https:\/\/www.pharmacieonline.lu\/de\/wp-json\/wp\/v2\/product_tag?post=19908"}],"curies":[{"name":"wp","href":"https:\/\/api.w.org\/{rel}","templated":true}]}}