{"id":1996,"date":"2020-11-25T17:27:51","date_gmt":"2020-11-25T16:27:51","guid":{"rendered":"https:\/\/www.pharmacieonline.lu\/produit\/pures-beaute-peau-elixir-visage-30ml\/"},"modified":"2026-04-03T00:25:25","modified_gmt":"2026-04-02T22:25:25","slug":"pures-beaute-peau-elixir-visage-30ml","status":"publish","type":"product","link":"https:\/\/www.pharmacieonline.lu\/de\/produit\/pures-beaute-peau-elixir-visage-30ml\/","title":{"rendered":"PURES BEAUTE PEAU ELIXIR VISAGE 30ML"},"content":{"rendered":"<p>\u00c4therisches BIO-K\u00f6rper\u00f6l kombiniert 4 \u00e4therische \u00d6le und 4 sorgf\u00e4ltig ausgew\u00e4hlte und dosierte Pflanzen\u00f6le, um der Haut Ern\u00e4hrung, Elastizit\u00e4t, Beruhigung und Feuchtigkeit zu verleihen.<br \/>\nORGANIC Hautpflege\u00f6l ist eine wahre Quelle f\u00fcr Ausstrahlung und Sch\u00f6nheit und die wesentliche Pflege f\u00fcr m\u00fcde, ausgetrocknete, geschw\u00e4chte und schlaffe Haut. Es hilft, die sch\u00e4dlichen Auswirkungen von Alterung und Hauttrockenheit zu verhindern.<br \/>\nDieses regenerierende K\u00f6rper\u00f6l wird t\u00e4glich auf K\u00f6rper, Dekollet\u00e9 und H\u00e4nde aufgetragen und hilft auch, Elastizit\u00e4tsverluste zu bek\u00e4mpfen, die Dehnungsstreifen verursachen k\u00f6nnen, und das Auftreten von Narben durch Massieren zu reduzieren.<\/p>\n<p>Seine einzigartige seidige Textur dringt schnell ein, ohne einen fettigen Film zu hinterlassen, und pflegt die Haut intensiv, indem sie sie in einen zarten nat\u00fcrlichen Duft einh\u00fcllt. Unter dermatologischer Kontrolle getestet, wurde seine Hautvertr\u00e4glichkeit als optimal angesehen.<\/p>\n<p>100% Bio-Formel &#8211; Nat\u00fcrlicher Ursprung &#8211; Kein Fleck &#8211; Kein synthetischer Duft &#8211; Keine Mineral\u00f6le<\/p>\n<p>Tipps:<br \/>\nWie verwendet man Bio-\u00e4therisches Pflege\u00f6l?<\/p>\n<p>Sie k\u00f6nnen dieses Pflege\u00f6l t\u00e4glich auf K\u00f6rper, Dekollet\u00e9 und H\u00e4nde auftragen.<\/p>","protected":false},"excerpt":{"rendered":"<p class=\"qtranxs-available-languages-message qtranxs-available-languages-message-de\">\n<h1 class=\"product__title\">Huile de Soin Essentiel BIO<\/h1>\n<div class=\"product__reviews\"><\/div>\n<div class=\"product__intro\">L\u2019huile corps Essentiel BIO associe 4 huiles essentielles et 4 huiles v\u00e9g\u00e9tales soigneusement s\u00e9lectionn\u00e9es et dos\u00e9es pour apporter nutrition, \u00e9lasticit\u00e9, apaisement et hydratation \u00e0 la peau.<\/div>\n","protected":false},"featured_media":2924,"template":"","meta":{"_acf_changed":false,"footnotes":""},"product_brand":[],"product_cat":[47,42,54,79,782],"product_tag":[],"class_list":{"0":"post-1996","1":"product","2":"type-product","3":"status-publish","4":"has-post-thumbnail","6":"product_cat-dermocosmetique","7":"product_cat-para-pharmacie","8":"product_cat-soins-du-visage","9":"product_cat-aromatherapie","10":"product_cat-vegan","12":"first","13":"instock","14":"taxable","15":"shipping-taxable","16":"purchasable","17":"product-type-simple"},"acf":[],"_links":{"self":[{"href":"https:\/\/www.pharmacieonline.lu\/de\/wp-json\/wp\/v2\/product\/1996","targetHints":{"allow":["GET"]}}],"collection":[{"href":"https:\/\/www.pharmacieonline.lu\/de\/wp-json\/wp\/v2\/product"}],"about":[{"href":"https:\/\/www.pharmacieonline.lu\/de\/wp-json\/wp\/v2\/types\/product"}],"version-history":[{"count":0,"href":"https:\/\/www.pharmacieonline.lu\/de\/wp-json\/wp\/v2\/product\/1996\/revisions"}],"wp:featuredmedia":[{"embeddable":true,"href":"https:\/\/www.pharmacieonline.lu\/de\/wp-json\/wp\/v2\/media\/2924"}],"wp:attachment":[{"href":"https:\/\/www.pharmacieonline.lu\/de\/wp-json\/wp\/v2\/media?parent=1996"}],"wp:term":[{"taxonomy":"product_brand","embeddable":true,"href":"https:\/\/www.pharmacieonline.lu\/de\/wp-json\/wp\/v2\/product_brand?post=1996"},{"taxonomy":"product_cat","embeddable":true,"href":"https:\/\/www.pharmacieonline.lu\/de\/wp-json\/wp\/v2\/product_cat?post=1996"},{"taxonomy":"product_tag","embeddable":true,"href":"https:\/\/www.pharmacieonline.lu\/de\/wp-json\/wp\/v2\/product_tag?post=1996"}],"curies":[{"name":"wp","href":"https:\/\/api.w.org\/{rel}","templated":true}]}}