{"id":19995,"date":"2021-07-15T17:18:29","date_gmt":"2021-07-15T15:18:29","guid":{"rendered":"https:\/\/www.pharmacieonline.lu\/?post_type=product&#038;p=19995"},"modified":"2026-04-07T08:55:29","modified_gmt":"2026-04-07T06:55:29","slug":"pures-hv-karite-100-ml","status":"publish","type":"product","link":"https:\/\/www.pharmacieonline.lu\/de\/produit\/pures-hv-karite-100-ml\/","title":{"rendered":"PURES HV KARITE 100 ML"},"content":{"rendered":"<p>Bio-Shea-Pflanzen\u00f6l<\/p>\n<p>Das nahrhafte, regenerierende und beruhigende Shea-Pflanzen\u00f6l ist die ideale Behandlung, um Haut und Haar tief zu n\u00e4hren und zu reparieren.<\/p>","protected":false},"excerpt":{"rendered":"<p>Bio-Shea-Pflanzen\u00f6l Das nahrhafte, regenerierende und beruhigende Shea-Pflanzen\u00f6l ist die ideale Behandlung, um Haut und Haar tief zu n\u00e4hren und zu reparieren.<\/p>\n","protected":false},"featured_media":19997,"template":"","meta":{"_acf_changed":false,"footnotes":""},"product_brand":[],"product_cat":[42,79,782],"product_tag":[],"class_list":{"0":"post-19995","1":"product","2":"type-product","3":"status-publish","4":"has-post-thumbnail","6":"product_cat-para-pharmacie","7":"product_cat-aromatherapie","8":"product_cat-vegan","10":"first","11":"instock","12":"taxable","13":"shipping-taxable","14":"purchasable","15":"product-type-simple"},"acf":[],"_links":{"self":[{"href":"https:\/\/www.pharmacieonline.lu\/de\/wp-json\/wp\/v2\/product\/19995","targetHints":{"allow":["GET"]}}],"collection":[{"href":"https:\/\/www.pharmacieonline.lu\/de\/wp-json\/wp\/v2\/product"}],"about":[{"href":"https:\/\/www.pharmacieonline.lu\/de\/wp-json\/wp\/v2\/types\/product"}],"version-history":[{"count":0,"href":"https:\/\/www.pharmacieonline.lu\/de\/wp-json\/wp\/v2\/product\/19995\/revisions"}],"wp:featuredmedia":[{"embeddable":true,"href":"https:\/\/www.pharmacieonline.lu\/de\/wp-json\/wp\/v2\/media\/19997"}],"wp:attachment":[{"href":"https:\/\/www.pharmacieonline.lu\/de\/wp-json\/wp\/v2\/media?parent=19995"}],"wp:term":[{"taxonomy":"product_brand","embeddable":true,"href":"https:\/\/www.pharmacieonline.lu\/de\/wp-json\/wp\/v2\/product_brand?post=19995"},{"taxonomy":"product_cat","embeddable":true,"href":"https:\/\/www.pharmacieonline.lu\/de\/wp-json\/wp\/v2\/product_cat?post=19995"},{"taxonomy":"product_tag","embeddable":true,"href":"https:\/\/www.pharmacieonline.lu\/de\/wp-json\/wp\/v2\/product_tag?post=19995"}],"curies":[{"name":"wp","href":"https:\/\/api.w.org\/{rel}","templated":true}]}}