{"id":20019,"date":"2021-07-15T17:33:24","date_gmt":"2021-07-15T15:33:24","guid":{"rendered":"https:\/\/www.pharmacieonline.lu\/?post_type=product&#038;p=20019"},"modified":"2026-04-07T21:55:25","modified_gmt":"2026-04-07T19:55:25","slug":"pures-anti-poux-lotion-peigne-100ml","status":"publish","type":"product","link":"https:\/\/www.pharmacieonline.lu\/de\/produit\/pures-anti-poux-lotion-peigne-100ml\/","title":{"rendered":"PURES ANTI-POUX LOTION PEIGNE 100ML"},"content":{"rendered":"<p>Diese Lotion ist ideal, um L\u00e4use, Larven und Nissen durch Erstickungswirkung loszuwerden.<\/p>\n<p>Reich an 4 \u00e4therischen \u00d6len und 6 Pflanzen\u00f6len n\u00e4hrt dieses Anti-L\u00e4use-Produkt die Haarfaser und lindert Juckreiz. Dieses Anti-L\u00e4use-Produkt reizt die Kopfhaut nicht.<\/p>\n<p>Anwendung<\/p>\n<p>10 Minuten einwirken lassen. Waschen Sie die Haare mit Puressentiel Pouxdoux\u00ae Shampoo oder mit Ihrem \u00fcblichen Shampoo. Lasse den L\u00e4usekamm vorsichtig laufen, um Nissen, Larven und tote L\u00e4use zu entfernen.<\/p>\n<p>Eine 2. Anwendung 3 Tage sp\u00e4ter ist notwendig.<\/p>\n<p>Ben\u00f6tigte Menge f\u00fcr die Anwendung:<\/p>\n<p>Langes Haar: 100 ml = 1 Person.<\/p>\n<p>Mittleres bis kurzes Haar: 100 ml = 2 bis 3 Personen.<\/p>\n<p>Komposition<\/p>\n<p>essentielle \u00d6le:<\/p>\n<p>Echter Lavendel, Gew\u00fcrznelke, Teebaum, Bourbon-Geranie.<\/p>","protected":false},"excerpt":{"rendered":"<p>Diese Lotion ist ideal, um L\u00e4use, Larven und Nissen durch Erstickungswirkung loszuwerden. Reich an 4 \u00e4therischen \u00d6len und 6 Pflanzen\u00f6len n\u00e4hrt dieses Anti-L\u00e4use-Produkt die Haarfaser und lindert Juckreiz. Dieses Anti-L\u00e4use-Produkt reizt die Kopfhaut nicht. Anwendung 10 Minuten einwirken lassen. Waschen Sie die Haare mit Puressentiel Pouxdoux\u00ae Shampoo oder mit Ihrem \u00fcblichen Shampoo. Lasse den L\u00e4usekamm [&hellip;]<\/p>\n","protected":false},"featured_media":20021,"template":"","meta":{"_acf_changed":false,"footnotes":""},"product_brand":[],"product_cat":[110,42,80,79,782],"product_tag":[],"class_list":{"0":"post-20019","1":"product","2":"type-product","3":"status-publish","4":"has-post-thumbnail","6":"product_cat-shampoing","7":"product_cat-para-pharmacie","8":"product_cat-anti-poux","9":"product_cat-aromatherapie","10":"product_cat-vegan","12":"first","13":"instock","14":"taxable","15":"shipping-taxable","16":"purchasable","17":"product-type-simple"},"acf":[],"_links":{"self":[{"href":"https:\/\/www.pharmacieonline.lu\/de\/wp-json\/wp\/v2\/product\/20019","targetHints":{"allow":["GET"]}}],"collection":[{"href":"https:\/\/www.pharmacieonline.lu\/de\/wp-json\/wp\/v2\/product"}],"about":[{"href":"https:\/\/www.pharmacieonline.lu\/de\/wp-json\/wp\/v2\/types\/product"}],"version-history":[{"count":0,"href":"https:\/\/www.pharmacieonline.lu\/de\/wp-json\/wp\/v2\/product\/20019\/revisions"}],"wp:featuredmedia":[{"embeddable":true,"href":"https:\/\/www.pharmacieonline.lu\/de\/wp-json\/wp\/v2\/media\/20021"}],"wp:attachment":[{"href":"https:\/\/www.pharmacieonline.lu\/de\/wp-json\/wp\/v2\/media?parent=20019"}],"wp:term":[{"taxonomy":"product_brand","embeddable":true,"href":"https:\/\/www.pharmacieonline.lu\/de\/wp-json\/wp\/v2\/product_brand?post=20019"},{"taxonomy":"product_cat","embeddable":true,"href":"https:\/\/www.pharmacieonline.lu\/de\/wp-json\/wp\/v2\/product_cat?post=20019"},{"taxonomy":"product_tag","embeddable":true,"href":"https:\/\/www.pharmacieonline.lu\/de\/wp-json\/wp\/v2\/product_tag?post=20019"}],"curies":[{"name":"wp","href":"https:\/\/api.w.org\/{rel}","templated":true}]}}