{"id":20088,"date":"2021-08-03T11:54:23","date_gmt":"2021-08-03T09:54:23","guid":{"rendered":"https:\/\/www.pharmacieonline.lu\/?post_type=product&#038;p=20088"},"modified":"2026-04-04T19:55:25","modified_gmt":"2026-04-04T17:55:25","slug":"exaller-spray-150-ml","status":"publish","type":"product","link":"https:\/\/www.pharmacieonline.lu\/de\/produit\/exaller-spray-150-ml\/","title":{"rendered":"EXALLER SPRAY 150 ML"},"content":{"rendered":"<p>ExAller\u00ae: Behandlung und Vorbeugung von Hausstaubmilbenallergie<\/p>\n<p>ExAller\u00ae ist ein innovatives Spray, das Hausstaubmilben effektiv und dauerhaft von Ihren Matratzen, Sesseln, Kissen, Stofftieren usw. entfernt. Nur eine Anwendung lindert Allergiesymptome.<\/p>\n<p>Warum ExAller\u00ae w\u00e4hlen?<\/p>\n<p>Wenn eine Hausstaubmilbenallergie Ihr Problem ist, empfehlen wir Ihnen ExAller\u00ae:<\/p>\n<p>Medikament\u00f6se Behandlungen (Anthistaminika) sind wirksam, aber sie behandeln nur die Folgen des Problems. Sie verursachen auch Nebenwirkungen (M\u00fcdigkeit usw.). Und dann wollen Sie wirklich das ganze Jahr \u00fcber Medikamente nehmen?<br \/>\nEine Desensibilisierung (Immuntherapie) ist oft langwierig und teuer. Und seine Ergebnisse sind nicht garantiert.<br \/>\nDer antiallergische Bezug verbirgt das Problem nur (indem die Hausstaubmilben in Ihrer Matratze eingeschlossen werden), l\u00f6st es jedoch nicht. Dar\u00fcber hinaus hat es auch mehrere Nachteile.<br \/>\nDie anderen Anti-Hausstaubmilben-L\u00f6sungen sind entweder giftig (von Allergologen nicht empfohlen) oder nicht sehr wirksam.<\/p>\n<p>ExAller\u00ae beseitigt das Problem, indem es seine Quelle (Hausstaubmilben) mit beeindruckender Effizienz und auf 100% nat\u00fcrliche Weise beseitigt.<\/p>\n<p>Drei einfache Schritte, bew\u00e4hrte Ergebnisse<\/p>\n<picture class=\"use-object-fit\"><img decoding=\"async\" class=\" lazyloaded\" src=\"https:\/\/cdn2.hubspot.net\/hub\/5993629\/hubfs\/attract-dust-mites.png?width=348&amp;name=attract-dust-mites.png\" alt=\"attract-dust-mites\" data-src=\"https:\/\/cdn2.hubspot.net\/hub\/5993629\/hubfs\/attract-dust-mites.png?width=348&amp;name=attract-dust-mites.png\" \/><\/picture>\n<p>SCHRITT 1<br \/>\nHausstaubmilben anlocken<\/p>\n<p>Spr\u00fchen Sie die ExAller\u00ae-L\u00f6sung gleichm\u00e4\u00dfig auf die Oberfl\u00e4che eines Bettlakens aus 100 % Baumwolle oder eines Stoffs, der \u00fcber das Bett und die Kissen gelegt wird.<\/p>\n<picture class=\"use-object-fit\"><img decoding=\"async\" class=\" lazyloaded\" src=\"https:\/\/cdn2.hubspot.net\/hub\/5993629\/hubfs\/wait.png?width=348&amp;name=wait.png\" alt=\"wait\" data-src=\"https:\/\/cdn2.hubspot.net\/hub\/5993629\/hubfs\/wait.png?width=348&amp;name=wait.png\" \/><\/picture>\n<p>2. SCHRITT<br \/>\nWarten<\/p>\n<p>1 Stunde einwirken lassen.<\/p>\n<p>Die auf das Laken gespr\u00fchte L\u00f6sung zieht die in der Matratze und dem Kissen lebenden Hausstaubmilben unwiderstehlich an<br \/>\nIn 1 Stunde steigen &gt;80% der Hausstaubmilben von Matratze und Kissen auf und dringen in die Fasern des Textils ein<br \/>\nNach 1 Stunde sind die Milben nicht mehr in Matratze und Kissen, sondern im Textil<\/p>\n<picture class=\"use-object-fit\"><img decoding=\"async\" class=\" lazyloaded\" src=\"https:\/\/cdn2.hubspot.net\/hub\/5993629\/hubfs\/eliminate-dust-mites.png?width=348&amp;name=eliminate-dust-mites.png\" alt=\"eliminate-dust-mites\" data-src=\"https:\/\/cdn2.hubspot.net\/hub\/5993629\/hubfs\/eliminate-dust-mites.png?width=348&amp;name=eliminate-dust-mites.png\" \/><\/picture>\n<p>SCHRITT 3<br \/>\nHausstaubmilben beseitigen<\/p>\n<p>Entfernen Sie den mit Milben gef\u00fcllten Stoff und waschen Sie ihn bei 60 \u00b0 C in der Maschine, um Milben zu beseitigen. Dann die Matratze nach den ersten 3 Anwendungen absaugen, um Hausstaubmilben zu entfernen: Allergene.<\/p>","protected":false},"excerpt":{"rendered":"<p>ExAller\u00ae: Behandlung und Vorbeugung von Hausstaubmilbenallergie ExAller\u00ae ist ein innovatives Spray, das Hausstaubmilben effektiv und dauerhaft von Ihren Matratzen, Sesseln, Kissen, Stofftieren usw. entfernt. Nur eine Anwendung lindert Allergiesymptome. Warum ExAller\u00ae w\u00e4hlen? Wenn eine Hausstaubmilbenallergie Ihr Problem ist, empfehlen wir Ihnen ExAller\u00ae: Medikament\u00f6se Behandlungen (Anthistaminika) sind wirksam, aber sie behandeln nur die Folgen des Problems. [&hellip;]<\/p>\n","protected":false},"featured_media":20089,"template":"","meta":{"_acf_changed":false,"footnotes":""},"product_brand":[],"product_cat":[42,79,91],"product_tag":[],"class_list":{"0":"post-20088","1":"product","2":"type-product","3":"status-publish","4":"has-post-thumbnail","6":"product_cat-para-pharmacie","7":"product_cat-aromatherapie","8":"product_cat-allergies","10":"first","11":"instock","12":"taxable","13":"shipping-taxable","14":"purchasable","15":"product-type-simple"},"acf":[],"_links":{"self":[{"href":"https:\/\/www.pharmacieonline.lu\/de\/wp-json\/wp\/v2\/product\/20088","targetHints":{"allow":["GET"]}}],"collection":[{"href":"https:\/\/www.pharmacieonline.lu\/de\/wp-json\/wp\/v2\/product"}],"about":[{"href":"https:\/\/www.pharmacieonline.lu\/de\/wp-json\/wp\/v2\/types\/product"}],"version-history":[{"count":0,"href":"https:\/\/www.pharmacieonline.lu\/de\/wp-json\/wp\/v2\/product\/20088\/revisions"}],"wp:featuredmedia":[{"embeddable":true,"href":"https:\/\/www.pharmacieonline.lu\/de\/wp-json\/wp\/v2\/media\/20089"}],"wp:attachment":[{"href":"https:\/\/www.pharmacieonline.lu\/de\/wp-json\/wp\/v2\/media?parent=20088"}],"wp:term":[{"taxonomy":"product_brand","embeddable":true,"href":"https:\/\/www.pharmacieonline.lu\/de\/wp-json\/wp\/v2\/product_brand?post=20088"},{"taxonomy":"product_cat","embeddable":true,"href":"https:\/\/www.pharmacieonline.lu\/de\/wp-json\/wp\/v2\/product_cat?post=20088"},{"taxonomy":"product_tag","embeddable":true,"href":"https:\/\/www.pharmacieonline.lu\/de\/wp-json\/wp\/v2\/product_tag?post=20088"}],"curies":[{"name":"wp","href":"https:\/\/api.w.org\/{rel}","templated":true}]}}