{"id":2018,"date":"2020-11-25T17:27:52","date_gmt":"2020-11-25T16:27:52","guid":{"rendered":"https:\/\/www.pharmacieonline.lu\/produit\/roche-posay-hyalu-b5-soin-40-ml\/"},"modified":"2026-04-23T08:25:20","modified_gmt":"2026-04-23T06:25:20","slug":"roche-posay-hyalu-b5-soin-40-ml","status":"publish","type":"product","link":"https:\/\/www.pharmacieonline.lu\/de\/produit\/roche-posay-hyalu-b5-soin-40-ml\/","title":{"rendered":"ROCHE POSAY HYALU B5 SOIN 40 ML"},"content":{"rendered":"<p>Die erste Anti-Falten-L\u00f6sung von La Roche-Posay, die die Haut f\u00fcllt.<\/p>\n<p>Indikation<\/p>\n<p>Falten. Volumenverlust und Elastizit\u00e4t. Eine neue einzigartige feuchtigkeitsspendende und prall gef\u00fcllte Formel, formuliert mit zwei Hyalurons\u00e4uren und Vitamin B5.<\/p>\n<p>Verwendung<\/p>\n<p>Morgens und abends auf Gesicht, Hals und Dekollet\u00e9 auftragen. Alle Hauttypen. Nickelgesteuert *. * Entwickelt, um das Risiko von Reaktionen bei Menschen mit Nickelallergien zu minimieren<\/p>\n<p>Komposition<\/p>\n<p>DUO VON HYALURONS\u00c4UREN<\/p>\n<p>Hyalurons\u00e4ure wird von Dermatologen in ihren \u00e4sthetischen Praktiken verwendet, um die Bedenken von Frauen hinsichtlich Falten und Volumenverlust auszur\u00e4umen. Sie ist das Benchmark-Anti-Aging-Molek\u00fcl. La Roche-Posay verwendet fragmentierte Hyalurons\u00e4ure mit hohem Molekulargewicht, um die Haut auf der Oberfl\u00e4che zu f\u00fcllen.<\/p>\n<p>VITAMIN B5<\/p>\n<p>Vitamin B5 ist bekannt f\u00fcr seine beruhigenden und erholsamen Eigenschaften f\u00fcr die Haut. Es stimuliert die nat\u00fcrliche Regeneration und Widerstandsf\u00e4higkeit der Haut.<\/p>\n<p>ZUTATEN | DRAHTCODE: C213954 \/ 1<\/p>\n<p>AQUA<\/p>\n<p>GLYCERIN<br \/>\nDIMETHIKON<br \/>\nHYDROGENIERTES POLYISOBUTEN<br \/>\nPROPYLENGLYKOL<br \/>\nHYDROXYPROPYLTETRAHYDROPYRANTRIOL<br \/>\nALKOHOL DENAT.<br \/>\nPROPANEDIOL<br \/>\nPANTHENOL<br \/>\nSYNTHETISCHES WACHS<br \/>\nNYLON-12<br \/>\nPEG-10 DIMETHICONE<br \/>\nDIMETHICONE \/ PEG-10\/15 CROSSPOLYMER<br \/>\nHYDROXYETHYLPIPERAZIN-ETHAN-SULFONS\u00c4URE<br \/>\nTOCOPHEROL<br \/>\nNATRIUMPOLYACRYLAT<br \/>\nNATRIUMHYALURONAT<br \/>\nHYDROLYZIERTE HYALURONS\u00c4URE<br \/>\nNATRIUMCITRAT<br \/>\nPHENOXYETHANOL<br \/>\nADENOSIN<br \/>\nCHLORPHEN S I N.<br \/>\nPROPYLENCARBONAT<br \/>\nDIPROPYLENGLYKOL<br \/>\nDISTEARDIMONIUM HECTORITE<br \/>\nDISODIUM EDTA<br \/>\nPARF\u00dcM<\/p>","protected":false},"excerpt":{"rendered":"<p>Die erste Anti-Falten-L\u00f6sung von La Roche-Posay, die die Haut f\u00fcllt. Indikation Falten. Volumenverlust und Elastizit\u00e4t. Eine neue einzigartige feuchtigkeitsspendende und prall gef\u00fcllte Formel, formuliert mit zwei Hyalurons\u00e4uren und Vitamin B5. Verwendung Morgens und abends auf Gesicht, Hals und Dekollet\u00e9 auftragen. Alle Hauttypen. Nickelgesteuert *. * Entwickelt, um das Risiko von Reaktionen bei Menschen mit Nickelallergien [&hellip;]<\/p>\n","protected":false},"featured_media":2908,"template":"","meta":{"_acf_changed":false,"footnotes":""},"product_brand":[],"product_cat":[47,42,54],"product_tag":[],"class_list":{"0":"post-2018","1":"product","2":"type-product","3":"status-publish","4":"has-post-thumbnail","6":"product_cat-dermocosmetique","7":"product_cat-para-pharmacie","8":"product_cat-soins-du-visage","10":"first","11":"outofstock","12":"taxable","13":"shipping-taxable","14":"purchasable","15":"product-type-simple"},"acf":[],"_links":{"self":[{"href":"https:\/\/www.pharmacieonline.lu\/de\/wp-json\/wp\/v2\/product\/2018","targetHints":{"allow":["GET"]}}],"collection":[{"href":"https:\/\/www.pharmacieonline.lu\/de\/wp-json\/wp\/v2\/product"}],"about":[{"href":"https:\/\/www.pharmacieonline.lu\/de\/wp-json\/wp\/v2\/types\/product"}],"version-history":[{"count":0,"href":"https:\/\/www.pharmacieonline.lu\/de\/wp-json\/wp\/v2\/product\/2018\/revisions"}],"wp:featuredmedia":[{"embeddable":true,"href":"https:\/\/www.pharmacieonline.lu\/de\/wp-json\/wp\/v2\/media\/2908"}],"wp:attachment":[{"href":"https:\/\/www.pharmacieonline.lu\/de\/wp-json\/wp\/v2\/media?parent=2018"}],"wp:term":[{"taxonomy":"product_brand","embeddable":true,"href":"https:\/\/www.pharmacieonline.lu\/de\/wp-json\/wp\/v2\/product_brand?post=2018"},{"taxonomy":"product_cat","embeddable":true,"href":"https:\/\/www.pharmacieonline.lu\/de\/wp-json\/wp\/v2\/product_cat?post=2018"},{"taxonomy":"product_tag","embeddable":true,"href":"https:\/\/www.pharmacieonline.lu\/de\/wp-json\/wp\/v2\/product_tag?post=2018"}],"curies":[{"name":"wp","href":"https:\/\/api.w.org\/{rel}","templated":true}]}}