{"id":20191,"date":"2021-08-20T17:43:08","date_gmt":"2021-08-20T15:43:08","guid":{"rendered":"https:\/\/www.pharmacieonline.lu\/?post_type=product&#038;p=20191"},"modified":"2026-04-09T18:25:43","modified_gmt":"2026-04-09T16:25:43","slug":"uriage-eau-thermale-gelee-eau-40ml","status":"publish","type":"product","link":"https:\/\/www.pharmacieonline.lu\/de\/produit\/uriage-eau-thermale-gelee-eau-40ml\/","title":{"rendered":"URIAGE EAU THERMALE GELEE EAU 40ML"},"content":{"rendered":"<p>FEUCHTIGKEITS- UND SCHUTZCREME<\/p>\n<p>Diese ultra-frische Gel-Textur schmilzt bei Kontakt mit der Haut k\u00f6stlich und versorgt sie mit ihrem einzigartigen Feuchtigkeitskomplex.<br \/>\nDie Haut wird intensiv mit Feuchtigkeit versorgt und entfaltet ihre Ausstrahlung. Der Teint ist frisch, die Hautstruktur ist glatt. Das Gelee ist besonders f\u00fcr normale bis Mischhaut geeignet.<\/p>\n<p>Regeneriert die Hautfeuchtigkeit<\/p>\n<p>Dieses mit Uriage Thermalwasser angereicherte WASSER-Gelee hilft beim Wiederaufbau der Hautbarriere, um einen optimalen Feuchtigkeitsgehalt aufrechtzuerhalten.<\/p>\n<p>Optimiert kontinuierlich die Hydratation der Epidermis<\/p>\n<p>Erm\u00f6glicht die Neubildung eines Oberfl\u00e4chenfilms und die allm\u00e4hliche Freisetzung der darin enthaltenen feuchtigkeitsspendenden Wirkstoffe.<\/p>\n<p>Stellt die Barrierewirkung der Haut wieder her und begrenzt ihre Austrocknung<\/p>\n<p>Wirkt auf die Rekonstruktion des Hornhautzementes, um die Hydratation nachhaltig zu steigern.<\/p>\n<p>Nutzungstipps<br \/>\nMorgens und\/oder abends auf das perfekt gereinigte Gesicht und Dekollet\u00e9 auftragen.<br \/>\nDen Kontakt mit den Augen vermeiden.<\/p>\n<p>AQUA (WASSER, EAU) \u25cf BUTYLENGLYCOL \u25cf DIGLYCERIN \u25cf DIMETHICON \u25cf XYLITYLGLUCOSID \u25cf 1,2-HEXANEDIOL \u25cf ACRYLATES \/ C10-30 ALKYL ACRYLAT CROSSPOLYMER \u25cf ANHYDROXYLITOL \u25cf GLYCYIOLITYLGLUCOSIDE \u25cf 1,2-10 HEXARYL ANHYDROXYLITOL \u25cf GLYCYLITYLGLUCOSID \u25cf HYDROXYLAT \u25cf HYDROXYLITOL \u25cf HYCERINODITROXYLITOL \u25cf HYCERINODIUM X-TREEHOLAN \u25cf HYCERINODITAL-X-TREHOLEN \u25cf HYDRODROXYLITOL \u25cf GLYCYLORINODITO-CHALEN-TREHOLEN \u25cf HYDRODROXYLITOL \u25cf GLYCYLORINODITO-CHALEN-TREHOLEN \u25cfPOCHENZYLORINODITO-CHALEN-TREHOLEN \u25cf GOLYLORINODITO-X-ILZYLOXIUM \u25cf LORINODITO-X-ILZYLOXILOX \u25cf LORINODITO-X-ILZYLOX-A \u25cf LORINODITO-X-ILLA \u25cf STOROXIUM \u25cf LORINODITO-X-ILZYLOX-A OL \u25cf PARF\u00dcM (DUFT) \u25cf PENTYLEN-GLYKOL \u25cf SERIN \u25cf CAPRYLYL-GLYKOL \u25cf ALGIN \u25cf DINATRIUMPHOSPHAT \u25cf GLYCERYL-POLYACRYLID \u25cf DECALLUCULANL-POLYACRYLAT \u25cf DECALLUCULANL-POLYACRYLID \u25cf<\/p>","protected":false},"excerpt":{"rendered":"<p>FEUCHTIGKEITS- UND SCHUTZCREME Diese ultra-frische Gel-Textur schmilzt bei Kontakt mit der Haut k\u00f6stlich und versorgt sie mit ihrem einzigartigen Feuchtigkeitskomplex. Die Haut wird intensiv mit Feuchtigkeit versorgt und entfaltet ihre Ausstrahlung. Der Teint ist frisch, die Hautstruktur ist glatt. Das Gelee ist besonders f\u00fcr normale bis Mischhaut geeignet. Regeneriert die Hautfeuchtigkeit Dieses mit Uriage Thermalwasser [&hellip;]<\/p>\n","protected":false},"featured_media":20201,"template":"","meta":{"_acf_changed":false,"footnotes":""},"product_brand":[],"product_cat":[47,42,54],"product_tag":[],"class_list":{"0":"post-20191","1":"product","2":"type-product","3":"status-publish","4":"has-post-thumbnail","6":"product_cat-dermocosmetique","7":"product_cat-para-pharmacie","8":"product_cat-soins-du-visage","10":"first","11":"outofstock","12":"taxable","13":"shipping-taxable","14":"purchasable","15":"product-type-simple"},"acf":[],"_links":{"self":[{"href":"https:\/\/www.pharmacieonline.lu\/de\/wp-json\/wp\/v2\/product\/20191","targetHints":{"allow":["GET"]}}],"collection":[{"href":"https:\/\/www.pharmacieonline.lu\/de\/wp-json\/wp\/v2\/product"}],"about":[{"href":"https:\/\/www.pharmacieonline.lu\/de\/wp-json\/wp\/v2\/types\/product"}],"version-history":[{"count":0,"href":"https:\/\/www.pharmacieonline.lu\/de\/wp-json\/wp\/v2\/product\/20191\/revisions"}],"wp:featuredmedia":[{"embeddable":true,"href":"https:\/\/www.pharmacieonline.lu\/de\/wp-json\/wp\/v2\/media\/20201"}],"wp:attachment":[{"href":"https:\/\/www.pharmacieonline.lu\/de\/wp-json\/wp\/v2\/media?parent=20191"}],"wp:term":[{"taxonomy":"product_brand","embeddable":true,"href":"https:\/\/www.pharmacieonline.lu\/de\/wp-json\/wp\/v2\/product_brand?post=20191"},{"taxonomy":"product_cat","embeddable":true,"href":"https:\/\/www.pharmacieonline.lu\/de\/wp-json\/wp\/v2\/product_cat?post=20191"},{"taxonomy":"product_tag","embeddable":true,"href":"https:\/\/www.pharmacieonline.lu\/de\/wp-json\/wp\/v2\/product_tag?post=20191"}],"curies":[{"name":"wp","href":"https:\/\/api.w.org\/{rel}","templated":true}]}}