{"id":20230,"date":"2021-08-24T10:49:49","date_gmt":"2021-08-24T08:49:49","guid":{"rendered":"https:\/\/www.pharmacieonline.lu\/?post_type=product&#038;p=20230"},"modified":"2026-04-03T10:25:53","modified_gmt":"2026-04-03T08:25:53","slug":"urgo-verrues-resistantes-2-ml","status":"publish","type":"product","link":"https:\/\/www.pharmacieonline.lu\/de\/produit\/urgo-verrues-resistantes-2-ml\/","title":{"rendered":"URGO VERRUES RESISTANTES 2 ML"},"content":{"rendered":"<p>Der URGO Resistant Warts Stift ist eine effektive, pr\u00e4zise und praktische Methode, um die hartn\u00e4ckigsten Warzen zu Hause zu entfernen.<\/p>\n<p>EFFEKTIV: Stift auf Basis einer starken S\u00e4ure (TCA-Active \u2122), der ab der 1. Woche sichtbare Ergebnisse liefert.<br \/>\nPR\u00c4ZISE: erm\u00f6glicht pr\u00e4zises Auftragen dank Pr\u00e4zisionsspitze und transparentem Applikator.<br \/>\nPRAKTISCH: gezielt auf die zu behandelnde Stelle dank seiner bl\u00e4ulichen Gelformel, die nicht verl\u00e4uft.<br \/>\nWirksam : Ergebnisse in 7 Tagen<\/p>\n<p>Komposition:<br \/>\nTCA-Aktiv \u2122<br \/>\nCarbopol<br \/>\nMethylblau<br \/>\nWasser<\/p>\n<p>Format:<br \/>\n2 ml Stift<\/p>\n<p>Anwendung:<br \/>\nKinder ab 4 Jahren: 1 Anwendung pro Tag f\u00fcr 4 Tage<br \/>\nErwachsene: 2 Anwendungen pro Tag f\u00fcr 4 Tage<\/p>","protected":false},"excerpt":{"rendered":"<p>Der URGO Resistant Warts Stift ist eine effektive, pr\u00e4zise und praktische Methode, um die hartn\u00e4ckigsten Warzen zu Hause zu entfernen. EFFEKTIV: Stift auf Basis einer starken S\u00e4ure (TCA-Active \u2122), der ab der 1. Woche sichtbare Ergebnisse liefert. PR\u00c4ZISE: erm\u00f6glicht pr\u00e4zises Auftragen dank Pr\u00e4zisionsspitze und transparentem Applikator. PRAKTISCH: gezielt auf die zu behandelnde Stelle dank seiner [&hellip;]<\/p>\n","protected":false},"featured_media":20232,"template":"","meta":{"_acf_changed":false,"footnotes":""},"product_brand":[],"product_cat":[947],"product_tag":[],"class_list":{"0":"post-20230","1":"product","2":"type-product","3":"status-publish","4":"has-post-thumbnail","6":"product_cat-verrue-mycose-de-longle","8":"first","9":"instock","10":"taxable","11":"shipping-taxable","12":"purchasable","13":"product-type-simple"},"acf":[],"_links":{"self":[{"href":"https:\/\/www.pharmacieonline.lu\/de\/wp-json\/wp\/v2\/product\/20230","targetHints":{"allow":["GET"]}}],"collection":[{"href":"https:\/\/www.pharmacieonline.lu\/de\/wp-json\/wp\/v2\/product"}],"about":[{"href":"https:\/\/www.pharmacieonline.lu\/de\/wp-json\/wp\/v2\/types\/product"}],"version-history":[{"count":0,"href":"https:\/\/www.pharmacieonline.lu\/de\/wp-json\/wp\/v2\/product\/20230\/revisions"}],"wp:featuredmedia":[{"embeddable":true,"href":"https:\/\/www.pharmacieonline.lu\/de\/wp-json\/wp\/v2\/media\/20232"}],"wp:attachment":[{"href":"https:\/\/www.pharmacieonline.lu\/de\/wp-json\/wp\/v2\/media?parent=20230"}],"wp:term":[{"taxonomy":"product_brand","embeddable":true,"href":"https:\/\/www.pharmacieonline.lu\/de\/wp-json\/wp\/v2\/product_brand?post=20230"},{"taxonomy":"product_cat","embeddable":true,"href":"https:\/\/www.pharmacieonline.lu\/de\/wp-json\/wp\/v2\/product_cat?post=20230"},{"taxonomy":"product_tag","embeddable":true,"href":"https:\/\/www.pharmacieonline.lu\/de\/wp-json\/wp\/v2\/product_tag?post=20230"}],"curies":[{"name":"wp","href":"https:\/\/api.w.org\/{rel}","templated":true}]}}