{"id":2029,"date":"2020-11-25T17:27:52","date_gmt":"2020-11-25T16:27:52","guid":{"rendered":"https:\/\/www.pharmacieonline.lu\/produit\/dafalgan-ped-300-mg-12-supp\/"},"modified":"2026-04-03T16:25:26","modified_gmt":"2026-04-03T14:25:26","slug":"dafalgan-ped-300-mg-12-supp","status":"publish","type":"product","link":"https:\/\/www.pharmacieonline.lu\/de\/produit\/dafalgan-ped-300-mg-12-supp\/","title":{"rendered":"DAFALGAN PED 300 MG 12 SUPP"},"content":{"rendered":"<p>Kind von 20-30 kg; 1 Suppo maximal 4 * \/ Tag (Beachten Sie ein Intervall von 6 Stunden zwischen zwei Suppositorien)<\/p>\n<p>Die empfohlene Dosis ist:<br \/>\nDie \u00fcbliche Dosis f\u00fcr Kinder betr\u00e4gt 10 bis 15 mg \/ kg alle 6 Stunden (d. H. 40 bis 60 mg \/ kg \/ 24)<br \/>\nStd); Bei Gelbsucht wird diese Dosierung um die H\u00e4lfte reduziert.<br \/>\nDie maximale Dosis, die nicht \u00fcberschritten werden darf, betr\u00e4gt 60 mg \/ kg \/ 24 Stunden<\/p>","protected":false},"excerpt":{"rendered":"<p class=\"qtranxs-available-languages-message qtranxs-available-languages-message-de\">\n<p>Ce m\u00e9dicament est un antalgique (il calme la douleur) et un antipyr\u00e9tique (il fait baisser la fi\u00e8vre).<br \/>\nIl est r\u00e9serv\u00e9 aux enfants de moins de 30 kg.<\/p>\n","protected":false},"featured_media":2882,"template":"","meta":{"_acf_changed":false,"footnotes":""},"product_brand":[],"product_cat":[43,94,93,86],"product_tag":[],"class_list":{"0":"post-2029","1":"product","2":"type-product","3":"status-publish","4":"has-post-thumbnail","6":"product_cat-medicaments-en-vente-libre","7":"product_cat-maux","8":"product_cat-fievre","9":"product_cat-grippe","11":"first","12":"instock","13":"taxable","14":"shipping-taxable","15":"purchasable","16":"product-type-simple"},"acf":[],"_links":{"self":[{"href":"https:\/\/www.pharmacieonline.lu\/de\/wp-json\/wp\/v2\/product\/2029","targetHints":{"allow":["GET"]}}],"collection":[{"href":"https:\/\/www.pharmacieonline.lu\/de\/wp-json\/wp\/v2\/product"}],"about":[{"href":"https:\/\/www.pharmacieonline.lu\/de\/wp-json\/wp\/v2\/types\/product"}],"version-history":[{"count":0,"href":"https:\/\/www.pharmacieonline.lu\/de\/wp-json\/wp\/v2\/product\/2029\/revisions"}],"wp:featuredmedia":[{"embeddable":true,"href":"https:\/\/www.pharmacieonline.lu\/de\/wp-json\/wp\/v2\/media\/2882"}],"wp:attachment":[{"href":"https:\/\/www.pharmacieonline.lu\/de\/wp-json\/wp\/v2\/media?parent=2029"}],"wp:term":[{"taxonomy":"product_brand","embeddable":true,"href":"https:\/\/www.pharmacieonline.lu\/de\/wp-json\/wp\/v2\/product_brand?post=2029"},{"taxonomy":"product_cat","embeddable":true,"href":"https:\/\/www.pharmacieonline.lu\/de\/wp-json\/wp\/v2\/product_cat?post=2029"},{"taxonomy":"product_tag","embeddable":true,"href":"https:\/\/www.pharmacieonline.lu\/de\/wp-json\/wp\/v2\/product_tag?post=2029"}],"curies":[{"name":"wp","href":"https:\/\/api.w.org\/{rel}","templated":true}]}}