{"id":2047,"date":"2020-11-25T17:27:52","date_gmt":"2020-11-25T16:27:52","guid":{"rendered":"https:\/\/www.pharmacieonline.lu\/produit\/roche-posay-tol-sensitive-creme-40-ml\/"},"modified":"2026-04-02T22:25:31","modified_gmt":"2026-04-02T20:25:31","slug":"roche-posay-tol-sensitive-creme-40-ml","status":"publish","type":"product","link":"https:\/\/www.pharmacieonline.lu\/de\/produit\/roche-posay-tol-sensitive-creme-40-ml\/","title":{"rendered":"ROCHE POSAY TOL SENSITIVE CREME 40 ML"},"content":{"rendered":"<p>Sch\u00fctzende beruhigende Feuchtigkeitscreme. Die neue dermatologische Feuchtigkeitsversorgung f\u00fcr empfindliche Haut, auch f\u00fcr die empfindlichste.<\/p>\n<p>BESCHAFFENHEIT &amp; ANWENDUNG<\/p>\n<p>Morgens und abends auf Gesicht und Hals auftragen. W\u00e4ssrige Textur f\u00fcr empfindliche Haut.<\/p>\n<p>Komposition<br \/>\nZUTATEN | DRAHTCODE: B223958 \/ 1<br \/>\nAQUA WASSER<br \/>\nGLYCERIN<br \/>\nSQUALAN<br \/>\nDIMETHIKON<br \/>\nZEA MAYS STARCH \/ CORN STARCH<br \/>\nNIACINAMID<br \/>\nAMMONIUM POLYACRYLOYLDIMETHYL TAURATE<br \/>\nMYRISTYL MYRISTATE<br \/>\nSTEARINS\u00c4URE<br \/>\nCERAMIDE NP<br \/>\nPOTASSIUM CETYL PHOSPHATE<br \/>\nGLYCERYL STEARATE SE<br \/>\nNATRIUMHYDROXID<br \/>\nMYRISTINS\u00c4URE<br \/>\nPALMITINS\u00c4URE<br \/>\nCAPRYLOYLGLYCIN<br \/>\nCAPRYLYL GLYCOL<br \/>\nXANTHAN GUM<\/p>","protected":false},"excerpt":{"rendered":"<p>Sch\u00fctzende beruhigende Feuchtigkeitscreme. Die neue dermatologische Feuchtigkeitsversorgung f\u00fcr empfindliche Haut, auch f\u00fcr die empfindlichste. BESCHAFFENHEIT &amp; ANWENDUNG Morgens und abends auf Gesicht und Hals auftragen. W\u00e4ssrige Textur f\u00fcr empfindliche Haut. Komposition ZUTATEN | DRAHTCODE: B223958 \/ 1 AQUA WASSER GLYCERIN SQUALAN DIMETHIKON ZEA MAYS STARCH \/ CORN STARCH NIACINAMID AMMONIUM POLYACRYLOYLDIMETHYL TAURATE MYRISTYL MYRISTATE STEARINS\u00c4URE [&hellip;]<\/p>\n","protected":false},"featured_media":2911,"template":"","meta":{"_acf_changed":false,"footnotes":""},"product_brand":[],"product_cat":[47,42,54],"product_tag":[],"class_list":{"0":"post-2047","1":"product","2":"type-product","3":"status-publish","4":"has-post-thumbnail","6":"product_cat-dermocosmetique","7":"product_cat-para-pharmacie","8":"product_cat-soins-du-visage","10":"first","11":"instock","12":"taxable","13":"shipping-taxable","14":"purchasable","15":"product-type-simple"},"acf":[],"_links":{"self":[{"href":"https:\/\/www.pharmacieonline.lu\/de\/wp-json\/wp\/v2\/product\/2047","targetHints":{"allow":["GET"]}}],"collection":[{"href":"https:\/\/www.pharmacieonline.lu\/de\/wp-json\/wp\/v2\/product"}],"about":[{"href":"https:\/\/www.pharmacieonline.lu\/de\/wp-json\/wp\/v2\/types\/product"}],"version-history":[{"count":0,"href":"https:\/\/www.pharmacieonline.lu\/de\/wp-json\/wp\/v2\/product\/2047\/revisions"}],"wp:featuredmedia":[{"embeddable":true,"href":"https:\/\/www.pharmacieonline.lu\/de\/wp-json\/wp\/v2\/media\/2911"}],"wp:attachment":[{"href":"https:\/\/www.pharmacieonline.lu\/de\/wp-json\/wp\/v2\/media?parent=2047"}],"wp:term":[{"taxonomy":"product_brand","embeddable":true,"href":"https:\/\/www.pharmacieonline.lu\/de\/wp-json\/wp\/v2\/product_brand?post=2047"},{"taxonomy":"product_cat","embeddable":true,"href":"https:\/\/www.pharmacieonline.lu\/de\/wp-json\/wp\/v2\/product_cat?post=2047"},{"taxonomy":"product_tag","embeddable":true,"href":"https:\/\/www.pharmacieonline.lu\/de\/wp-json\/wp\/v2\/product_tag?post=2047"}],"curies":[{"name":"wp","href":"https:\/\/api.w.org\/{rel}","templated":true}]}}