{"id":2048,"date":"2020-11-25T17:27:52","date_gmt":"2020-11-25T16:27:52","guid":{"rendered":"https:\/\/www.pharmacieonline.lu\/produit\/roche-posay-tol-sensitive-riche-40-ml\/"},"modified":"2026-04-03T16:25:30","modified_gmt":"2026-04-03T14:25:30","slug":"roche-posay-tol-sensitive-riche-40-ml","status":"publish","type":"product","link":"https:\/\/www.pharmacieonline.lu\/de\/produit\/roche-posay-tol-sensitive-riche-40-ml\/","title":{"rendered":"ROCHE POSAY TOL SENSITIVE RICHE 40 ML"},"content":{"rendered":"<p>Sch\u00fctzende Feuchtigkeitscreme. Die neue dermatologische Fl\u00fcssigkeitszufuhr f\u00fcr empfindliche Haut, auch f\u00fcr die empfindlichste.<\/p>\n<p>Indikation<\/p>\n<p>&#8211; Hydrate f\u00fcr 48 Stunden. Repariert und sch\u00fctzt die Hautbarriere. &#8211; Beruhigt intensiv. Beruhigt und reduziert Hautirritationen. Lindert Hautverspannungen, Kribbeln, Trockenheit und gelegentliche R\u00f6tungen.<\/p>\n<p>BESCHAFFENHEIT &amp; ANWENDUNG<br \/>\nMorgens und abends auf Gesicht und Hals auftragen. Cremige Textur f\u00fcr empfindliche und trockene Haut.<\/p>\n<p>ZUTATEN<br \/>\nAQUA WASSER<br \/>\nISOCETYLSTEARAT<br \/>\nCOCO-CAPRYLAT \/ CAPRAT<br \/>\nSQUALAN<br \/>\nBUTYROSPERMUM PARKII BUTTER \/ SHEA BUTTER<br \/>\nGLYCERIN<br \/>\nPROPANEDIOL<br \/>\nCETYLALKOHOL<br \/>\nALUMINIUMSTARCH OCTENYLSUCCINATE<br \/>\nGLYCERYLSTEARAT<br \/>\nPENTYLENGLYCOL<br \/>\nPEG-100 STEARATE<br \/>\nNIACINAMID<br \/>\nCETEARYLALKOHOL<br \/>\nNATRIUMHYDROXID<br \/>\nCAPRYLYL GLYCOL<br \/>\nZITRONENS\u00c4URE<br \/>\nACRYLATE \/ C10-30 ALKYLACRYLAT-CROSSPOLYMER<\/p>","protected":false},"excerpt":{"rendered":"<p>Sch\u00fctzende Feuchtigkeitscreme. Die neue dermatologische Fl\u00fcssigkeitszufuhr f\u00fcr empfindliche Haut, auch f\u00fcr die empfindlichste. Indikation &#8211; Hydrate f\u00fcr 48 Stunden. Repariert und sch\u00fctzt die Hautbarriere. &#8211; Beruhigt intensiv. Beruhigt und reduziert Hautirritationen. Lindert Hautverspannungen, Kribbeln, Trockenheit und gelegentliche R\u00f6tungen. BESCHAFFENHEIT &amp; ANWENDUNG Morgens und abends auf Gesicht und Hals auftragen. Cremige Textur f\u00fcr empfindliche und trockene [&hellip;]<\/p>\n","protected":false},"featured_media":2875,"template":"","meta":{"_acf_changed":false,"footnotes":""},"product_brand":[],"product_cat":[47,42,54],"product_tag":[],"class_list":{"0":"post-2048","1":"product","2":"type-product","3":"status-publish","4":"has-post-thumbnail","6":"product_cat-dermocosmetique","7":"product_cat-para-pharmacie","8":"product_cat-soins-du-visage","10":"first","11":"instock","12":"taxable","13":"shipping-taxable","14":"purchasable","15":"product-type-simple"},"acf":[],"_links":{"self":[{"href":"https:\/\/www.pharmacieonline.lu\/de\/wp-json\/wp\/v2\/product\/2048","targetHints":{"allow":["GET"]}}],"collection":[{"href":"https:\/\/www.pharmacieonline.lu\/de\/wp-json\/wp\/v2\/product"}],"about":[{"href":"https:\/\/www.pharmacieonline.lu\/de\/wp-json\/wp\/v2\/types\/product"}],"version-history":[{"count":0,"href":"https:\/\/www.pharmacieonline.lu\/de\/wp-json\/wp\/v2\/product\/2048\/revisions"}],"wp:featuredmedia":[{"embeddable":true,"href":"https:\/\/www.pharmacieonline.lu\/de\/wp-json\/wp\/v2\/media\/2875"}],"wp:attachment":[{"href":"https:\/\/www.pharmacieonline.lu\/de\/wp-json\/wp\/v2\/media?parent=2048"}],"wp:term":[{"taxonomy":"product_brand","embeddable":true,"href":"https:\/\/www.pharmacieonline.lu\/de\/wp-json\/wp\/v2\/product_brand?post=2048"},{"taxonomy":"product_cat","embeddable":true,"href":"https:\/\/www.pharmacieonline.lu\/de\/wp-json\/wp\/v2\/product_cat?post=2048"},{"taxonomy":"product_tag","embeddable":true,"href":"https:\/\/www.pharmacieonline.lu\/de\/wp-json\/wp\/v2\/product_tag?post=2048"}],"curies":[{"name":"wp","href":"https:\/\/api.w.org\/{rel}","templated":true}]}}