{"id":2057,"date":"2020-11-25T17:27:52","date_gmt":"2020-11-25T16:27:52","guid":{"rendered":"https:\/\/www.pharmacieonline.lu\/produit\/cerave-lait-hydratant-473-ml\/"},"modified":"2026-04-02T21:55:36","modified_gmt":"2026-04-02T19:55:36","slug":"cerave-lait-hydratant-473-ml","status":"publish","type":"product","link":"https:\/\/www.pharmacieonline.lu\/de\/produit\/cerave-lait-hydratant-473-ml\/","title":{"rendered":"CERAVE LAIT HYDRATANT 473 ML"},"content":{"rendered":"<p>feuchtigkeitsspendende Milch f\u00fcr trockene bis sehr trockene Haut<br \/>\nf\u00fcr Gesicht und K\u00f6rper<\/p>\n<p>CeraVe Moisturizing Milk f\u00fcr trockene bis sehr trockene Haut spendet den ganzen Tag \u00fcber leichte Feuchtigkeit und stellt die Schutzbarriere der Haut wieder her.<\/p>\n<p>Mit 3 essentiellen Ceramiden (1, 3 und 6-II) und Hyalurons\u00e4ure zur Aufrechterhaltung der nat\u00fcrlichen Feuchtigkeit der Haut.<\/p>\n<p>CeraVe Moisturizing Milk wurde von Dermatologen entwickelt und spendet Feuchtigkeit und hilft dabei, die Schutzbarriere der Haut wiederherzustellen.<\/p>\n<p>Diese Milch ist leicht und fettfrei.<\/p>\n<p>Mit 3 essentiellen Ceramiden und Hyalurons\u00e4ure wird die Hydratation den ganzen Tag nach einer einzigen Anwendung ohne Fettr\u00fcckst\u00e4nde sichergestellt.<\/p>\n<p>\u2022 Mit Ceramiden 1, 3 und 6-II<br \/>\n\u2022 Hyalurons\u00e4ure zur Aufrechterhaltung der Hautfeuchtigkeit<br \/>\n\u2022 Nicht komedogene Formel. Verstopft nicht die Poren<br \/>\n\u2022 Duftfreie Formel, geeignet f\u00fcr empfindliche Haut.<\/p>\n<p>Indikation<br \/>\nn\u00e4hrt, hydratisiert und hilft, die Schutzbarriere der Haut wiederherzustellen<\/p>\n<p>Verwendung<br \/>\nBewerben Sie sich so oft wie n\u00f6tig.<\/p>\n<p>Komposition<br \/>\nmit 3 essentiellen Ceramiden und Hyalurons\u00e4ure<\/p>\n<p>Zutaten:<br \/>\nAQUA \/ Wasser GLYCERIN Caprylic \/ Capric Triglycerid Cetearyl Alcohol ALCOHOL Cetyldimethicon PHENOXYETHANOL Polysorbat 20 Ceteareth-20 Behentrimonium Methosulfate Polyglyceryl-3 Diisostearate Sodium Lauroyl Lactylate Ethylhexylglycerin Kaliumphosphat Dinatrium-EDTA DIKALIUMPHOSPHAT CERAMIDE NP CERAMIDE AP PHYTOSPHINGOSINE CHOLESTERIN Xanthangum CARBOMER Natriumhyaluronat TOCOPHERO<\/p>","protected":false},"excerpt":{"rendered":"<p>feuchtigkeitsspendende Milch f\u00fcr trockene bis sehr trockene Haut f\u00fcr Gesicht und K\u00f6rper CeraVe Moisturizing Milk f\u00fcr trockene bis sehr trockene Haut spendet den ganzen Tag \u00fcber leichte Feuchtigkeit und stellt die Schutzbarriere der Haut wieder her. Mit 3 essentiellen Ceramiden (1, 3 und 6-II) und Hyalurons\u00e4ure zur Aufrechterhaltung der nat\u00fcrlichen Feuchtigkeit der Haut. CeraVe Moisturizing [&hellip;]<\/p>\n","protected":false},"featured_media":2894,"template":"","meta":{"_acf_changed":false,"footnotes":""},"product_brand":[],"product_cat":[47,42,56],"product_tag":[],"class_list":{"0":"post-2057","1":"product","2":"type-product","3":"status-publish","4":"has-post-thumbnail","6":"product_cat-dermocosmetique","7":"product_cat-para-pharmacie","8":"product_cat-soins-du-corps","10":"first","11":"instock","12":"taxable","13":"shipping-taxable","14":"purchasable","15":"product-type-simple"},"acf":[],"_links":{"self":[{"href":"https:\/\/www.pharmacieonline.lu\/de\/wp-json\/wp\/v2\/product\/2057","targetHints":{"allow":["GET"]}}],"collection":[{"href":"https:\/\/www.pharmacieonline.lu\/de\/wp-json\/wp\/v2\/product"}],"about":[{"href":"https:\/\/www.pharmacieonline.lu\/de\/wp-json\/wp\/v2\/types\/product"}],"version-history":[{"count":0,"href":"https:\/\/www.pharmacieonline.lu\/de\/wp-json\/wp\/v2\/product\/2057\/revisions"}],"wp:featuredmedia":[{"embeddable":true,"href":"https:\/\/www.pharmacieonline.lu\/de\/wp-json\/wp\/v2\/media\/2894"}],"wp:attachment":[{"href":"https:\/\/www.pharmacieonline.lu\/de\/wp-json\/wp\/v2\/media?parent=2057"}],"wp:term":[{"taxonomy":"product_brand","embeddable":true,"href":"https:\/\/www.pharmacieonline.lu\/de\/wp-json\/wp\/v2\/product_brand?post=2057"},{"taxonomy":"product_cat","embeddable":true,"href":"https:\/\/www.pharmacieonline.lu\/de\/wp-json\/wp\/v2\/product_cat?post=2057"},{"taxonomy":"product_tag","embeddable":true,"href":"https:\/\/www.pharmacieonline.lu\/de\/wp-json\/wp\/v2\/product_tag?post=2057"}],"curies":[{"name":"wp","href":"https:\/\/api.w.org\/{rel}","templated":true}]}}