{"id":20798,"date":"2021-10-07T11:05:45","date_gmt":"2021-10-07T09:05:45","guid":{"rendered":"https:\/\/www.pharmacieonline.lu\/?post_type=product&#038;p=20798"},"modified":"2026-04-04T20:25:46","modified_gmt":"2026-04-04T18:25:46","slug":"forcapil-croissance-60-gummies","status":"publish","type":"product","link":"https:\/\/www.pharmacieonline.lu\/de\/produit\/forcapil-croissance-60-gummies\/","title":{"rendered":"FORCAPIL CROISSANCE 60 GUMMIES"},"content":{"rendered":"<p>ST\u00c4RKE, WACHSTUM, GLANZ.<\/p>\n<p>Forcapil\u00ae Gummies wurde speziell entwickelt, um Ihrem Haar Kraft und Glanz zu verleihen und das Wachstum f\u00fcr st\u00e4rkeres, l\u00e4ngeres und sch\u00f6neres Haar zu stimulieren!<\/p>\n<p>VERWENDUNGSTIPPS<\/p>\n<p>Erwachsene und Jugendliche ab 15 Jahren:<\/p>\n<p>2 Gummib\u00e4rchen pro Tag, zu jeder Tageszeit.<br \/>\nFORCAPIL\u00ae GUMMIES: ST\u00c4RKEN UND STIMULIEREN DES HAARWACHSTUMS<\/p>\n<p>Forcapil\u00ae, seit \u00fcber 30 Jahren Experte f\u00fcr Haarst\u00e4rke und -gesundheit, hat GUMMIES entwickelt, die speziell entwickelt wurden, um zu helfen:<\/p>\n<p>St\u00e4rken Sie die Haarfaser und f\u00f6rdern Sie ihre Widerstandskraft.<br \/>\nF\u00f6rdern Sie Wachstum und Wachstum dank Schachtelhalm.<br \/>\nVerbessern Sie das Haar, indem Sie ihm Geschmeidigkeit und Glanz verleihen.<br \/>\nErhalten Sie eine gute Haargesundheit dank Vitamin B8 und Selen.<\/p>\n<p>Das Format dieser k\u00f6stlichen Fruchtgummis kann \u00fcberall mitgenommen werden!<\/p>\n<p>DETAILS DER INHALTSSTOFFE:<\/p>\n<p>Glukosesirup &#8211; Zucker &#8211; Nat\u00fcrliche Aromen (Himbeer- und Waldfruchtaromen) &#8211; Geliermittel: Pektine &#8211; S\u00e4uerungsmittel: Zitronens\u00e4ure, Natriumcitrat &#8211; Vitamin C &#8211; Zinkcitrat &#8211; Natriumselenit &#8211; Extrakt aus dem oberirdischen Teil des Schachtelhalms (Equisetum arvense L.) &#8211; Konzentrat aus Karotte (Daucus carota L.) und schwarzer Johannisbeere (Ribes nigrum L.) &#8211; Vitamin B5 &#8211; Vitamin B6 &#8211; Vitamin B8 &#8211; Vitamin B9. Beschichtungsmittel: Carnaubawachs.<\/p>","protected":false},"excerpt":{"rendered":"<p>ST\u00c4RKE, WACHSTUM, GLANZ. Forcapil\u00ae Gummies wurde speziell entwickelt, um Ihrem Haar Kraft und Glanz zu verleihen und das Wachstum f\u00fcr st\u00e4rkeres, l\u00e4ngeres und sch\u00f6neres Haar zu stimulieren! VERWENDUNGSTIPPS Erwachsene und Jugendliche ab 15 Jahren: 2 Gummib\u00e4rchen pro Tag, zu jeder Tageszeit. FORCAPIL\u00ae GUMMIES: ST\u00c4RKEN UND STIMULIEREN DES HAARWACHSTUMS Forcapil\u00ae, seit \u00fcber 30 Jahren Experte f\u00fcr [&hellip;]<\/p>\n","protected":false},"featured_media":20800,"template":"","meta":{"_acf_changed":false,"footnotes":""},"product_brand":[],"product_cat":[802,42,53,953],"product_tag":[],"class_list":{"0":"post-20798","1":"product","2":"type-product","3":"status-publish","4":"has-post-thumbnail","6":"product_cat-vitamines-cheveux-et-ongles","7":"product_cat-para-pharmacie","8":"product_cat-cheveux","9":"product_cat-complements-alimentaires","11":"first","12":"instock","13":"taxable","14":"shipping-taxable","15":"purchasable","16":"product-type-simple"},"acf":[],"_links":{"self":[{"href":"https:\/\/www.pharmacieonline.lu\/de\/wp-json\/wp\/v2\/product\/20798","targetHints":{"allow":["GET"]}}],"collection":[{"href":"https:\/\/www.pharmacieonline.lu\/de\/wp-json\/wp\/v2\/product"}],"about":[{"href":"https:\/\/www.pharmacieonline.lu\/de\/wp-json\/wp\/v2\/types\/product"}],"version-history":[{"count":0,"href":"https:\/\/www.pharmacieonline.lu\/de\/wp-json\/wp\/v2\/product\/20798\/revisions"}],"wp:featuredmedia":[{"embeddable":true,"href":"https:\/\/www.pharmacieonline.lu\/de\/wp-json\/wp\/v2\/media\/20800"}],"wp:attachment":[{"href":"https:\/\/www.pharmacieonline.lu\/de\/wp-json\/wp\/v2\/media?parent=20798"}],"wp:term":[{"taxonomy":"product_brand","embeddable":true,"href":"https:\/\/www.pharmacieonline.lu\/de\/wp-json\/wp\/v2\/product_brand?post=20798"},{"taxonomy":"product_cat","embeddable":true,"href":"https:\/\/www.pharmacieonline.lu\/de\/wp-json\/wp\/v2\/product_cat?post=20798"},{"taxonomy":"product_tag","embeddable":true,"href":"https:\/\/www.pharmacieonline.lu\/de\/wp-json\/wp\/v2\/product_tag?post=20798"}],"curies":[{"name":"wp","href":"https:\/\/api.w.org\/{rel}","templated":true}]}}