{"id":20808,"date":"2021-10-07T11:31:17","date_gmt":"2021-10-07T09:31:17","guid":{"rendered":"https:\/\/www.pharmacieonline.lu\/?post_type=product&#038;p=20808"},"modified":"2026-04-10T04:25:36","modified_gmt":"2026-04-10T02:25:36","slug":"eucerin-hyal-fill-x3-cr-nuit","status":"publish","type":"product","link":"https:\/\/www.pharmacieonline.lu\/de\/produit\/eucerin-hyal-fill-x3-cr-nuit\/","title":{"rendered":"EUCERIN HYAL-FILL X3 CR NUIT"},"content":{"rendered":"<p>Anti-Aging Nachtpflege mit 3x EFFECT Formel:<\/p>\n<p>HYALURON-F\u00dcLLER der neuen Generation:<\/p>\n<p>&#8211; Anti-Aging-Tagespflege auf Basis von Hyalurons\u00e4ure, Saponin und Enoxolon<br \/>\n&#8211; F\u00fcr alle Hauttypen<br \/>\n&#8211; Enth\u00e4lt konzentriertes Dexpanthenol, das den Regenerationsprozess der Haut \u00fcber Nacht unterst\u00fctzt<\/p>\n<p>1. Komplementiert<br \/>\n2. Stimuliert<br \/>\n3. Sch\u00fctzt<\/p>\n<p>Bek\u00e4mpft den Hautalterungsprozess, f\u00fcr eine sichtbar j\u00fcnger aussehende, glattere und strahlendere Haut.<\/p>\n<p>Nutzungstipps<\/p>\n<p>&#8211; Abends auf gut gereinigtes Gesicht, Hals und Dekollet\u00e9 auftragen<br \/>\n&#8211; Sanft einmassieren, bis das Produkt eindringt<br \/>\n&#8211; Den Kontakt mit den Augen vermeiden<\/p>","protected":false},"excerpt":{"rendered":"<p>Anti-Aging Nachtpflege mit 3x EFFECT Formel: HYALURON-F\u00dcLLER der neuen Generation: &#8211; Anti-Aging-Tagespflege auf Basis von Hyalurons\u00e4ure, Saponin und Enoxolon &#8211; F\u00fcr alle Hauttypen &#8211; Enth\u00e4lt konzentriertes Dexpanthenol, das den Regenerationsprozess der Haut \u00fcber Nacht unterst\u00fctzt 1. Komplementiert 2. Stimuliert 3. Sch\u00fctzt Bek\u00e4mpft den Hautalterungsprozess, f\u00fcr eine sichtbar j\u00fcnger aussehende, glattere und strahlendere Haut. Nutzungstipps &#8211; [&hellip;]<\/p>\n","protected":false},"featured_media":20810,"template":"","meta":{"_acf_changed":false,"footnotes":""},"product_brand":[],"product_cat":[47,42,54],"product_tag":[],"class_list":{"0":"post-20808","1":"product","2":"type-product","3":"status-publish","4":"has-post-thumbnail","6":"product_cat-dermocosmetique","7":"product_cat-para-pharmacie","8":"product_cat-soins-du-visage","10":"first","11":"instock","12":"taxable","13":"shipping-taxable","14":"purchasable","15":"product-type-simple"},"acf":[],"_links":{"self":[{"href":"https:\/\/www.pharmacieonline.lu\/de\/wp-json\/wp\/v2\/product\/20808","targetHints":{"allow":["GET"]}}],"collection":[{"href":"https:\/\/www.pharmacieonline.lu\/de\/wp-json\/wp\/v2\/product"}],"about":[{"href":"https:\/\/www.pharmacieonline.lu\/de\/wp-json\/wp\/v2\/types\/product"}],"version-history":[{"count":0,"href":"https:\/\/www.pharmacieonline.lu\/de\/wp-json\/wp\/v2\/product\/20808\/revisions"}],"wp:featuredmedia":[{"embeddable":true,"href":"https:\/\/www.pharmacieonline.lu\/de\/wp-json\/wp\/v2\/media\/20810"}],"wp:attachment":[{"href":"https:\/\/www.pharmacieonline.lu\/de\/wp-json\/wp\/v2\/media?parent=20808"}],"wp:term":[{"taxonomy":"product_brand","embeddable":true,"href":"https:\/\/www.pharmacieonline.lu\/de\/wp-json\/wp\/v2\/product_brand?post=20808"},{"taxonomy":"product_cat","embeddable":true,"href":"https:\/\/www.pharmacieonline.lu\/de\/wp-json\/wp\/v2\/product_cat?post=20808"},{"taxonomy":"product_tag","embeddable":true,"href":"https:\/\/www.pharmacieonline.lu\/de\/wp-json\/wp\/v2\/product_tag?post=20808"}],"curies":[{"name":"wp","href":"https:\/\/api.w.org\/{rel}","templated":true}]}}