{"id":2083,"date":"2020-11-25T17:27:53","date_gmt":"2020-11-25T16:27:53","guid":{"rendered":"https:\/\/www.pharmacieonline.lu\/produit\/canestene-intim-1-creme-20g\/"},"modified":"2026-04-23T12:25:18","modified_gmt":"2026-04-23T10:25:18","slug":"canestene-intim-1-creme-20g","status":"publish","type":"product","link":"https:\/\/www.pharmacieonline.lu\/de\/produit\/canestene-intim-1-creme-20g\/","title":{"rendered":"CANESTENE INTIM 1% CREME 20G"},"content":{"rendered":"<p>Canestene Intim 1% Creme enth\u00e4lt Clotrimazol. Clotrimazol geh\u00f6rt zu einer bestimmten Gruppe von<br \/>\nMedikamente namens Imidazole. Es ist ein Arzneimittel zur Behandlung von Pilzkrankheiten von<br \/>\ndurch Candida induzierte weibliche und m\u00e4nnliche \u00e4u\u00dfere Geschlechtsorgane (Vulvitis, Balanitis).<\/p>\n<p>2-3 mal t\u00e4glich auf den betroffenen Hautbereich auftragen und durch in die Haut einarbeiten<br \/>\nleicht massieren. In den meisten F\u00e4llen reicht eine kleine Menge Creme aus, um a zu behandeln<br \/>\nFl\u00e4che, die ungef\u00e4hr einer Handfl\u00e4che entspricht.<br \/>\nIm Falle einer Pilzinfektion der Haut und der Schleimh\u00e4ute der weiblichen \u00e4u\u00dferen Geschlechtsorgane und<br \/>\nm\u00e4nnliche \u00e4u\u00dfere Geschlechtsorgane, und um eine erneute Infektion zu vermeiden, der Partner<br \/>\nmuss gleichzeitig lokal mit Canestene Intim 1% Creme behandelt werden. Die Creme wird aufgetragen<br \/>\n2 bis 3 mal t\u00e4glich einmassieren.<\/p>","protected":false},"excerpt":{"rendered":"<p>Canestene Intim 1% Creme enth\u00e4lt Clotrimazol. Clotrimazol geh\u00f6rt zu einer bestimmten Gruppe von Medikamente namens Imidazole. Es ist ein Arzneimittel zur Behandlung von Pilzkrankheiten von durch Candida induzierte weibliche und m\u00e4nnliche \u00e4u\u00dfere Geschlechtsorgane (Vulvitis, Balanitis). 2-3 mal t\u00e4glich auf den betroffenen Hautbereich auftragen und durch in die Haut einarbeiten leicht massieren. In den meisten F\u00e4llen [&hellip;]<\/p>\n","protected":false},"featured_media":2839,"template":"","meta":{"_acf_changed":false,"footnotes":""},"product_brand":[],"product_cat":[43,776,768],"product_tag":[],"class_list":{"0":"post-2083","1":"product","2":"type-product","3":"status-publish","4":"has-post-thumbnail","6":"product_cat-medicaments-en-vente-libre","7":"product_cat-mycoses-flore-vaginale","8":"product_cat-gynecologie-urologie","10":"first","11":"instock","12":"taxable","13":"shipping-taxable","14":"purchasable","15":"product-type-simple"},"acf":[],"_links":{"self":[{"href":"https:\/\/www.pharmacieonline.lu\/de\/wp-json\/wp\/v2\/product\/2083","targetHints":{"allow":["GET"]}}],"collection":[{"href":"https:\/\/www.pharmacieonline.lu\/de\/wp-json\/wp\/v2\/product"}],"about":[{"href":"https:\/\/www.pharmacieonline.lu\/de\/wp-json\/wp\/v2\/types\/product"}],"version-history":[{"count":0,"href":"https:\/\/www.pharmacieonline.lu\/de\/wp-json\/wp\/v2\/product\/2083\/revisions"}],"wp:featuredmedia":[{"embeddable":true,"href":"https:\/\/www.pharmacieonline.lu\/de\/wp-json\/wp\/v2\/media\/2839"}],"wp:attachment":[{"href":"https:\/\/www.pharmacieonline.lu\/de\/wp-json\/wp\/v2\/media?parent=2083"}],"wp:term":[{"taxonomy":"product_brand","embeddable":true,"href":"https:\/\/www.pharmacieonline.lu\/de\/wp-json\/wp\/v2\/product_brand?post=2083"},{"taxonomy":"product_cat","embeddable":true,"href":"https:\/\/www.pharmacieonline.lu\/de\/wp-json\/wp\/v2\/product_cat?post=2083"},{"taxonomy":"product_tag","embeddable":true,"href":"https:\/\/www.pharmacieonline.lu\/de\/wp-json\/wp\/v2\/product_tag?post=2083"}],"curies":[{"name":"wp","href":"https:\/\/api.w.org\/{rel}","templated":true}]}}