{"id":2086,"date":"2020-11-25T17:27:53","date_gmt":"2020-11-25T16:27:53","guid":{"rendered":"https:\/\/www.pharmacieonline.lu\/produit\/dercos-nutrients-vitamine-ap-shamp-200ml\/"},"modified":"2026-04-02T19:55:32","modified_gmt":"2026-04-02T17:55:32","slug":"dercos-nutrients-vitamine-ap-shamp-200ml","status":"publish","type":"product","link":"https:\/\/www.pharmacieonline.lu\/de\/produit\/dercos-nutrients-vitamine-ap-shamp-200ml\/","title":{"rendered":"DERCOS NUTRIENTS VITAMINE AP SHAMP 200ML"},"content":{"rendered":"<p>Revitalisierender Conditioner f\u00fcr stumpfes, m\u00fcdes Haar. Die Kombination aus energiereichen Acai-Beeren, st\u00e4rkender Aloe Vera und einer botanischen Reinigungsbasis wirkt sich auf den Glanz und die Weichheit des Haares aus.<\/p>\n<p>Indikation<br \/>\nF\u00fcr Frauen mit stumpfem Haar und m\u00fcde von Stress und M\u00fcdigkeit.<\/p>\n<p>GL\u00c4NZEN UND HYDRATION<br \/>\nF\u00d6RDERT DIE WEICHHEIT DES HAARES<br \/>\nSILIKONFREI F\u00dcR NAT\u00dcRLICHE BER\u00dcHRUNG<\/p>\n<p>AKTIVE ZUTATEN revitalisieren Acai-Beeren und spenden Aloe Vera Feuchtigkeit<br \/>\nHAARTYP Stumpfes und m\u00fcdes Haar<br \/>\nWANN mehrmals pro Woche<br \/>\nVORTEILE Weichheit des Haares und lang anhaltender Glanz<\/p>\n<p>Anwendung<br \/>\nTragen Sie es gro\u00dfz\u00fcgig auf die L\u00e4nge Ihres sauberen Haares auf. Einmassieren, max. 2 Minuten einwirken lassen. und gr\u00fcndlich aussp\u00fclen. Bei Kontakt mit den Augen sofort und gr\u00fcndlich aussp\u00fclen.<\/p>\n<p>Komposition<br \/>\nAQUA \/ Wasser &#8211; Cetearylalkohol &#8211; Helianthus annuus SEED \u00d6l \/ Sonnenblumen\u00f6l &#8211; GLYCERIN &#8211; Stearamidopropyl Dimethylamine &#8211; Cetylester &#8211; Parfum \/ Duft &#8211; Aloe barbadensis Blatsaft POWLUCIDE &#8211; GLYCERIN &#8211; GLYCERIN &#8211; Stearamidopropyl Dimethylamine &#8211; Cetylester &#8211; Parfum \/ Duft &#8211; Aloe barbadensis Blatsaft POWRYOTRY &#8211; CARLUCIDE &#8211; CARBADENSIS Blatsaft POWLUCIDE &#8211; glycerin CARBANBADENSIS Blatsaft POWLUCIDE &#8211; glycerin CARBYCIDE-75-75 &#8211; EUTERPE OLERACEA FRUIT EXTRACT &#8211; GLYCERYLSTEARAT &#8211; GLYCINSOJA\u00d6L \/ SOJABOHNEN\u00d6L &#8211; LIMONEN &#8211; MALTODEXTRIN &#8211; NATRIUMBENZOAT &#8211; Weins\u00e4ure &#8211; TOCOPHEROL<\/p>","protected":false},"excerpt":{"rendered":"<p>Revitalisierender Conditioner f\u00fcr stumpfes, m\u00fcdes Haar. Die Kombination aus energiereichen Acai-Beeren, st\u00e4rkender Aloe Vera und einer botanischen Reinigungsbasis wirkt sich auf den Glanz und die Weichheit des Haares aus. Indikation F\u00fcr Frauen mit stumpfem Haar und m\u00fcde von Stress und M\u00fcdigkeit. GL\u00c4NZEN UND HYDRATION F\u00d6RDERT DIE WEICHHEIT DES HAARES SILIKONFREI F\u00dcR NAT\u00dcRLICHE BER\u00dcHRUNG AKTIVE ZUTATEN [&hellip;]<\/p>\n","protected":false},"featured_media":2844,"template":"","meta":{"_acf_changed":false,"footnotes":""},"product_brand":[],"product_cat":[47,42,74,53],"product_tag":[],"class_list":{"0":"post-2086","1":"product","2":"type-product","3":"status-publish","4":"has-post-thumbnail","6":"product_cat-dermocosmetique","7":"product_cat-para-pharmacie","8":"product_cat-apres-shampoing-et-soins","9":"product_cat-cheveux","11":"first","12":"outofstock","13":"taxable","14":"shipping-taxable","15":"purchasable","16":"product-type-simple"},"acf":[],"_links":{"self":[{"href":"https:\/\/www.pharmacieonline.lu\/de\/wp-json\/wp\/v2\/product\/2086","targetHints":{"allow":["GET"]}}],"collection":[{"href":"https:\/\/www.pharmacieonline.lu\/de\/wp-json\/wp\/v2\/product"}],"about":[{"href":"https:\/\/www.pharmacieonline.lu\/de\/wp-json\/wp\/v2\/types\/product"}],"version-history":[{"count":0,"href":"https:\/\/www.pharmacieonline.lu\/de\/wp-json\/wp\/v2\/product\/2086\/revisions"}],"wp:featuredmedia":[{"embeddable":true,"href":"https:\/\/www.pharmacieonline.lu\/de\/wp-json\/wp\/v2\/media\/2844"}],"wp:attachment":[{"href":"https:\/\/www.pharmacieonline.lu\/de\/wp-json\/wp\/v2\/media?parent=2086"}],"wp:term":[{"taxonomy":"product_brand","embeddable":true,"href":"https:\/\/www.pharmacieonline.lu\/de\/wp-json\/wp\/v2\/product_brand?post=2086"},{"taxonomy":"product_cat","embeddable":true,"href":"https:\/\/www.pharmacieonline.lu\/de\/wp-json\/wp\/v2\/product_cat?post=2086"},{"taxonomy":"product_tag","embeddable":true,"href":"https:\/\/www.pharmacieonline.lu\/de\/wp-json\/wp\/v2\/product_tag?post=2086"}],"curies":[{"name":"wp","href":"https:\/\/api.w.org\/{rel}","templated":true}]}}