{"id":2096,"date":"2020-11-25T17:27:53","date_gmt":"2020-11-25T16:27:53","guid":{"rendered":"https:\/\/www.pharmacieonline.lu\/produit\/plenvu-pdr-buv-3-sach\/"},"modified":"2026-04-02T17:55:42","modified_gmt":"2026-04-02T15:55:42","slug":"plenvu-pdr-buv-3-sach","status":"publish","type":"product","link":"https:\/\/www.pharmacieonline.lu\/de\/produit\/plenvu-pdr-buv-3-sach\/","title":{"rendered":"PLENVU PDR BUV 3 SACH"},"content":{"rendered":"<p>Plenvu ist eine Kombination von Wirkstoffen: Macrogol 3350, Natriumascorbat, wasserfreies Natriumsulfat, Ascorbins\u00e4ure, Natriumchlorid und Kaliumchlorid.<\/p>","protected":false},"excerpt":{"rendered":"<p class=\"qtranxs-available-languages-message qtranxs-available-languages-message-de\">\n<p class=\"AmmCorpsTexte\">Plenvu est un laxatif.<\/p>\n<p class=\"AmmCorpsTexte\">Plenvu est indiqu\u00e9 chez l\u2019adulte \u00e2g\u00e9 de 18 ans et plus dans le lavage intestinal pr\u00e9alablement \u00e0 tout examen n\u00e9cessitant un intestin propre.<\/p>\n<p class=\"AmmCorpsTexte\">Plenvu nettoie votre intestin en provoquant une diarrh\u00e9e.<\/p>\n","protected":false},"featured_media":2854,"template":"","meta":{"_acf_changed":false,"footnotes":""},"product_brand":[],"product_cat":[43,759],"product_tag":[],"class_list":{"0":"post-2096","1":"product","2":"type-product","3":"status-publish","4":"has-post-thumbnail","6":"product_cat-medicaments-en-vente-libre","7":"product_cat-laxatifs","9":"first","10":"instock","11":"taxable","12":"shipping-taxable","13":"purchasable","14":"product-type-simple"},"acf":[],"_links":{"self":[{"href":"https:\/\/www.pharmacieonline.lu\/de\/wp-json\/wp\/v2\/product\/2096","targetHints":{"allow":["GET"]}}],"collection":[{"href":"https:\/\/www.pharmacieonline.lu\/de\/wp-json\/wp\/v2\/product"}],"about":[{"href":"https:\/\/www.pharmacieonline.lu\/de\/wp-json\/wp\/v2\/types\/product"}],"version-history":[{"count":0,"href":"https:\/\/www.pharmacieonline.lu\/de\/wp-json\/wp\/v2\/product\/2096\/revisions"}],"wp:featuredmedia":[{"embeddable":true,"href":"https:\/\/www.pharmacieonline.lu\/de\/wp-json\/wp\/v2\/media\/2854"}],"wp:attachment":[{"href":"https:\/\/www.pharmacieonline.lu\/de\/wp-json\/wp\/v2\/media?parent=2096"}],"wp:term":[{"taxonomy":"product_brand","embeddable":true,"href":"https:\/\/www.pharmacieonline.lu\/de\/wp-json\/wp\/v2\/product_brand?post=2096"},{"taxonomy":"product_cat","embeddable":true,"href":"https:\/\/www.pharmacieonline.lu\/de\/wp-json\/wp\/v2\/product_cat?post=2096"},{"taxonomy":"product_tag","embeddable":true,"href":"https:\/\/www.pharmacieonline.lu\/de\/wp-json\/wp\/v2\/product_tag?post=2096"}],"curies":[{"name":"wp","href":"https:\/\/api.w.org\/{rel}","templated":true}]}}