{"id":2099,"date":"2020-11-25T17:27:53","date_gmt":"2020-11-25T16:27:53","guid":{"rendered":"https:\/\/www.pharmacieonline.lu\/produit\/avene-dermabsolu-jour-40-ml\/"},"modified":"2026-04-02T19:55:33","modified_gmt":"2026-04-02T17:55:33","slug":"avene-dermabsolu-jour-40-ml","status":"publish","type":"product","link":"https:\/\/www.pharmacieonline.lu\/de\/produit\/avene-dermabsolu-jour-40-ml\/","title":{"rendered":"AVENE DERMABSOLU JOUR 40 ML"},"content":{"rendered":"<p>Eine Creme mit einer samtigen Textur, die die Haut r\u00f6tet und die Konturen des Gesichts sichtbar neu zeichnet, um eine strahlende, pralle und vitale Haut zu erhalten.<\/p>\n<p>Indikation<br \/>\nDermAbsolu Fundamental Day Cream ist f\u00fcr Frauen mit empfindlicher Haut gedacht, die auf der Suche nach Komfort sind und gegen schlaffe Haut und Dichteverlust k\u00e4mpfen m\u00f6chten.<\/p>\n<p>Verwendung<br \/>\nErneuern Sie Ihre Haut, indem Sie DermAbsolu Day jeden Morgen auf Gesicht, Hals und Dekollet\u00e9 auftragen.<\/p>\n<p>Komposition<\/p>\n<p>AVENE THERMISCHES FR\u00dcHLINGSWASSER (AVENE AQUA) Pentaerythrityl TRACAPRYLAT \/ TETRACAPRAT GLYCERIN COCO-Caprylat \/ Caprat Tribehenin PEG-20 ESTER Butyrospermum parkii (SHEA) BUTTER (Butyrospermum parkii BUTTER) BEESWAX Polymethylmethacrylat Simmondsia Chinensis (Jojoba) SEED OIL (Simmondsia Chinensis Samen\u00f6l) Behens\u00e4ure BENZOES\u00c4URE Caprylic \/ Capric Triglyceride Caprylyl Glycol Dimethicone Crosspolymer Disodium EDTA FRAGRANCE (Fragrance) GLYCERYL Linolenat Glyceryloleat Glycerylpalmitat Glycerylstearat Glycine Soja (Soybean) \u00d6l (Glycine SOYBEAN OIL) Helianthus annuus (Sonnenblume) SEED OIL (Helianthus annuus Samen\u00f6l) Hydrogenated Polyisobutene hydriertem St\u00e4rkehydrolysat Hydroxyethylacrylat \/ Natrium Acryloyldimethyltaurat COPOLYMER MICA PEG-7 Trimethylolpropan KOKOS ETHER PROPYLENGLYCOL SILICA SODIUM HYDROXIDE SODIUM Stearoyl Glutamate Sorbitanisostearat TITANDIOXID (ICs 778 91) TOCOPHEROL TOCOPHERYLGLUCOSID TRIBEHENIN VANILLA TAHITENSIS FRUCHT-EXTRAKTWASSER (AQUA)<\/p>","protected":false},"excerpt":{"rendered":"<p>Eine Creme mit einer samtigen Textur, die die Haut r\u00f6tet und die Konturen des Gesichts sichtbar neu zeichnet, um eine strahlende, pralle und vitale Haut zu erhalten. Indikation DermAbsolu Fundamental Day Cream ist f\u00fcr Frauen mit empfindlicher Haut gedacht, die auf der Suche nach Komfort sind und gegen schlaffe Haut und Dichteverlust k\u00e4mpfen m\u00f6chten. Verwendung [&hellip;]<\/p>\n","protected":false},"featured_media":2821,"template":"","meta":{"_acf_changed":false,"footnotes":""},"product_brand":[],"product_cat":[47,42,54],"product_tag":[],"class_list":{"0":"post-2099","1":"product","2":"type-product","3":"status-publish","4":"has-post-thumbnail","6":"product_cat-dermocosmetique","7":"product_cat-para-pharmacie","8":"product_cat-soins-du-visage","10":"first","11":"outofstock","12":"taxable","13":"shipping-taxable","14":"purchasable","15":"product-type-simple"},"acf":[],"_links":{"self":[{"href":"https:\/\/www.pharmacieonline.lu\/de\/wp-json\/wp\/v2\/product\/2099","targetHints":{"allow":["GET"]}}],"collection":[{"href":"https:\/\/www.pharmacieonline.lu\/de\/wp-json\/wp\/v2\/product"}],"about":[{"href":"https:\/\/www.pharmacieonline.lu\/de\/wp-json\/wp\/v2\/types\/product"}],"version-history":[{"count":0,"href":"https:\/\/www.pharmacieonline.lu\/de\/wp-json\/wp\/v2\/product\/2099\/revisions"}],"wp:featuredmedia":[{"embeddable":true,"href":"https:\/\/www.pharmacieonline.lu\/de\/wp-json\/wp\/v2\/media\/2821"}],"wp:attachment":[{"href":"https:\/\/www.pharmacieonline.lu\/de\/wp-json\/wp\/v2\/media?parent=2099"}],"wp:term":[{"taxonomy":"product_brand","embeddable":true,"href":"https:\/\/www.pharmacieonline.lu\/de\/wp-json\/wp\/v2\/product_brand?post=2099"},{"taxonomy":"product_cat","embeddable":true,"href":"https:\/\/www.pharmacieonline.lu\/de\/wp-json\/wp\/v2\/product_cat?post=2099"},{"taxonomy":"product_tag","embeddable":true,"href":"https:\/\/www.pharmacieonline.lu\/de\/wp-json\/wp\/v2\/product_tag?post=2099"}],"curies":[{"name":"wp","href":"https:\/\/api.w.org\/{rel}","templated":true}]}}