{"id":21045,"date":"2021-10-22T09:36:28","date_gmt":"2021-10-22T07:36:28","guid":{"rendered":"https:\/\/www.pharmacieonline.lu\/?post_type=product&#038;p=21045"},"modified":"2026-04-06T00:25:25","modified_gmt":"2026-04-05T22:25:25","slug":"rhina-naturactiv-kids-100-ml","status":"publish","type":"product","link":"https:\/\/www.pharmacieonline.lu\/de\/produit\/rhina-naturactiv-kids-100-ml\/","title":{"rendered":"RHINA NATURACTIV KIDS 100 ML"},"content":{"rendered":"<p>Rhina NaturActiv Kids ist ein speziell f\u00fcr Kinder entwickeltes Medizinprodukt. Dank der Anwesenheit von nat\u00fcrlichen Extrakten mit nachgewiesener Wirksamkeit bildet es eine Schutzschicht, um Husten zu lindern und gereizte Kehlen zu beruhigen.<\/p>\n<p>Rhina NaturActiv Kids ist wirksam bei:<\/p>\n<p>Schleimhusten, dank der Wirkung von Efeu, der die Fl\u00fcssigkeitszufuhr erh\u00f6ht und den Schleim verfl\u00fcssigt, was deren Evakuierung erleichtert.<br \/>\nTrockener Husten, dank der schleimhautadh\u00e4siven Wirkung des Eibischs, der eine Schicht auf der Schleimhaut bildet und diese so vor Reizungen sch\u00fctzt.<br \/>\nReizung des Halses (Halsschmerzen) durch die beruhigende Wirkung von Honig und Eibisch, die auf gereizte Schleimh\u00e4ute beruhigend wirken und zum Wohlbefinden des Halses beitragen.<br \/>\nIndikation<\/p>\n<p>Angezeigt bei trockenem Husten, schleimigem Husten und Halsschmerzen, einschlie\u00dflich solcher, die mit Infektionen der oberen Atemwege verbunden sind.<\/p>\n<p>Anwendung<\/p>\n<p>Am besten zwischen den Mahlzeiten:<\/p>\n<p>Kinder 2 bis 4 Jahre alt: 4 ml, 2 x \/ Tag.<\/p>\n<p>Kinder 5-6 Jahre alt: 4 ml, 2 x \/ Tag.<\/p>\n<p>Kinder von 7 bis 12 Jahren: 10 ml, 2 x \/ Tag.<\/p>\n<p>Komposition<\/p>\n<p>Zusammensetzung: Heidekrautextrakt, Efeuextrakt, Honig, gereinigtes Wasser, Fruktose, Xanthangummi, nat\u00fcrliche Aromen, Zitronens\u00e4ure, Kaliumsorbat.<\/p>","protected":false},"excerpt":{"rendered":"<p>Rhina NaturActiv Kids ist ein speziell f\u00fcr Kinder entwickeltes Medizinprodukt. Dank der Anwesenheit von nat\u00fcrlichen Extrakten mit nachgewiesener Wirksamkeit bildet es eine Schutzschicht, um Husten zu lindern und gereizte Kehlen zu beruhigen. Rhina NaturActiv Kids ist wirksam bei: Schleimhusten, dank der Wirkung von Efeu, der die Fl\u00fcssigkeitszufuhr erh\u00f6ht und den Schleim verfl\u00fcssigt, was deren Evakuierung [&hellip;]<\/p>\n","protected":false},"featured_media":21048,"template":"","meta":{"_acf_changed":false,"footnotes":""},"product_brand":[],"product_cat":[108,793,107,43,83,82],"product_tag":[],"class_list":{"0":"post-21045","1":"product","2":"type-product","3":"status-publish","4":"has-post-thumbnail","6":"product_cat-toux-grasse","7":"product_cat-sirops","8":"product_cat-toux-seche","9":"product_cat-medicaments-en-vente-libre","10":"product_cat-gorge","11":"product_cat-toux","13":"first","14":"outofstock","15":"taxable","16":"shipping-taxable","17":"purchasable","18":"product-type-simple"},"acf":[],"_links":{"self":[{"href":"https:\/\/www.pharmacieonline.lu\/de\/wp-json\/wp\/v2\/product\/21045","targetHints":{"allow":["GET"]}}],"collection":[{"href":"https:\/\/www.pharmacieonline.lu\/de\/wp-json\/wp\/v2\/product"}],"about":[{"href":"https:\/\/www.pharmacieonline.lu\/de\/wp-json\/wp\/v2\/types\/product"}],"version-history":[{"count":0,"href":"https:\/\/www.pharmacieonline.lu\/de\/wp-json\/wp\/v2\/product\/21045\/revisions"}],"wp:featuredmedia":[{"embeddable":true,"href":"https:\/\/www.pharmacieonline.lu\/de\/wp-json\/wp\/v2\/media\/21048"}],"wp:attachment":[{"href":"https:\/\/www.pharmacieonline.lu\/de\/wp-json\/wp\/v2\/media?parent=21045"}],"wp:term":[{"taxonomy":"product_brand","embeddable":true,"href":"https:\/\/www.pharmacieonline.lu\/de\/wp-json\/wp\/v2\/product_brand?post=21045"},{"taxonomy":"product_cat","embeddable":true,"href":"https:\/\/www.pharmacieonline.lu\/de\/wp-json\/wp\/v2\/product_cat?post=21045"},{"taxonomy":"product_tag","embeddable":true,"href":"https:\/\/www.pharmacieonline.lu\/de\/wp-json\/wp\/v2\/product_tag?post=21045"}],"curies":[{"name":"wp","href":"https:\/\/api.w.org\/{rel}","templated":true}]}}