{"id":21054,"date":"2021-10-22T15:57:19","date_gmt":"2021-10-22T13:57:19","guid":{"rendered":"https:\/\/www.pharmacieonline.lu\/?post_type=product&#038;p=21054"},"modified":"2026-04-09T01:55:26","modified_gmt":"2026-04-08T23:55:26","slug":"vichy-liftactiv-b3-serum-tachesrid-30ml","status":"publish","type":"product","link":"https:\/\/www.pharmacieonline.lu\/de\/produit\/vichy-liftactiv-b3-serum-tachesrid-30ml\/","title":{"rendered":"VICHY LIFTACTIV B3 SERUM TACHES+RID 30ML"},"content":{"rendered":"<p>LIFTACTIV-SPEZIALIST<br \/>\nANTI-SPOT-SERUM B3<br \/>\nANTI-PUNKT- UND ANTI-FALTEN-SERUM.<br \/>\nALLE HAUTTYPEN.<br \/>\nKORRIGERT BRAUNE FLECKEN. REDUZIERT FALTEN. VEREINIGT DEN TEINT. VERST\u00c4RKT DAS GL\u00dcHEN.<\/p>\n<p>LIFTACTIV SPECIALIST Serum B3 ist ein Anti-Dunkelfleck- und Anti-Falten-Serum, das das Auftreten und Erscheinungsbild von Altersflecken sowie Falten bek\u00e4mpft. Es enth\u00e4lt einen Anti-Dark-Spot-Komplex aus Glykols\u00e4ure, Niacinamid und Vitamin Cg sowie Peptide zum Auff\u00fcllen von Falten. Mit der Zeit wird der Teint ebenm\u00e4\u00dfiger und erstrahlt wieder, die Gesichtsz\u00fcge werden gegl\u00e4ttet.<\/p>\n<p>ZUTATEN<\/p>\n<p>LIFTACTIV SPECIALIST Serum B3 Anti-Dark Spot Serum enth\u00e4lt hochmoderne Inhaltsstoffe, die nachweislich dunkle Flecken reduzieren und die Haut straffen.<\/p>\n<p>Niacinamid (Vitamin B3)<br \/>\nNiacinamid, besser bekannt als Vitamin B3, hat starke antioxidative und entz\u00fcndungshemmende Eigenschaften. Es wirkt direkt auf das Hautbild, die Poren, die Hautbarriere und Alterserscheinungen (Falten, Pigmentflecken etc.).<\/p>\n<p>Glykols\u00e4ure<br \/>\nGlykols\u00e4ure ist eine AHA (Fruchts\u00e4ure), die die Abl\u00f6sung des Stratum corneum auf der Oberfl\u00e4che der Epidermis beschleunigt. Seine keratolytische Wirkung gl\u00e4ttet das Hautbild und reduziert Unregelm\u00e4\u00dfigkeiten, reduziert dunkle Flecken und verst\u00e4rkt die Ausstrahlung des Teints.<\/p>\n<p>Vitamin Cg<br \/>\nVitamin Cg, auch Vitamin C-Glucosid genannt, ist ein Derivat von Vitamin C. Antioxidans, es wird verwendet, um Pigmentflecken zu verblassen und dem Teint Glanz zu verleihen.<\/p>\n<p>Peptide<br \/>\nPeptide sind starke Anti-Aging-Molek\u00fcle. Diese kurze Aminos\u00e4urekette hilft, die Produktion von Hautproteinen wie Kollagen und Elastin wiederzubeleben, die f\u00fcr eine gute Unterst\u00fctzung und Festigkeit der Haut unerl\u00e4sslich sind.<\/p>","protected":false},"excerpt":{"rendered":"<p>LIFTACTIV-SPEZIALIST ANTI-SPOT-SERUM B3 ANTI-PUNKT- UND ANTI-FALTEN-SERUM. ALLE HAUTTYPEN. KORRIGERT BRAUNE FLECKEN. REDUZIERT FALTEN. VEREINIGT DEN TEINT. VERST\u00c4RKT DAS GL\u00dcHEN. LIFTACTIV SPECIALIST Serum B3 ist ein Anti-Dunkelfleck- und Anti-Falten-Serum, das das Auftreten und Erscheinungsbild von Altersflecken sowie Falten bek\u00e4mpft. Es enth\u00e4lt einen Anti-Dark-Spot-Komplex aus Glykols\u00e4ure, Niacinamid und Vitamin Cg sowie Peptide zum Auff\u00fcllen von Falten. Mit [&hellip;]<\/p>\n","protected":false},"featured_media":21056,"template":"","meta":{"_acf_changed":false,"footnotes":""},"product_brand":[],"product_cat":[47,42,54],"product_tag":[],"class_list":{"0":"post-21054","1":"product","2":"type-product","3":"status-publish","4":"has-post-thumbnail","6":"product_cat-dermocosmetique","7":"product_cat-para-pharmacie","8":"product_cat-soins-du-visage","10":"first","11":"outofstock","12":"taxable","13":"shipping-taxable","14":"purchasable","15":"product-type-simple"},"acf":[],"_links":{"self":[{"href":"https:\/\/www.pharmacieonline.lu\/de\/wp-json\/wp\/v2\/product\/21054","targetHints":{"allow":["GET"]}}],"collection":[{"href":"https:\/\/www.pharmacieonline.lu\/de\/wp-json\/wp\/v2\/product"}],"about":[{"href":"https:\/\/www.pharmacieonline.lu\/de\/wp-json\/wp\/v2\/types\/product"}],"version-history":[{"count":0,"href":"https:\/\/www.pharmacieonline.lu\/de\/wp-json\/wp\/v2\/product\/21054\/revisions"}],"wp:featuredmedia":[{"embeddable":true,"href":"https:\/\/www.pharmacieonline.lu\/de\/wp-json\/wp\/v2\/media\/21056"}],"wp:attachment":[{"href":"https:\/\/www.pharmacieonline.lu\/de\/wp-json\/wp\/v2\/media?parent=21054"}],"wp:term":[{"taxonomy":"product_brand","embeddable":true,"href":"https:\/\/www.pharmacieonline.lu\/de\/wp-json\/wp\/v2\/product_brand?post=21054"},{"taxonomy":"product_cat","embeddable":true,"href":"https:\/\/www.pharmacieonline.lu\/de\/wp-json\/wp\/v2\/product_cat?post=21054"},{"taxonomy":"product_tag","embeddable":true,"href":"https:\/\/www.pharmacieonline.lu\/de\/wp-json\/wp\/v2\/product_tag?post=21054"}],"curies":[{"name":"wp","href":"https:\/\/api.w.org\/{rel}","templated":true}]}}