{"id":2107,"date":"2020-11-25T17:27:53","date_gmt":"2020-11-25T16:27:53","guid":{"rendered":"https:\/\/www.pharmacieonline.lu\/produit\/pures-bobos-bosses-gel-20-ml\/"},"modified":"2026-04-02T17:55:42","modified_gmt":"2026-04-02T15:55:42","slug":"pures-bobos-bosses-gel-20-ml","status":"publish","type":"product","link":"https:\/\/www.pharmacieonline.lu\/de\/produit\/pures-bobos-bosses-gel-20-ml\/","title":{"rendered":"PURES BOBOS BOSSES GEL 20 ML"},"content":{"rendered":"<p>Um die Reinigung und Desinfektion zu unterst\u00fctzen, tragen Sie zum Schutz der Haut bei und erhalten Sie eine pro-regenerative Aktivit\u00e4t.<\/p>\n<p>Produkt aus der Aromatherapie &#8211; HEBBD \u00e4therische \u00d6le (Botanisch und biochemisch definiertes \u00e4therisches \u00d6l) Wirkstoffe 100% nat\u00fcrlichen Ursprungs &#8211; Keine F\u00e4rbung &#8211; Kein Konservierungsmittel &#8211; Kein synthetischer Duft<\/p>\n<p>Verwendung<br \/>\nTragen Sie einen kleinen Tupfer Gel auf Wunden, Beulen, leichte Brennen, Stiche, Blasen, Bluterg\u00fcsse, Kr\u00e4mpfe auf, um ihn bei Bedarf f\u00fcr maximal 3 Tage zu erneuern. Sanft eindringen, kann auch als Kompresse verwendet werden. Nicht stechen.<\/p>\n<p>Komposition<br \/>\nZUTATEN: AQUA &#8211; ALKOHOL &#8211; Gerbs\u00e4ure &#8211; COCO GLYCERIDES &#8211; MELALEUCA ALTERNIFOLIA LEAF OIL &#8211; MELALEUCA Viridiflora LEAF OIL &#8211; Eucalyptus globulus LEAF OIL &#8211; Lavandula Hybrida OIL &#8211; ROSMARISCCINUS OLYNALOILOILOILOILOILA ANGIBOWER &#8211; Lavandula Hybrida OIL &#8211; ROSMARISCCINUS &#8211; VANDULA OLYMARIBOWER &#8211; OLYMARIBOWER &#8211; OLYANUS OLYMARIBOWER &#8211; OLYANUS OLYMARIBILOILA-OLYMARIBOILOILUS Rosaeodora WOOD OIL &#8211; Mentha piperita HERB OIL &#8211; CITRUS MEDICA LIMONUM Schalen\u00f6l &#8211; MELALEUCA CAJAPUTI EXTRACT &#8211; GAULTHERIA PROCUMBENS LEAF OIL &#8211; Pelargonium Graveolens STEM \/ LEAF OIL &#8211; Ravensara AROMATICISA LEAF OIL &#8211; Ravensara AROMATICISA LEUSBIC OIL &#8211; Fractalis OILIS LATRACT OIL &#8211; Fractalis OTRUSILIS LATRACT OIL &#8211; TWIG JAPUTIA ORIGANUM heracleoticum FLOWER OIL &#8211; Pogostemon Cablin OIL &#8211; SANTALUM ALBUM OIL &#8211; Boswellia Carterii GUM OIL &#8211; CISTUS ladaniferus OIL &#8211; Mittelmeer-Zypresse LEAF \/ NUT \/ STEM OIL &#8211; CYMBOPOGON winterianus OIL &#8211; FOOTALUM OIL &#8211; EXPERIENCE OIL &#8211; \u00d6L VICUMILIS OIL &#8211; Italis OILTERIANUS OILTERIANUS OILTERIANUS OIL Vicher VICHIL BASILIKUM\u00d6L &#8211; PIMPINELLA ANISUM FRUCHT\u00d6L &#8211; SATUREIA HORTENSIS \u00d6L &#8211; THYMUS SERPI LLUM\u00d6L &#8211; ANTHEMIS NOBILIS BLUMEN\u00d6L &#8211; CYMBOPOGON MARTINI KR\u00c4UTER\u00d6L &#8211; LINALOOL &#8211; LIMONEN &#8211; CITRONELLOL &#8211; GERANIOL &#8211; BENZYLBENZOAT &#8211; EUGENOL &#8211; ZITRAL.<\/p>","protected":false},"excerpt":{"rendered":"<p>Um die Reinigung und Desinfektion zu unterst\u00fctzen, tragen Sie zum Schutz der Haut bei und erhalten Sie eine pro-regenerative Aktivit\u00e4t. Produkt aus der Aromatherapie &#8211; HEBBD \u00e4therische \u00d6le (Botanisch und biochemisch definiertes \u00e4therisches \u00d6l) Wirkstoffe 100% nat\u00fcrlichen Ursprungs &#8211; Keine F\u00e4rbung &#8211; Kein Konservierungsmittel &#8211; Kein synthetischer Duft Verwendung Tragen Sie einen kleinen Tupfer Gel [&hellip;]<\/p>\n","protected":false},"featured_media":2831,"template":"","meta":{"_acf_changed":false,"footnotes":""},"product_brand":[],"product_cat":[42,79,782],"product_tag":[],"class_list":{"0":"post-2107","1":"product","2":"type-product","3":"status-publish","4":"has-post-thumbnail","6":"product_cat-para-pharmacie","7":"product_cat-aromatherapie","8":"product_cat-vegan","10":"first","11":"instock","12":"taxable","13":"shipping-taxable","14":"purchasable","15":"product-type-simple"},"acf":[],"_links":{"self":[{"href":"https:\/\/www.pharmacieonline.lu\/de\/wp-json\/wp\/v2\/product\/2107","targetHints":{"allow":["GET"]}}],"collection":[{"href":"https:\/\/www.pharmacieonline.lu\/de\/wp-json\/wp\/v2\/product"}],"about":[{"href":"https:\/\/www.pharmacieonline.lu\/de\/wp-json\/wp\/v2\/types\/product"}],"version-history":[{"count":0,"href":"https:\/\/www.pharmacieonline.lu\/de\/wp-json\/wp\/v2\/product\/2107\/revisions"}],"wp:featuredmedia":[{"embeddable":true,"href":"https:\/\/www.pharmacieonline.lu\/de\/wp-json\/wp\/v2\/media\/2831"}],"wp:attachment":[{"href":"https:\/\/www.pharmacieonline.lu\/de\/wp-json\/wp\/v2\/media?parent=2107"}],"wp:term":[{"taxonomy":"product_brand","embeddable":true,"href":"https:\/\/www.pharmacieonline.lu\/de\/wp-json\/wp\/v2\/product_brand?post=2107"},{"taxonomy":"product_cat","embeddable":true,"href":"https:\/\/www.pharmacieonline.lu\/de\/wp-json\/wp\/v2\/product_cat?post=2107"},{"taxonomy":"product_tag","embeddable":true,"href":"https:\/\/www.pharmacieonline.lu\/de\/wp-json\/wp\/v2\/product_tag?post=2107"}],"curies":[{"name":"wp","href":"https:\/\/api.w.org\/{rel}","templated":true}]}}