{"id":2110,"date":"2020-11-25T17:27:53","date_gmt":"2020-11-25T16:27:53","guid":{"rendered":"https:\/\/www.pharmacieonline.lu\/produit\/uriage-bariederm-cica-cr-spf50-t40ml\/"},"modified":"2026-04-22T22:25:21","modified_gmt":"2026-04-22T20:25:21","slug":"uriage-bariederm-cica-cr-spf50-t40ml","status":"publish","type":"product","link":"https:\/\/www.pharmacieonline.lu\/de\/produit\/uriage-bariederm-cica-cr-spf50-t40ml\/","title":{"rendered":"URIAGE BARIEDERM CICA CR SPF50+ T40ML"},"content":{"rendered":"<p>REPARATURCREME<\/p>\n<p>&nbsp;<\/p>\n<p>Bari\u00e9derm Cica-Repairing Cream mit Cu-Zn ist die ideale Behandlung f\u00fcr kleine Alltagskrankheiten f\u00fcr die ganze Familie.<\/p>\n<p>Indikation<br \/>\nIsoliert und sch\u00fctzt<\/p>\n<p>Das Poly-2P-Patent erzeugt einen sofortigen Verbandeffekt, der isoliert und sch\u00fctzt. Smektit absorbiert und neutralisiert, w\u00e4hrend die Kombination aus Kupferzink und Uriage-Thermalwasser eine reinigende und reizhemmende Wirkung hat.<\/p>\n<p>Reparatur<br \/>\nDer patentierte GF-Reparaturkomplex stimuliert Wachstumsfaktoren, um die Reparatur der Epidermis zu f\u00f6rdern.<\/p>\n<p>Beruhigt Irritationen<\/p>\n<p>Lindert dank D-Panthenol intensiv das Unbehagen.<\/p>\n<p>Verwendung<br \/>\nZweimal t\u00e4glich auf die zuvor mit Bari\u00e9derm Cica-Gel Nettoyant gereinigte Haut auftragen.<\/p>","protected":false},"excerpt":{"rendered":"<p>REPARATURCREME &nbsp; Bari\u00e9derm Cica-Repairing Cream mit Cu-Zn ist die ideale Behandlung f\u00fcr kleine Alltagskrankheiten f\u00fcr die ganze Familie. Indikation Isoliert und sch\u00fctzt Das Poly-2P-Patent erzeugt einen sofortigen Verbandeffekt, der isoliert und sch\u00fctzt. Smektit absorbiert und neutralisiert, w\u00e4hrend die Kombination aus Kupferzink und Uriage-Thermalwasser eine reinigende und reizhemmende Wirkung hat. Reparatur Der patentierte GF-Reparaturkomplex stimuliert Wachstumsfaktoren, [&hellip;]<\/p>\n","protected":false},"featured_media":2856,"template":"","meta":{"_acf_changed":false,"footnotes":""},"product_brand":[],"product_cat":[47,67,42,68,52,56],"product_tag":[],"class_list":{"0":"post-2110","1":"product","2":"type-product","3":"status-publish","4":"has-post-thumbnail","6":"product_cat-dermocosmetique","7":"product_cat-cremes-solaire","8":"product_cat-para-pharmacie","9":"product_cat-solaires-pour-le-corps","10":"product_cat-produits-solaires","11":"product_cat-soins-du-corps","13":"first","14":"instock","15":"taxable","16":"shipping-taxable","17":"purchasable","18":"product-type-simple"},"acf":[],"_links":{"self":[{"href":"https:\/\/www.pharmacieonline.lu\/de\/wp-json\/wp\/v2\/product\/2110","targetHints":{"allow":["GET"]}}],"collection":[{"href":"https:\/\/www.pharmacieonline.lu\/de\/wp-json\/wp\/v2\/product"}],"about":[{"href":"https:\/\/www.pharmacieonline.lu\/de\/wp-json\/wp\/v2\/types\/product"}],"version-history":[{"count":0,"href":"https:\/\/www.pharmacieonline.lu\/de\/wp-json\/wp\/v2\/product\/2110\/revisions"}],"wp:featuredmedia":[{"embeddable":true,"href":"https:\/\/www.pharmacieonline.lu\/de\/wp-json\/wp\/v2\/media\/2856"}],"wp:attachment":[{"href":"https:\/\/www.pharmacieonline.lu\/de\/wp-json\/wp\/v2\/media?parent=2110"}],"wp:term":[{"taxonomy":"product_brand","embeddable":true,"href":"https:\/\/www.pharmacieonline.lu\/de\/wp-json\/wp\/v2\/product_brand?post=2110"},{"taxonomy":"product_cat","embeddable":true,"href":"https:\/\/www.pharmacieonline.lu\/de\/wp-json\/wp\/v2\/product_cat?post=2110"},{"taxonomy":"product_tag","embeddable":true,"href":"https:\/\/www.pharmacieonline.lu\/de\/wp-json\/wp\/v2\/product_tag?post=2110"}],"curies":[{"name":"wp","href":"https:\/\/api.w.org\/{rel}","templated":true}]}}