{"id":21176,"date":"2021-11-04T16:43:26","date_gmt":"2021-11-04T15:43:26","guid":{"rendered":"https:\/\/www.pharmacieonline.lu\/?post_type=product&#038;p=21176"},"modified":"2026-04-08T08:25:26","modified_gmt":"2026-04-08T06:25:26","slug":"dermassentiel-cheveux-ongles-90-caps","status":"publish","type":"product","link":"https:\/\/www.pharmacieonline.lu\/de\/produit\/dermassentiel-cheveux-ongles-90-caps\/","title":{"rendered":"DERMASSENTIEL CHEVEUX &amp; ONGLES 90 CAPS"},"content":{"rendered":"<p>Verbessern Sie die Sch\u00f6nheit Ihrer Haare und N\u00e4gel!<\/p>\n<p>Synergistische Assoziation von 2 wertvollen \u00d6len (Borretsch und Weizen), einer Aminos\u00e4ure (L-Cystin) und einem Mikron\u00e4hrstoffkomplex;<br \/>\nSelen und Zink tragen zur Erhaltung normaler N\u00e4gel und Haare bei;<br \/>\nVitamin B6 tr\u00e4gt zur normalen Synthese von Cystein bei, einem Bestandteil, der in die Zusammensetzung von Keratin eingeht;<br \/>\nVitamin B8 tr\u00e4gt zur Erhaltung normaler Haare bei;<br \/>\nDie nat\u00fcrlichen Vitamine B2 und E, Selen und Zink helfen, die Zellen vor oxidativem Stress zu sch\u00fctzen;<br \/>\nPatentiertes Selen in Selenomethionin-Form, das eine optimale Bioverf\u00fcgbarkeit garantiert;<\/p>\n<p>&nbsp;<\/p>\n<p>Beschreibung<\/p>\n<p>HAARE \u200b\u200bUND N\u00c4GEL DERMASSENTIEL bietet 1 Kapsel:<\/p>\n<p>50 \u03bcg Selen (91% AR*) und 10 mg Zink (100% AR*), die zur Erhaltung normaler N\u00e4gel und Haare beitragen und die Zellen vor oxidativem Stress sch\u00fctzen;<br \/>\n100% AR * in Vitamin B1;<br \/>\n100% AR* in Vitamin B2, das die Zellen vor oxidativem Stress sch\u00fctzt;<br \/>\n100% AR * in den Vitaminen B3, B5 und B9, die helfen, M\u00fcdigkeit zu reduzieren, die manchmal f\u00fcr Haarausfall verantwortlich sind;<br \/>\n100% AR * in Vitamin B6, das zur normalen Synthese von Cystein (Bestandteil von Keratin) beitr\u00e4gt;<br \/>\n100% AR * in Vitamin B8, das zur Erhaltung normaler Haare beitr\u00e4gt;<br \/>\n100 % AR * in nat\u00fcrlichem Vitamin E, das auch dazu beitr\u00e4gt, die Zellen vor oxidativem Stress zu sch\u00fctzen;<br \/>\n12 mg Weizen\u00f6l titriert in Ceramiden, 250 mg Borretsch\u00f6l titriert in GLA** und 100 mg L-Cystin, eine f\u00fcr den K\u00f6rper essentielle Aminos\u00e4ure, vervollst\u00e4ndigen die Formel.<\/p>\n<p>* AR: Referenzbeitr\u00e4ge<br \/>\n** GLA: \u03b3-Linolens\u00e4ure<\/p>\n<p>Warum DERMASSENTIEL HAIR AND NAILS aus dem THERASCIENCE Labor w\u00e4hlen?<\/p>\n<p>F\u00fcr seine komplette Formel, die Ihre Haare und N\u00e4gel dank der kombinierten Wirkung von 2 wertvollen \u00d6len (Weizen und Borretsch), einer Aminos\u00e4ure (L-Cystin) und einem Mikron\u00e4hrstoffkomplex st\u00e4rkt.<\/p>","protected":false},"excerpt":{"rendered":"<p>Verbessern Sie die Sch\u00f6nheit Ihrer Haare und N\u00e4gel! Synergistische Assoziation von 2 wertvollen \u00d6len (Borretsch und Weizen), einer Aminos\u00e4ure (L-Cystin) und einem Mikron\u00e4hrstoffkomplex; Selen und Zink tragen zur Erhaltung normaler N\u00e4gel und Haare bei; Vitamin B6 tr\u00e4gt zur normalen Synthese von Cystein bei, einem Bestandteil, der in die Zusammensetzung von Keratin eingeht; Vitamin B8 tr\u00e4gt [&hellip;]<\/p>\n","protected":false},"featured_media":21177,"template":"","meta":{"_acf_changed":false,"footnotes":""},"product_brand":[],"product_cat":[802,42,949,53,953,948],"product_tag":[],"class_list":{"0":"post-21176","1":"product","2":"type-product","3":"status-publish","4":"has-post-thumbnail","6":"product_cat-vitamines-cheveux-et-ongles","7":"product_cat-para-pharmacie","8":"product_cat-dermassentiel","9":"product_cat-cheveux","10":"product_cat-complements-alimentaires","11":"product_cat-therascience-physionutrition","13":"first","14":"instock","15":"taxable","16":"shipping-taxable","17":"purchasable","18":"product-type-simple"},"acf":[],"_links":{"self":[{"href":"https:\/\/www.pharmacieonline.lu\/de\/wp-json\/wp\/v2\/product\/21176","targetHints":{"allow":["GET"]}}],"collection":[{"href":"https:\/\/www.pharmacieonline.lu\/de\/wp-json\/wp\/v2\/product"}],"about":[{"href":"https:\/\/www.pharmacieonline.lu\/de\/wp-json\/wp\/v2\/types\/product"}],"version-history":[{"count":0,"href":"https:\/\/www.pharmacieonline.lu\/de\/wp-json\/wp\/v2\/product\/21176\/revisions"}],"wp:featuredmedia":[{"embeddable":true,"href":"https:\/\/www.pharmacieonline.lu\/de\/wp-json\/wp\/v2\/media\/21177"}],"wp:attachment":[{"href":"https:\/\/www.pharmacieonline.lu\/de\/wp-json\/wp\/v2\/media?parent=21176"}],"wp:term":[{"taxonomy":"product_brand","embeddable":true,"href":"https:\/\/www.pharmacieonline.lu\/de\/wp-json\/wp\/v2\/product_brand?post=21176"},{"taxonomy":"product_cat","embeddable":true,"href":"https:\/\/www.pharmacieonline.lu\/de\/wp-json\/wp\/v2\/product_cat?post=21176"},{"taxonomy":"product_tag","embeddable":true,"href":"https:\/\/www.pharmacieonline.lu\/de\/wp-json\/wp\/v2\/product_tag?post=21176"}],"curies":[{"name":"wp","href":"https:\/\/api.w.org\/{rel}","templated":true}]}}