{"id":2119,"date":"2020-11-25T17:27:54","date_gmt":"2020-11-25T16:27:54","guid":{"rendered":"https:\/\/www.pharmacieonline.lu\/produit\/vichy-liftactiv-collagen-cr-jour-50ml\/"},"modified":"2026-04-02T17:55:40","modified_gmt":"2026-04-02T15:55:40","slug":"vichy-liftactiv-collagen-cr-jour-50ml","status":"publish","type":"product","link":"https:\/\/www.pharmacieonline.lu\/de\/produit\/vichy-liftactiv-collagen-cr-jour-50ml\/","title":{"rendered":"VICHY LIFTACTIV COLLAGEN CR JOUR 50ML"},"content":{"rendered":"<p>Mit den st\u00e4rksten dermatologischen Inhaltsstoffen nat\u00fcrlichen Ursprungs erm\u00f6glicht Liftactiv Collagen Specialist Ihrer Haut, sich organisch und schrittweise zu verj\u00fcngen, um die Anzeichen f\u00fcr den Verlust von Kollagen auf der Haut zu korrigieren. Eine einh\u00fcllende, pudrige Textur f\u00fcr einen Lifting-Effekt und sofortigen Komfort. Diese Creme wird Frauen empfohlen, die eine verbesserte Anti-Aging-Leistung, eine perfekte Hautgesundheit und Interesse an nat\u00fcrlichen Inhaltsstoffen suchen.<\/p>\n<p>Komposition<br \/>\nEINE TAGESCREME, UM DIE ZEICHEN DES KOLLAGENVERLUSTES AUF DER HAUT ZU KORREKTURIEREN<br \/>\nBEW\u00c4HRTE UND SICHTBARE EFFIZIENZ BEI FALTEN, SAGNING, FIRMNESS UND PIGMENTIERUNG<\/p>\n<p>AKTIVE ZUTATEN Peptid Typ I, Peptid II, Vitamin C-Derivat, Vichy-Mineralisierungswasser<\/p>","protected":false},"excerpt":{"rendered":"<p>Mit den st\u00e4rksten dermatologischen Inhaltsstoffen nat\u00fcrlichen Ursprungs erm\u00f6glicht Liftactiv Collagen Specialist Ihrer Haut, sich organisch und schrittweise zu verj\u00fcngen, um die Anzeichen f\u00fcr den Verlust von Kollagen auf der Haut zu korrigieren. Eine einh\u00fcllende, pudrige Textur f\u00fcr einen Lifting-Effekt und sofortigen Komfort. Diese Creme wird Frauen empfohlen, die eine verbesserte Anti-Aging-Leistung, eine perfekte Hautgesundheit und [&hellip;]<\/p>\n","protected":false},"featured_media":2820,"template":"","meta":{"_acf_changed":false,"footnotes":""},"product_brand":[],"product_cat":[47,42,54],"product_tag":[],"class_list":{"0":"post-2119","1":"product","2":"type-product","3":"status-publish","4":"has-post-thumbnail","6":"product_cat-dermocosmetique","7":"product_cat-para-pharmacie","8":"product_cat-soins-du-visage","10":"first","11":"outofstock","12":"taxable","13":"shipping-taxable","14":"purchasable","15":"product-type-simple"},"acf":[],"_links":{"self":[{"href":"https:\/\/www.pharmacieonline.lu\/de\/wp-json\/wp\/v2\/product\/2119","targetHints":{"allow":["GET"]}}],"collection":[{"href":"https:\/\/www.pharmacieonline.lu\/de\/wp-json\/wp\/v2\/product"}],"about":[{"href":"https:\/\/www.pharmacieonline.lu\/de\/wp-json\/wp\/v2\/types\/product"}],"version-history":[{"count":0,"href":"https:\/\/www.pharmacieonline.lu\/de\/wp-json\/wp\/v2\/product\/2119\/revisions"}],"wp:featuredmedia":[{"embeddable":true,"href":"https:\/\/www.pharmacieonline.lu\/de\/wp-json\/wp\/v2\/media\/2820"}],"wp:attachment":[{"href":"https:\/\/www.pharmacieonline.lu\/de\/wp-json\/wp\/v2\/media?parent=2119"}],"wp:term":[{"taxonomy":"product_brand","embeddable":true,"href":"https:\/\/www.pharmacieonline.lu\/de\/wp-json\/wp\/v2\/product_brand?post=2119"},{"taxonomy":"product_cat","embeddable":true,"href":"https:\/\/www.pharmacieonline.lu\/de\/wp-json\/wp\/v2\/product_cat?post=2119"},{"taxonomy":"product_tag","embeddable":true,"href":"https:\/\/www.pharmacieonline.lu\/de\/wp-json\/wp\/v2\/product_tag?post=2119"}],"curies":[{"name":"wp","href":"https:\/\/api.w.org\/{rel}","templated":true}]}}