{"id":21256,"date":"2021-11-09T16:33:01","date_gmt":"2021-11-09T15:33:01","guid":{"rendered":"https:\/\/www.pharmacieonline.lu\/?post_type=product&#038;p=21256"},"modified":"2026-04-26T01:55:30","modified_gmt":"2026-04-25T23:55:30","slug":"svr-densitium-baume-nuit-50ml","status":"publish","type":"product","link":"https:\/\/www.pharmacieonline.lu\/de\/produit\/svr-densitium-baume-nuit-50ml\/","title":{"rendered":"SVR DENSITIUM BAUME NUIT 50ML"},"content":{"rendered":"<p>Globale Reparatur, intensive Regeneration<\/p>\n<p>NEUHEIT<\/p>\n<p>DENSITIUM Nachtbalsam<br \/>\nGlobale Reparatur, intensive Regeneration<br \/>\n50ml &#8211; Installierte Falten, Flecken, Festigkeit. Alle Hauttypen. Gesicht und Hals.<\/p>\n<p>&nbsp;<\/p>\n<p>&nbsp;<\/p>\n<p>F\u00fcr wen ? Wieso den ?<\/p>\n<p>DENSITIUM Innovation, globale dermatologische Korrektur f\u00fcr verbesserte Wirksamkeit bei allen Zeichen der Hautalterung: Trockenheit, Falten, schlaffe Haut, Verlust von Ausstrahlung und Gleichm\u00e4\u00dfigkeit.<\/p>\n<p>DENSITIUM BAUME NUIT wurde speziell entwickelt, um die Haut in den Umbr\u00fcchen der Wechseljahre zu begleiten und den Bed\u00fcrfnissen reifer Haut gerecht zu werden. Es wirkt den Auswirkungen der Deregulierung der kutanen Chronobiologie entgegen.<\/p>\n<p>Als Experte wie jedes Sensorikum besteht es aus einem ultra-vollst\u00e4ndigen Formel-Herz:<\/p>\n<p>Ultra-fragmentierte Hyalurons\u00e4ure und Bio-Calcium, historische Wirkstoffe im Sortiment, polstern und verdichten die Haut f\u00fcr eine sch\u00e4rfere und straffere Gesichtskontur. Angereichert mit einem Duo aus Aminos\u00e4uren und Probiotika ist die Haut ebenm\u00e4\u00dfiger, strahlender und st\u00e4rker. Seine Formel wird durch Tetrapeptide vervollst\u00e4ndigt, die eine echte regenerierende Wirkung f\u00fcr eine glattere und frischere Haut beim Aufwachen und nach einer erholsamen Nacht bieten.<\/p>\n<p>Seine n\u00e4hrende und umh\u00fcllende Textur mit zartem Duft beruhigt und tr\u00f6stet die Haut.<\/p>\n<p>LAB20.11 \/ C.40 &#8211; Inhaltsstoffe: Wasser \/ Wasser \/ EAU, Octyldodecanol, BUTYROSPERMUM PARKII (SHEA) Butter, Glycerin, Cetearylalkohol, Orbignya OLEIFERA Samen\u00f6l, DISODIUM CETEARYL SULYACINYLATECODINATE, POLCIYCINYLATECYLATE, PCCIOLYLATECYLATE, POLCIYCINYLATE, PCCIOLATEL SULFOSUCCODINATE, POLCIYCINYLATE, (PCCIOLATECYLAT, PCCIOLATEL SULFOSUCCODINAT, POLCIYLACCIOLATE , CERA ALBA \/ BIENENWACHS \/ CIRE D&#8217;ABEES, GLYCERYL BEHENAT, CETEARETH-20, HYDROXYACETOPHENON, PARFUM (DUFT), MALTODEXTRIN, MALTODEXTRIN, GERATONA, NEROD SIPER, GERATONIA, NEROD SIPER, GERATONUM 1,2 DUFT) CHRYSIN, ZITRONENS\u00c4URE<\/p>","protected":false},"excerpt":{"rendered":"<p>Globale Reparatur, intensive Regeneration NEUHEIT DENSITIUM Nachtbalsam Globale Reparatur, intensive Regeneration 50ml &#8211; Installierte Falten, Flecken, Festigkeit. Alle Hauttypen. Gesicht und Hals. &nbsp; &nbsp; F\u00fcr wen ? Wieso den ? DENSITIUM Innovation, globale dermatologische Korrektur f\u00fcr verbesserte Wirksamkeit bei allen Zeichen der Hautalterung: Trockenheit, Falten, schlaffe Haut, Verlust von Ausstrahlung und Gleichm\u00e4\u00dfigkeit. DENSITIUM BAUME NUIT [&hellip;]<\/p>\n","protected":false},"featured_media":21257,"template":"","meta":{"_acf_changed":false,"footnotes":""},"product_brand":[],"product_cat":[47,42,54],"product_tag":[],"class_list":{"0":"post-21256","1":"product","2":"type-product","3":"status-publish","4":"has-post-thumbnail","6":"product_cat-dermocosmetique","7":"product_cat-para-pharmacie","8":"product_cat-soins-du-visage","10":"first","11":"outofstock","12":"taxable","13":"shipping-taxable","14":"purchasable","15":"product-type-simple"},"acf":[],"_links":{"self":[{"href":"https:\/\/www.pharmacieonline.lu\/de\/wp-json\/wp\/v2\/product\/21256","targetHints":{"allow":["GET"]}}],"collection":[{"href":"https:\/\/www.pharmacieonline.lu\/de\/wp-json\/wp\/v2\/product"}],"about":[{"href":"https:\/\/www.pharmacieonline.lu\/de\/wp-json\/wp\/v2\/types\/product"}],"version-history":[{"count":0,"href":"https:\/\/www.pharmacieonline.lu\/de\/wp-json\/wp\/v2\/product\/21256\/revisions"}],"wp:featuredmedia":[{"embeddable":true,"href":"https:\/\/www.pharmacieonline.lu\/de\/wp-json\/wp\/v2\/media\/21257"}],"wp:attachment":[{"href":"https:\/\/www.pharmacieonline.lu\/de\/wp-json\/wp\/v2\/media?parent=21256"}],"wp:term":[{"taxonomy":"product_brand","embeddable":true,"href":"https:\/\/www.pharmacieonline.lu\/de\/wp-json\/wp\/v2\/product_brand?post=21256"},{"taxonomy":"product_cat","embeddable":true,"href":"https:\/\/www.pharmacieonline.lu\/de\/wp-json\/wp\/v2\/product_cat?post=21256"},{"taxonomy":"product_tag","embeddable":true,"href":"https:\/\/www.pharmacieonline.lu\/de\/wp-json\/wp\/v2\/product_tag?post=21256"}],"curies":[{"name":"wp","href":"https:\/\/api.w.org\/{rel}","templated":true}]}}