{"id":2132,"date":"2020-11-25T17:27:54","date_gmt":"2020-11-25T16:27:54","guid":{"rendered":"https:\/\/www.pharmacieonline.lu\/produit\/avene-sol-f50-lait-enfant-250-ml-nf\/"},"modified":"2026-04-23T01:55:35","modified_gmt":"2026-04-22T23:55:35","slug":"avene-sol-f50-lait-enfant-250-ml-nf","status":"publish","type":"product","link":"https:\/\/www.pharmacieonline.lu\/de\/produit\/avene-sol-f50-lait-enfant-250-ml-nf\/","title":{"rendered":"AVENE SOL F50+ LAIT ENFANT 250 ML NF"},"content":{"rendered":"<p>Ohne Parf\u00fcm<br \/>\nOhne Wei\u00dfeffekt<br \/>\nSehr hoher Sonnenschutz f\u00fcr die empfindliche Haut von Kindern.<br \/>\nWasserdicht<br \/>\nSehr breiter UVB-UVA-Schutz<br \/>\nFotostabil<br \/>\nSilikonfrei<br \/>\nGesicht und K\u00f6rper<\/p>\n<p>Indikation<br \/>\nHaut \u00fcberempfindlich gegen die Sonne.<br \/>\nHaut intensiver Sonneneinstrahlung ausgesetzt.<br \/>\nHaut allergisch gegen Parfums.<\/p>\n<p>Verwenden<br \/>\nTragen Sie Lait Enfant SPF 50+ vor Sonneneinstrahlung gro\u00dfz\u00fcgig auf Gesicht und \/ oder K\u00f6rper auf.<\/p>\n<p>Komposition<br \/>\nAVENE THERMAL SPRING WATER (AVENE AQUA). C12-15 ALKYLBENZOAT. DICAPRYLYL-CARBONAT. METHYLEN BIS-BENZOTRIAZOLYLTETRAMETHYLBUTYLPHENOL [NANO]. WASSER (AQUA). GLYCERIN. BIS-ETHYLHEXYLOXYPHENOL-METHOXYPHENYL-TRIAZIN. DIETHYLHEXYLBUTAMIDO TRIAZONE. DIISOPROPYLADIPAT. BUTYLMETHOXYDIBENZOYLMETHAN. CETEARYLISONONANOAT. LAURYLGLUCOSID. POLYGLYCERYL-2-DIPOLYHYDROXYSTEARAT. DECYLGLUCOSID. BENZOES\u00c4URE. CAPRYL \/ CAPRIC TRIGLYCERIDE. CAPRYLYL GLYCOL. ZITRONENS\u00c4URE. DISODIUM EDTA. GLYCERYL BEHENATE. GLYCERYLDIBEHENAT. HYDROGENIERTE PALMENGLYCERIDE. HYDROGENIERTE PALMENKERNEL-GLYCERIDE. POLYACRYLAT-13. POLYISOBUTEN. POLYSORBAT 20. PROPYLENGLYKOL. SORBITAN ISOSTEARATE. TOCOPHEROL. TOCOPHERYLGLUCOSID. TRIBEHENIN. XANTHAN GUM.<\/p>","protected":false},"excerpt":{"rendered":"<p>Ohne Parf\u00fcm Ohne Wei\u00dfeffekt Sehr hoher Sonnenschutz f\u00fcr die empfindliche Haut von Kindern. Wasserdicht Sehr breiter UVB-UVA-Schutz Fotostabil Silikonfrei Gesicht und K\u00f6rper Indikation Haut \u00fcberempfindlich gegen die Sonne. Haut intensiver Sonneneinstrahlung ausgesetzt. Haut allergisch gegen Parfums. Verwenden Tragen Sie Lait Enfant SPF 50+ vor Sonneneinstrahlung gro\u00dfz\u00fcgig auf Gesicht und \/ oder K\u00f6rper auf. Komposition AVENE [&hellip;]<\/p>\n","protected":false},"featured_media":2800,"template":"","meta":{"_acf_changed":false,"footnotes":""},"product_brand":[],"product_cat":[67,42,68,70,52],"product_tag":[],"class_list":{"0":"post-2132","1":"product","2":"type-product","3":"status-publish","4":"has-post-thumbnail","6":"product_cat-cremes-solaire","7":"product_cat-para-pharmacie","8":"product_cat-solaires-pour-le-corps","9":"product_cat-solaires-enfants","10":"product_cat-produits-solaires","12":"first","13":"outofstock","14":"sale","15":"taxable","16":"shipping-taxable","17":"purchasable","18":"product-type-simple"},"acf":[],"_links":{"self":[{"href":"https:\/\/www.pharmacieonline.lu\/de\/wp-json\/wp\/v2\/product\/2132","targetHints":{"allow":["GET"]}}],"collection":[{"href":"https:\/\/www.pharmacieonline.lu\/de\/wp-json\/wp\/v2\/product"}],"about":[{"href":"https:\/\/www.pharmacieonline.lu\/de\/wp-json\/wp\/v2\/types\/product"}],"version-history":[{"count":0,"href":"https:\/\/www.pharmacieonline.lu\/de\/wp-json\/wp\/v2\/product\/2132\/revisions"}],"wp:featuredmedia":[{"embeddable":true,"href":"https:\/\/www.pharmacieonline.lu\/de\/wp-json\/wp\/v2\/media\/2800"}],"wp:attachment":[{"href":"https:\/\/www.pharmacieonline.lu\/de\/wp-json\/wp\/v2\/media?parent=2132"}],"wp:term":[{"taxonomy":"product_brand","embeddable":true,"href":"https:\/\/www.pharmacieonline.lu\/de\/wp-json\/wp\/v2\/product_brand?post=2132"},{"taxonomy":"product_cat","embeddable":true,"href":"https:\/\/www.pharmacieonline.lu\/de\/wp-json\/wp\/v2\/product_cat?post=2132"},{"taxonomy":"product_tag","embeddable":true,"href":"https:\/\/www.pharmacieonline.lu\/de\/wp-json\/wp\/v2\/product_tag?post=2132"}],"curies":[{"name":"wp","href":"https:\/\/api.w.org\/{rel}","templated":true}]}}