{"id":21347,"date":"2021-11-12T11:48:05","date_gmt":"2021-11-12T10:48:05","guid":{"rendered":"https:\/\/www.pharmacieonline.lu\/?post_type=product&#038;p=21347"},"modified":"2026-04-10T00:25:45","modified_gmt":"2026-04-09T22:25:45","slug":"physiomance-candiliance-gold-90-caps","status":"publish","type":"product","link":"https:\/\/www.pharmacieonline.lu\/de\/produit\/physiomance-candiliance-gold-90-caps\/","title":{"rendered":"PHYSIOMANCE CANDILIANCE GOLD 90 CAPS"},"content":{"rendered":"<p>Abwehren Sie effektiv gegen Mikroorganismen wie Candida albicans<\/p>\n<p>Beschreibung<\/p>\n<p>PHYSIOMANCE CANDILIANCE GOLD enth\u00e4lt 4 Kapseln:<\/p>\n<p>500 mg Olivactive\u00ae Olivenblattextrakt titriert auf 100 mg Oleuropein, das die Funktion des Darmtraktes unterst\u00fctzt und zum physiologischen Zuckergleichgewicht beitr\u00e4gt;<br \/>\n300 mg Knoblauchextrakt, titriert auf 3 mg Allicin, der zur Aufrechterhaltung des mikrobiellen Gleichgewichts im Darm und zur Abwehr von Mikroorganismen (Bakterien, Pilze &#8230;) beitr\u00e4gt;<br \/>\n150 mg Grapefruitkernextrakt mit 75 mg Bioflavonoiden, der die nat\u00fcrlichen Abwehrkr\u00e4fte des K\u00f6rpers unterst\u00fctzt;<br \/>\n10 Milliarden KBE * mikroverkapselte Mikrobiota-St\u00e4mme von Lactobacillus helveticus LAFTI\u00ae L10;<br \/>\n215 mg TCM ** titriert auf 150 mg Capryls\u00e4ure, 200 mg Helmkrautextrakt, 150 mg trans-Resveratrol, die die Formel vervollst\u00e4ndigen.<\/p>\n<p>* UFC: Koloniebildungseinheiten implementiert<br \/>\n** TCM: Mittelkettige Triglyceride<\/p>\n<p>Nutzungstipps<\/p>\n<p>2 Kapseln morgens und 2 Kapseln abends nach einer Mahlzeit oder nach Anweisung Ihres Arztes \u00fcber einen Zeitraum von 3 Monaten einzunehmen. Bei Bedarf zu erneuern.<\/p>\n<p>Vorsichtsma\u00dfnahmen f\u00fcr die Verwendung:<\/p>\n<p>Reserviert f\u00fcr Erwachsene. Nicht empfohlen f\u00fcr Personen, die Antikoagulanzien einnehmen. Personen, die Medikamente einnehmen, sollten das Produkt nur unter \u00e4rztlicher Aufsicht verwenden.<\/p>\n<p>Nahrungserg\u00e4nzungsmittel sollten als Teil einer gesunden Lebensweise verwendet werden und nicht als Ersatz f\u00fcr eine abwechslungsreiche und ausgewogene Ern\u00e4hrung verwendet werden. \u00dcberschreiten Sie nicht die empfohlene Tagesdosis. Bewahren Sie das Produkt au\u00dferhalb der Reichweite von kleinen Kindern auf. Bei einer Kombination mehrerer Nahrungserg\u00e4nzungsmittel fragen Sie Ihren Arzt um Rat.<\/p>\n<p>Zutaten<\/p>\n<p>Olivactive\u00ae Olivenblattextrakt titriert in Oleuropein, Tunika pflanzlichen Ursprungs, Knoblauchzwiebelextrakt titriert in Allicin, TCM* (Capryls\u00e4ure, Glukosesirup, Milchkaseinate, Emulgator: Zitronens\u00e4ureester von Mono- und Diglyceriden von Speisefetts\u00e4uren), mikroverkapselter Mikrobiota-Stamm ( 10 Mrd. KBE ** pro Kapsel verwendet) (Soja), Helmkrautwurzelextrakt, Trans-Resveratrol, Grapefruitkernextrakt titriert in Bioflavonoiden, Trennmittel: Fetts\u00e4uren.<\/p>\n<p>* TCM: Mittelkettige Triglyceride<br \/>\n** PDU: Koloniebildungseinheiten implementiert<\/p>\n<p>Nettogewicht: 47,88 g<\/p>","protected":false},"excerpt":{"rendered":"<p>Abwehren Sie effektiv gegen Mikroorganismen wie Candida albicans Beschreibung PHYSIOMANCE CANDILIANCE GOLD enth\u00e4lt 4 Kapseln: 500 mg Olivactive\u00ae Olivenblattextrakt titriert auf 100 mg Oleuropein, das die Funktion des Darmtraktes unterst\u00fctzt und zum physiologischen Zuckergleichgewicht beitr\u00e4gt; 300 mg Knoblauchextrakt, titriert auf 3 mg Allicin, der zur Aufrechterhaltung des mikrobiellen Gleichgewichts im Darm und zur Abwehr von [&hellip;]<\/p>\n","protected":false},"featured_media":21348,"template":"","meta":{"_acf_changed":false,"footnotes":""},"product_brand":[],"product_cat":[42,951,953,948],"product_tag":[],"class_list":{"0":"post-21347","1":"product","2":"type-product","3":"status-publish","4":"has-post-thumbnail","6":"product_cat-para-pharmacie","7":"product_cat-physiomance","8":"product_cat-complements-alimentaires","9":"product_cat-therascience-physionutrition","11":"first","12":"instock","13":"taxable","14":"shipping-taxable","15":"purchasable","16":"product-type-simple"},"acf":[],"_links":{"self":[{"href":"https:\/\/www.pharmacieonline.lu\/de\/wp-json\/wp\/v2\/product\/21347","targetHints":{"allow":["GET"]}}],"collection":[{"href":"https:\/\/www.pharmacieonline.lu\/de\/wp-json\/wp\/v2\/product"}],"about":[{"href":"https:\/\/www.pharmacieonline.lu\/de\/wp-json\/wp\/v2\/types\/product"}],"version-history":[{"count":0,"href":"https:\/\/www.pharmacieonline.lu\/de\/wp-json\/wp\/v2\/product\/21347\/revisions"}],"wp:featuredmedia":[{"embeddable":true,"href":"https:\/\/www.pharmacieonline.lu\/de\/wp-json\/wp\/v2\/media\/21348"}],"wp:attachment":[{"href":"https:\/\/www.pharmacieonline.lu\/de\/wp-json\/wp\/v2\/media?parent=21347"}],"wp:term":[{"taxonomy":"product_brand","embeddable":true,"href":"https:\/\/www.pharmacieonline.lu\/de\/wp-json\/wp\/v2\/product_brand?post=21347"},{"taxonomy":"product_cat","embeddable":true,"href":"https:\/\/www.pharmacieonline.lu\/de\/wp-json\/wp\/v2\/product_cat?post=21347"},{"taxonomy":"product_tag","embeddable":true,"href":"https:\/\/www.pharmacieonline.lu\/de\/wp-json\/wp\/v2\/product_tag?post=21347"}],"curies":[{"name":"wp","href":"https:\/\/api.w.org\/{rel}","templated":true}]}}