{"id":21379,"date":"2021-11-12T12:31:54","date_gmt":"2021-11-12T11:31:54","guid":{"rendered":"https:\/\/www.pharmacieonline.lu\/?post_type=product&#038;p=21379"},"modified":"2026-04-10T02:25:35","modified_gmt":"2026-04-10T00:25:35","slug":"physiomance-permea-orange-20sach20caps","status":"publish","type":"product","link":"https:\/\/www.pharmacieonline.lu\/de\/produit\/physiomance-permea-orange-20sach20caps\/","title":{"rendered":"PHYSIOMANCE PERMEA+ ORANGE 20SACH+20CAPS"},"content":{"rendered":"<p>Spezifische und synergistische Formel f\u00fcr das Gleichgewicht der Verdauungsbarriere<\/p>\n<p>Formel entwickelt von Prof. Lionel Bueno *;<br \/>\nSynergistische und innovative Kombination aus 5 Bio-Wirkstoffen (Fibrassentiel\u00ae, Curcussentiel\u00ae, Boswellia serrata, Granatapfel und Quercetin), 3 Aminos\u00e4uren (L-Glutamin, L-Taurin und N-Acetylcystein) und einem Mikron\u00e4hrstoffkomplex;<br \/>\nHoch bioverf\u00fcgbares Curcussentiel\u00ae patentiertes Curcumin: 270-mal mehr bioverf\u00fcgbar als ein Standardextrakt;<br \/>\nOptimale Bioverf\u00fcgbarkeit: Magnesium in Form von Glycerophosphat;<br \/>\nHochwertiger Prozess\u00ae;<br \/>\nClean-Label THERASCIENCE;<br \/>\nStevia: 100 % nat\u00fcrlicher S\u00fc\u00dfstoff;<br \/>\nDR caps\u2122 Kapseln, pflanzlichen Ursprungs, magensaftresistent;<br \/>\nNat\u00fcrlicher Orangengeschmack.<br \/>\nBeschreibung<\/p>\n<p>PHYSIOMANCE PERM\u00c9A + (ohne Mikrobiota) bietet bei einer t\u00e4glichen Einnahme:<\/p>\n<p>1 Beutel mit Orangengeschmack enth\u00e4lt: &#8211; 4,1 g Aminos\u00e4uren: L-Glutamin, L-Taurin und N-Acetylcystein;<br \/>\n&#8211; 100 mg Boswellia serrata-Extrakt, titriert in Boswellias\u00e4ure, was das reibungslose Funktionieren des Magen-Darm-Trakts unterst\u00fctzt;<br \/>\n&#8211; 45 mg Granatapfelextrakt titriert in Ellags\u00e4ure, reich an nat\u00fcrlichen Wirkstoffen;<br \/>\n&#8211; 2 g Fibrassentiel\u00ae, nat\u00fcrliche, patentierte Akazienfaser mit wissenschaftlich nachgewiesenen Vorteilen bei der Entwicklung einer hochwertigen Schleimhaut;<br \/>\n&#8211; Ein f\u00fcr das Darm\u00f6kosystem essentieller Mikron\u00e4hrstoffkomplex: Magnesium, Selen, Zink und Vitamine. Die Vitamine B2, B3 und B8 tragen zur Gesundheit der Darmschleimh\u00e4ute bei;<br \/>\n1 gelbe Kapsel enth\u00e4lt: &#8211; 337,5 mg des Curcussentiel\u00ae-Komplexes, eingelagerter Komplex, der 87,5 mg hoch bioverf\u00fcgbares mikroverkapseltes Curcumin (270-mal mehr bioverf\u00fcgbar als ein Standardextrakt) kombiniert mit 87,5 mg Ingwerextrakt, titriert in Gingerol, der die Wirkung von . verst\u00e4rkt letzteres. Kurkuma hilft, die Entz\u00fcndungsreaktion zu kontrollieren und tr\u00e4gt zu einer gesunden Verdauungsfunktion bei.<\/p>\n<p>* UFC: Koloniebildungseinheiten implementiert<\/p>\n<p>Nutzungstipps<\/p>\n<p>1 Beutel und 1 gelbe Kapsel pro Tag, mindestens 20 Tage lang. Geben Sie den Beutel in einen Shaker mit 100 bis 125 ml Wasser oder Fruchtsaft und sch\u00fctteln Sie ihn kr\u00e4ftig, bevor Sie ihn gleichzeitig mit der Kapsel verzehren. Vorzugsweise au\u00dferhalb der Mahlzeiten konsumieren. Bei Bedarf zu erneuern.<\/p>\n<p>Vorsichtsma\u00dfnahmen f\u00fcr die Verwendung:<\/p>\n<p>Nicht empfohlen bei gleichzeitiger Anwendung von Antikoagulanzien. Personen, die Medikamente einnehmen, sollten das Produkt nur unter \u00e4rztlicher Aufsicht verwenden. Nicht anwenden bei Schwangeren und Kindern unter 12 Jahren.<\/p>\n<p>Nahrungserg\u00e4nzungsmittel sollten als Teil einer gesunden Lebensweise verwendet werden und nicht als Ersatz f\u00fcr eine abwechslungsreiche und ausgewogene Ern\u00e4hrung verwendet werden. \u00dcberschreiten Sie nicht die empfohlene Tagesdosis. Bewahren Sie das Produkt au\u00dferhalb der Reichweite von kleinen Kindern auf. Bei einer Kombination mehrerer Nahrungserg\u00e4nzungsmittel fragen Sie Ihren Arzt um Rat.<\/p>\n<p>Zutaten<\/p>\n<p>Gelbe Kapsel:<br \/>\nCurcussentiel\u00ae Complex (Trockenextrakt aus Curcuma longa L. Wurzel umh\u00fcllt von Galaktomannanfasern des Bockshornklees, Extrakt aus Ingwerrhizom titriert in Gingerolen), Tunika pflanzlichen Ursprungs.<\/p>\n<p>Tasche:<br \/>\nL-Glutamin, Fibrassentiel\u00ae (Akaziengummi), Orangenpulver, L-Taurin, Quercetin, Magnesiumglycerophosphat, nat\u00fcrliches Orangenaroma, N-Acetylcystein, Extrakt aus Boswellia serrata-Harzen titriert in Boswellias\u00e4ure, Vitamin C (L-Ascorbins\u00e4ure), Granatapfelschalenextrakt titriert in Ellags\u00e4ure, Zinkbisglycinat, Selenomethionin, nat\u00fcrliches Vitamin E (D-alpha-Tocopherylacetat), S\u00fc\u00dfungsmittel: Steviolglycoside aus Stevia, Vitamin B3 (Nikotinamid), Vitamin B5 (Calcium-D-Pantothenat), Vitamin B6 ( Pyridoxal 5\u2032-Phosphat), nat\u00fcrliches Vitamin D3 (Cholecalciferol), Vitamin B2 (Riboflavin 5\u2032-Phosphat, Natrium), Vitamin B1 (Thiaminmononitrat), Vitamin B8 (Biotin), Vitamin B9 (Calcium-L-Methylfolat), Vitamin B12 (Methylcobalamin).<\/p>\n<p>Nettogewicht: 226,7 g<\/p>","protected":false},"excerpt":{"rendered":"<p>Spezifische und synergistische Formel f\u00fcr das Gleichgewicht der Verdauungsbarriere Formel entwickelt von Prof. Lionel Bueno *; Synergistische und innovative Kombination aus 5 Bio-Wirkstoffen (Fibrassentiel\u00ae, Curcussentiel\u00ae, Boswellia serrata, Granatapfel und Quercetin), 3 Aminos\u00e4uren (L-Glutamin, L-Taurin und N-Acetylcystein) und einem Mikron\u00e4hrstoffkomplex; Hoch bioverf\u00fcgbares Curcussentiel\u00ae patentiertes Curcumin: 270-mal mehr bioverf\u00fcgbar als ein Standardextrakt; Optimale Bioverf\u00fcgbarkeit: Magnesium in Form [&hellip;]<\/p>\n","protected":false},"featured_media":21380,"template":"","meta":{"_acf_changed":false,"footnotes":""},"product_brand":[],"product_cat":[42,951,953,948],"product_tag":[],"class_list":{"0":"post-21379","1":"product","2":"type-product","3":"status-publish","4":"has-post-thumbnail","6":"product_cat-para-pharmacie","7":"product_cat-physiomance","8":"product_cat-complements-alimentaires","9":"product_cat-therascience-physionutrition","11":"first","12":"outofstock","13":"taxable","14":"shipping-taxable","15":"purchasable","16":"product-type-simple"},"acf":[],"_links":{"self":[{"href":"https:\/\/www.pharmacieonline.lu\/de\/wp-json\/wp\/v2\/product\/21379","targetHints":{"allow":["GET"]}}],"collection":[{"href":"https:\/\/www.pharmacieonline.lu\/de\/wp-json\/wp\/v2\/product"}],"about":[{"href":"https:\/\/www.pharmacieonline.lu\/de\/wp-json\/wp\/v2\/types\/product"}],"version-history":[{"count":0,"href":"https:\/\/www.pharmacieonline.lu\/de\/wp-json\/wp\/v2\/product\/21379\/revisions"}],"wp:featuredmedia":[{"embeddable":true,"href":"https:\/\/www.pharmacieonline.lu\/de\/wp-json\/wp\/v2\/media\/21380"}],"wp:attachment":[{"href":"https:\/\/www.pharmacieonline.lu\/de\/wp-json\/wp\/v2\/media?parent=21379"}],"wp:term":[{"taxonomy":"product_brand","embeddable":true,"href":"https:\/\/www.pharmacieonline.lu\/de\/wp-json\/wp\/v2\/product_brand?post=21379"},{"taxonomy":"product_cat","embeddable":true,"href":"https:\/\/www.pharmacieonline.lu\/de\/wp-json\/wp\/v2\/product_cat?post=21379"},{"taxonomy":"product_tag","embeddable":true,"href":"https:\/\/www.pharmacieonline.lu\/de\/wp-json\/wp\/v2\/product_tag?post=21379"}],"curies":[{"name":"wp","href":"https:\/\/api.w.org\/{rel}","templated":true}]}}