{"id":2140,"date":"2020-11-25T17:27:54","date_gmt":"2020-11-25T16:27:54","guid":{"rendered":"https:\/\/www.pharmacieonline.lu\/produit\/eucerin-urearepair-plus-30-creme\/"},"modified":"2026-04-07T22:25:16","modified_gmt":"2026-04-07T20:25:16","slug":"eucerin-urearepair-plus-30-creme","status":"publish","type":"product","link":"https:\/\/www.pharmacieonline.lu\/de\/produit\/eucerin-urearepair-plus-30-creme\/","title":{"rendered":"EUCERIN UREAREPAIR PLUS 30% CREME"},"content":{"rendered":"<p>Eine intensive Behandlungscreme, die extrem trockene und rauhe Hautpartien gl\u00e4ttet und weich macht.<\/p>\n<p>Verwenden<br \/>\nEin- bis zweimal t\u00e4glich auf trockene, raue, verdickte, schuppige Hautpartien an Ellbogen, F\u00fc\u00dfen, H\u00e4nden und Knien auftragen.<br \/>\nNicht f\u00fcr den ganzen K\u00f6rper gedacht<br \/>\nNicht auf offene, blutende oder sickernde Wunden auftragen<br \/>\nDen Kontakt mit den Augen vermeiden<br \/>\nKomposition<\/p>\n<p>Eucerin UreaRepair PLUS 30% Creme 30% Harnstoff verleiht extrem trockener Haut die intensive Pflege, die sie ben\u00f6tigt. Die Formel enth\u00e4lt eine Kombination aus:<\/p>\n<p>Hochkonzentrierter 30% iger Harnstoff zum Peeling<br \/>\nCeramid zur Reparatur der Hautbarriere<br \/>\nandere nat\u00fcrliche Feuchtigkeitsfaktoren (NMFs) zur Hydratation und Bindung von Wasser an die Haut<\/p>\n<p>Zutaten<br \/>\nAqua<br \/>\nHarnstoff<br \/>\nOctyldodecanol<br \/>\nCapryl-Capric-Triglycerid<br \/>\nNatriumacetat<br \/>\nDecyl Oleate<br \/>\nPolyglyceryl-2-dipolyhydroxystearat<br \/>\nArginin HCL<br \/>\nChondrus Crispus Extrakt<br \/>\nCeramide NP<br \/>\nCholesterin<br \/>\nHelianthus Annuus SeedOil<br \/>\nAlanine<br \/>\nCarnitin<br \/>\nGlyzinien<br \/>\nLaktat (Milchs\u00e4ure)<br \/>\nNatrium-PCA<br \/>\nNatriumchlorid<br \/>\nDecylenglykol<br \/>\nPentylenglykol<\/p>","protected":false},"excerpt":{"rendered":"<p>Eine intensive Behandlungscreme, die extrem trockene und rauhe Hautpartien gl\u00e4ttet und weich macht. Verwenden Ein- bis zweimal t\u00e4glich auf trockene, raue, verdickte, schuppige Hautpartien an Ellbogen, F\u00fc\u00dfen, H\u00e4nden und Knien auftragen. Nicht f\u00fcr den ganzen K\u00f6rper gedacht Nicht auf offene, blutende oder sickernde Wunden auftragen Den Kontakt mit den Augen vermeiden Komposition Eucerin UreaRepair PLUS [&hellip;]<\/p>\n","protected":false},"featured_media":49633,"template":"","meta":{"_acf_changed":false,"footnotes":""},"product_brand":[],"product_cat":[47,42,56],"product_tag":[],"class_list":{"0":"post-2140","1":"product","2":"type-product","3":"status-publish","4":"has-post-thumbnail","6":"product_cat-dermocosmetique","7":"product_cat-para-pharmacie","8":"product_cat-soins-du-corps","10":"first","11":"instock","12":"taxable","13":"shipping-taxable","14":"purchasable","15":"product-type-simple"},"acf":[],"_links":{"self":[{"href":"https:\/\/www.pharmacieonline.lu\/de\/wp-json\/wp\/v2\/product\/2140","targetHints":{"allow":["GET"]}}],"collection":[{"href":"https:\/\/www.pharmacieonline.lu\/de\/wp-json\/wp\/v2\/product"}],"about":[{"href":"https:\/\/www.pharmacieonline.lu\/de\/wp-json\/wp\/v2\/types\/product"}],"version-history":[{"count":0,"href":"https:\/\/www.pharmacieonline.lu\/de\/wp-json\/wp\/v2\/product\/2140\/revisions"}],"wp:featuredmedia":[{"embeddable":true,"href":"https:\/\/www.pharmacieonline.lu\/de\/wp-json\/wp\/v2\/media\/49633"}],"wp:attachment":[{"href":"https:\/\/www.pharmacieonline.lu\/de\/wp-json\/wp\/v2\/media?parent=2140"}],"wp:term":[{"taxonomy":"product_brand","embeddable":true,"href":"https:\/\/www.pharmacieonline.lu\/de\/wp-json\/wp\/v2\/product_brand?post=2140"},{"taxonomy":"product_cat","embeddable":true,"href":"https:\/\/www.pharmacieonline.lu\/de\/wp-json\/wp\/v2\/product_cat?post=2140"},{"taxonomy":"product_tag","embeddable":true,"href":"https:\/\/www.pharmacieonline.lu\/de\/wp-json\/wp\/v2\/product_tag?post=2140"}],"curies":[{"name":"wp","href":"https:\/\/api.w.org\/{rel}","templated":true}]}}