{"id":21448,"date":"2021-11-15T11:08:19","date_gmt":"2021-11-15T10:08:19","guid":{"rendered":"https:\/\/www.pharmacieonline.lu\/?post_type=product&#038;p=21448"},"modified":"2026-04-10T06:25:20","modified_gmt":"2026-04-10T04:25:20","slug":"svr-topialyse-palpebral-15-ml","status":"publish","type":"product","link":"https:\/\/www.pharmacieonline.lu\/de\/produit\/svr-topialyse-palpebral-15-ml\/","title":{"rendered":"SVR TOPIALYSE PALPEBRAL 15 ML"},"content":{"rendered":"<p>Beruhigende Anti-Juckreiz-Creme f\u00fcr gereizte Augenlider<\/p>\n<p>F\u00fcr empfindliche, trockene, gereizte Augenlider und Augenkonturen mit atopischer Tendenz. Ab 3 Jahren.<\/p>\n<p>PALPEBRAL Von Topialyse, DIE N \u00b0 1 IN DER KONTURPFLEGE F\u00dcR \u00dcBERSENSITIVE AUGEN, DIE VON DERMATOLOGEN VORGESCHRIEBEN WIRD (1).<\/p>\n<p>Toleranz, Effizienz und Freude vereint, um den Blick zu beruhigen.<\/p>\n<p>4 Aktionen in einer einzigen Geste:<\/p>\n<p>\u2022 Lindert Reizungen und Juckreiz<br \/>\n\u2022 Reduziert R\u00f6tungen und reduziert das Auftreten von Reizungen<br \/>\n\u2022 Spendet Feuchtigkeit und f\u00fcllt Lipide auf, um die Hautbarriere wiederherzustellen<br \/>\n\u2022 Sch\u00fctzt vor \u00e4u\u00dferen Angriffen<\/p>\n<p>Alles in einer glatten cremigen Textur, die langanhaltenden Komfort bietet.<\/p>\n<p>&nbsp;<\/p>\n<p>INCI: LAB18.24 \/ A.06 &#8211; INHALTSSTOFFE (ENTHALTEN): AQUA \/ WASSER \/ EAU, PROPANEDIOL, HYDROGENATED POLYDECENE, C15-19 ALKANE, ORBIGNYA OLEIFERA SAMEN\u00d6L, POLYACRYLAMID, BEHENYLALKOHOLSI, CAPRYLASCATEHY ISOMERAT, NATRIUMHYALURONAT, TOCOPHERYLACETAT, 1,2-HEXANEDIOL, C13-14 ISOPARAFFIN, CAPRYLYL GLYCOL, CETEARETH-20, ZITRONENS\u00c4URE, GOSSYPIUM HERBACEUM (BAUMWOLLE) SAMEN\u00d6L, LAURETH-7 GLYCYLONE GLYCOLATE (B) , LAURETH-GLYCENE GLYCYLEN GLYCYCOLATE, NATRIUM GLYCON GLYCYPIUM GLYCYPIUM (GLYCYPIUM) GLYCYPIUM, GLYCYPIUM GLYCYPIUM GLYCOLAT GLYCOLATE GLYCOLAT, GLYCOLAT GLYCOLTE GLYCOLTE GLYCOLTE GLYCOL GLYCOLTE GLYCOL GLYCOLTE GLYCOL<\/p>","protected":false},"excerpt":{"rendered":"<p>Beruhigende Anti-Juckreiz-Creme f\u00fcr gereizte Augenlider F\u00fcr empfindliche, trockene, gereizte Augenlider und Augenkonturen mit atopischer Tendenz. Ab 3 Jahren. PALPEBRAL Von Topialyse, DIE N \u00b0 1 IN DER KONTURPFLEGE F\u00dcR \u00dcBERSENSITIVE AUGEN, DIE VON DERMATOLOGEN VORGESCHRIEBEN WIRD (1). Toleranz, Effizienz und Freude vereint, um den Blick zu beruhigen. 4 Aktionen in einer einzigen Geste: \u2022 Lindert [&hellip;]<\/p>\n","protected":false},"featured_media":21451,"template":"","meta":{"_acf_changed":false,"footnotes":""},"product_brand":[],"product_cat":[47,42,54],"product_tag":[],"class_list":{"0":"post-21448","1":"product","2":"type-product","3":"status-publish","4":"has-post-thumbnail","6":"product_cat-dermocosmetique","7":"product_cat-para-pharmacie","8":"product_cat-soins-du-visage","10":"first","11":"instock","12":"taxable","13":"shipping-taxable","14":"purchasable","15":"product-type-simple"},"acf":[],"_links":{"self":[{"href":"https:\/\/www.pharmacieonline.lu\/de\/wp-json\/wp\/v2\/product\/21448","targetHints":{"allow":["GET"]}}],"collection":[{"href":"https:\/\/www.pharmacieonline.lu\/de\/wp-json\/wp\/v2\/product"}],"about":[{"href":"https:\/\/www.pharmacieonline.lu\/de\/wp-json\/wp\/v2\/types\/product"}],"version-history":[{"count":0,"href":"https:\/\/www.pharmacieonline.lu\/de\/wp-json\/wp\/v2\/product\/21448\/revisions"}],"wp:featuredmedia":[{"embeddable":true,"href":"https:\/\/www.pharmacieonline.lu\/de\/wp-json\/wp\/v2\/media\/21451"}],"wp:attachment":[{"href":"https:\/\/www.pharmacieonline.lu\/de\/wp-json\/wp\/v2\/media?parent=21448"}],"wp:term":[{"taxonomy":"product_brand","embeddable":true,"href":"https:\/\/www.pharmacieonline.lu\/de\/wp-json\/wp\/v2\/product_brand?post=21448"},{"taxonomy":"product_cat","embeddable":true,"href":"https:\/\/www.pharmacieonline.lu\/de\/wp-json\/wp\/v2\/product_cat?post=21448"},{"taxonomy":"product_tag","embeddable":true,"href":"https:\/\/www.pharmacieonline.lu\/de\/wp-json\/wp\/v2\/product_tag?post=21448"}],"curies":[{"name":"wp","href":"https:\/\/api.w.org\/{rel}","templated":true}]}}