{"id":2153,"date":"2020-11-25T17:27:54","date_gmt":"2020-11-25T16:27:54","guid":{"rendered":"https:\/\/www.pharmacieonline.lu\/produit\/eucerin-antipigment-correct-taches-5-ml\/"},"modified":"2026-04-05T20:25:40","modified_gmt":"2026-04-05T18:25:40","slug":"eucerin-antipigment-correct-taches-5-ml","status":"publish","type":"product","link":"https:\/\/www.pharmacieonline.lu\/de\/produit\/eucerin-antipigment-correct-taches-5-ml\/","title":{"rendered":"EUCERIN ANTIPIGMENT CORRECT TACHES 5 ML"},"content":{"rendered":"<p>Dark Spot Corrector Anti-Pigment<\/p>\n<p>Reduziert effektiv dunkle Flecken und verhindert deren Wiederauftreten. F\u00fcr eine einheitlichere Haut.<\/p>\n<p>Innovation:<br \/>\nThiamidol, patentierter Wirkstoff:<\/p>\n<p>Es wirkt auf die Hauptursache der Hyperpigmentierung.<\/p>\n<p>Es ist klinisch erwiesen, dass es die Melaninproduktion reduziert und bei regelm\u00e4\u00dfiger Anwendung die Bildung neuer dunkler Flecken verhindert<\/p>\n<p>Verwenden<br \/>\nGebrauchsanweisung: Einmal t\u00e4glich auftragen. Verwenden Sie Thiamidol-Produkte nicht mehr als viermal t\u00e4glich. Den Kontakt mit den Augen vermeiden.<\/p>\n<p>Komposition<br \/>\nAlkohol Denat., Aqua, Glycerin, Isobutylamido-Thiazolyl-Resorcin, Glucosylrutin, Isoquercitrin, Ammoniumacryloyldimethyltaurat \/ VP-Copolymer<\/p>","protected":false},"excerpt":{"rendered":"<p>Dark Spot Corrector Anti-Pigment Reduziert effektiv dunkle Flecken und verhindert deren Wiederauftreten. F\u00fcr eine einheitlichere Haut. Innovation: Thiamidol, patentierter Wirkstoff: Es wirkt auf die Hauptursache der Hyperpigmentierung. Es ist klinisch erwiesen, dass es die Melaninproduktion reduziert und bei regelm\u00e4\u00dfiger Anwendung die Bildung neuer dunkler Flecken verhindert Verwenden Gebrauchsanweisung: Einmal t\u00e4glich auftragen. Verwenden Sie Thiamidol-Produkte nicht [&hellip;]<\/p>\n","protected":false},"featured_media":2772,"template":"","meta":{"_acf_changed":false,"footnotes":""},"product_brand":[],"product_cat":[47,42,54],"product_tag":[],"class_list":{"0":"post-2153","1":"product","2":"type-product","3":"status-publish","4":"has-post-thumbnail","6":"product_cat-dermocosmetique","7":"product_cat-para-pharmacie","8":"product_cat-soins-du-visage","10":"first","11":"instock","12":"taxable","13":"shipping-taxable","14":"purchasable","15":"product-type-simple"},"acf":[],"_links":{"self":[{"href":"https:\/\/www.pharmacieonline.lu\/de\/wp-json\/wp\/v2\/product\/2153","targetHints":{"allow":["GET"]}}],"collection":[{"href":"https:\/\/www.pharmacieonline.lu\/de\/wp-json\/wp\/v2\/product"}],"about":[{"href":"https:\/\/www.pharmacieonline.lu\/de\/wp-json\/wp\/v2\/types\/product"}],"version-history":[{"count":0,"href":"https:\/\/www.pharmacieonline.lu\/de\/wp-json\/wp\/v2\/product\/2153\/revisions"}],"wp:featuredmedia":[{"embeddable":true,"href":"https:\/\/www.pharmacieonline.lu\/de\/wp-json\/wp\/v2\/media\/2772"}],"wp:attachment":[{"href":"https:\/\/www.pharmacieonline.lu\/de\/wp-json\/wp\/v2\/media?parent=2153"}],"wp:term":[{"taxonomy":"product_brand","embeddable":true,"href":"https:\/\/www.pharmacieonline.lu\/de\/wp-json\/wp\/v2\/product_brand?post=2153"},{"taxonomy":"product_cat","embeddable":true,"href":"https:\/\/www.pharmacieonline.lu\/de\/wp-json\/wp\/v2\/product_cat?post=2153"},{"taxonomy":"product_tag","embeddable":true,"href":"https:\/\/www.pharmacieonline.lu\/de\/wp-json\/wp\/v2\/product_tag?post=2153"}],"curies":[{"name":"wp","href":"https:\/\/api.w.org\/{rel}","templated":true}]}}