{"id":21535,"date":"2021-11-24T17:04:02","date_gmt":"2021-11-24T16:04:02","guid":{"rendered":"https:\/\/www.pharmacieonline.lu\/?post_type=product&#038;p=21535"},"modified":"2026-04-08T08:25:38","modified_gmt":"2026-04-08T06:25:38","slug":"poche-posay-tol-crayon-sourcil-clair","status":"publish","type":"product","link":"https:\/\/www.pharmacieonline.lu\/de\/produit\/poche-posay-tol-crayon-sourcil-clair\/","title":{"rendered":"Poche Posay Tol Crayon Sourcil Clair"},"content":{"rendered":"<p>Ein Augenbrauenstift zum Neudefinieren, Restrukturieren und Umformen Ihrer Augen. Make-up 100% Allergietests unterzogen, die Sie tragen werden.<\/p>\n<p>Indikation<\/p>\n<p>F\u00fcr sp\u00e4rliche Augenbrauen, mit L\u00f6chern oder fehlender Struktur. Empfindliche Augen und Linsentr\u00e4ger. Auch f\u00fcr gezielt therapierte Patienten geeignet Ultra soft Pencil: eine feine Spitze f\u00fcr eine ultraweiche Textur. Definiert und f\u00e4rbt Ihre Augenbrauen leicht f\u00fcr ein nat\u00fcrliches Finish.Ultraweiche B\u00fcrste: speziell auf empfindliche Haut abgestimmt. Erm\u00f6glicht pr\u00e4zises Auff\u00fcllen sp\u00e4rlicher Stellen, stellt sanft die perfekte Form einer sauberen Brauenlinie wieder her.Wasserdichte Formel, die den ganzen Tag h\u00e4lt. Erh\u00e4ltlich in 2 Farbt\u00f6nen.<\/p>","protected":false},"excerpt":{"rendered":"<p>Ein Augenbrauenstift zum Neudefinieren, Restrukturieren und Umformen Ihrer Augen. Make-up 100% Allergietests unterzogen, die Sie tragen werden. Indikation F\u00fcr sp\u00e4rliche Augenbrauen, mit L\u00f6chern oder fehlender Struktur. Empfindliche Augen und Linsentr\u00e4ger. Auch f\u00fcr gezielt therapierte Patienten geeignet Ultra soft Pencil: eine feine Spitze f\u00fcr eine ultraweiche Textur. Definiert und f\u00e4rbt Ihre Augenbrauen leicht f\u00fcr ein nat\u00fcrliches [&hellip;]<\/p>\n","protected":false},"featured_media":21642,"template":"","meta":{"_acf_changed":false,"footnotes":""},"product_brand":[],"product_cat":[47,763,42],"product_tag":[],"class_list":{"0":"post-21535","1":"product","2":"type-product","3":"status-publish","4":"has-post-thumbnail","6":"product_cat-dermocosmetique","7":"product_cat-maquillages","8":"product_cat-para-pharmacie","10":"first","11":"outofstock","12":"taxable","13":"shipping-taxable","14":"purchasable","15":"product-type-simple"},"acf":[],"_links":{"self":[{"href":"https:\/\/www.pharmacieonline.lu\/de\/wp-json\/wp\/v2\/product\/21535","targetHints":{"allow":["GET"]}}],"collection":[{"href":"https:\/\/www.pharmacieonline.lu\/de\/wp-json\/wp\/v2\/product"}],"about":[{"href":"https:\/\/www.pharmacieonline.lu\/de\/wp-json\/wp\/v2\/types\/product"}],"version-history":[{"count":0,"href":"https:\/\/www.pharmacieonline.lu\/de\/wp-json\/wp\/v2\/product\/21535\/revisions"}],"wp:featuredmedia":[{"embeddable":true,"href":"https:\/\/www.pharmacieonline.lu\/de\/wp-json\/wp\/v2\/media\/21642"}],"wp:attachment":[{"href":"https:\/\/www.pharmacieonline.lu\/de\/wp-json\/wp\/v2\/media?parent=21535"}],"wp:term":[{"taxonomy":"product_brand","embeddable":true,"href":"https:\/\/www.pharmacieonline.lu\/de\/wp-json\/wp\/v2\/product_brand?post=21535"},{"taxonomy":"product_cat","embeddable":true,"href":"https:\/\/www.pharmacieonline.lu\/de\/wp-json\/wp\/v2\/product_cat?post=21535"},{"taxonomy":"product_tag","embeddable":true,"href":"https:\/\/www.pharmacieonline.lu\/de\/wp-json\/wp\/v2\/product_tag?post=21535"}],"curies":[{"name":"wp","href":"https:\/\/api.w.org\/{rel}","templated":true}]}}