{"id":2162,"date":"2020-11-25T17:27:54","date_gmt":"2020-11-25T16:27:54","guid":{"rendered":"https:\/\/www.pharmacieonline.lu\/produit\/widmer-creme-riche-50-ml-parf\/"},"modified":"2026-04-03T02:25:17","modified_gmt":"2026-04-03T00:25:17","slug":"widmer-creme-riche-50-ml-parf","status":"publish","type":"product","link":"https:\/\/www.pharmacieonline.lu\/de\/produit\/widmer-creme-riche-50-ml-parf\/","title":{"rendered":"WIDMER CREME RICHE 50 ML PARF"},"content":{"rendered":"<p>TROCKENE HAUT<br \/>\nN\u00e4hrt, hydratisiert und regeneriert intensiv und reduziert Falten.<br \/>\nDie Haut wird straffer und glatter.<br \/>\nDie Kombination von kurzkettiger (fragmentierter) und langkettiger Hyalurons\u00e4ure (die einen Film auf der Haut erzeugt) sorgt f\u00fcr ein angenehmes Hautgef\u00fchl.<br \/>\nFragmentierte (kurzkettige) Hyalurons\u00e4ure als Kollagenverst\u00e4rker verbessert die Elastizit\u00e4t und den Wasserhaushalt der Haut. Zusammen mit Biostimulatoren stimuliert es den Zellzusammenhalt und die Kollagensynthese. Die Haut wird wieder fest und glatt.<br \/>\nHyalurons\u00e4ure, die einen Film (langkettig) bildet, hydratisiert die Haut intensiv und verleiht ihr ein samtiges Aussehen. Falten sind gef\u00fcllt. Ein elastischer Schutzfilm bleibt auf der Haut.<br \/>\nVerwenden<\/p>\n<p>Die Cr\u00e8me Riche Nuit wird als Nachtcreme f\u00fcr trockene Haut verwendet, insbesondere nach dem 30. Lebensjahr. Nach dem sorgf\u00e4ltigen Entfernen des Make-ups von der Haut auf Gesicht und Hals auftragen und leicht massieren. Bei extrem trockener und fettiger Haut kann die Rich Night Cream auch als Tagespflege verwendet werden. Diese Creme dringt sofort ein und hinterl\u00e4sst keinen fettigen Film. Als wirksame Erg\u00e4nzung zur Nachtpflege kann der Liposomalextrakt vor der Rich Night Cream als Tiefenkonzentrat verwendet werden, das tiefgreifend wirkt.<\/p>\n<p>Komposition<br \/>\nLeicht duftend<\/p>\n<p>Inhaltsstoffe: Aqua, Cetyl Diglyceryl Tris (trimethylsiloxy) Silylethyl Dimethicone, Isohexadecane, Glycerin, Decyl oleat, C18-36 Acid Triglyceride, Oleyl Erucate, Triolein, Caprylyl Methicone, Cetyl Dimethicone, Panthenol, Propylene Acid Triglyceride, Oleyl Erucate, Triolein, Caprylyl Methicone, Cetyl Dimethicone, Panthenol, Propylene Glyceroxygruppe Acid Triglyceride, Panthenol, Propylene S\u00e4ure Glyceride, Tocloride Glyceride, Panthenol, Propylene Acid Triglyceride, Oleyl Erucate, Triolein, Caprylyl Methicone, Cetyl Dimethicone, Panthenol, Propylene Glyceroxygruppe S\u00e4ure Triglycerid Sorbit, Parfum, Ethylhexyglycerin, Cholesterin, Kollagenaminos\u00e4uren, hydrolysierte Hyalurons\u00e4ure, Natriumhyaluronat, Stearins\u00e4ure, Tocopherol, Ceramid NP, Capryl- \/ Capric-Triglycerid, hydriertes Lecithin, Milchs\u00e4ure, Oleichydroxyls\u00e4ure, Ophy Palmitoyldipeptid-5-Diaminobutyroylhydroxythreonin, Palmitoyldipeptid-5-Diaminohydroxybutyrat. FVN101028.009)<\/p>\n<p>AKTIVE STOFFE:<br \/>\nBIOSTIMULATOREN (AMINOS\u00c4UREKOMPLEX) 10%<br \/>\nHYALURONS\u00c4URE 0,1%<br \/>\nHYALURONS\u00c4URE (FRAGMENTIERT) 0,1%<br \/>\nPEPTID 0,004%<br \/>\nCERAMID 0,1%<br \/>\nPANTHENOL 1%<br \/>\nVITAMIN E 1%<\/p>","protected":false},"excerpt":{"rendered":"<p>TROCKENE HAUT N\u00e4hrt, hydratisiert und regeneriert intensiv und reduziert Falten. Die Haut wird straffer und glatter. Die Kombination von kurzkettiger (fragmentierter) und langkettiger Hyalurons\u00e4ure (die einen Film auf der Haut erzeugt) sorgt f\u00fcr ein angenehmes Hautgef\u00fchl. Fragmentierte (kurzkettige) Hyalurons\u00e4ure als Kollagenverst\u00e4rker verbessert die Elastizit\u00e4t und den Wasserhaushalt der Haut. Zusammen mit Biostimulatoren stimuliert es den [&hellip;]<\/p>\n","protected":false},"featured_media":2814,"template":"","meta":{"_acf_changed":false,"footnotes":""},"product_brand":[],"product_cat":[47,42,54,782],"product_tag":[],"class_list":{"0":"post-2162","1":"product","2":"type-product","3":"status-publish","4":"has-post-thumbnail","6":"product_cat-dermocosmetique","7":"product_cat-para-pharmacie","8":"product_cat-soins-du-visage","9":"product_cat-vegan","11":"first","12":"outofstock","13":"taxable","14":"shipping-taxable","15":"purchasable","16":"product-type-simple"},"acf":[],"_links":{"self":[{"href":"https:\/\/www.pharmacieonline.lu\/de\/wp-json\/wp\/v2\/product\/2162","targetHints":{"allow":["GET"]}}],"collection":[{"href":"https:\/\/www.pharmacieonline.lu\/de\/wp-json\/wp\/v2\/product"}],"about":[{"href":"https:\/\/www.pharmacieonline.lu\/de\/wp-json\/wp\/v2\/types\/product"}],"version-history":[{"count":0,"href":"https:\/\/www.pharmacieonline.lu\/de\/wp-json\/wp\/v2\/product\/2162\/revisions"}],"wp:featuredmedia":[{"embeddable":true,"href":"https:\/\/www.pharmacieonline.lu\/de\/wp-json\/wp\/v2\/media\/2814"}],"wp:attachment":[{"href":"https:\/\/www.pharmacieonline.lu\/de\/wp-json\/wp\/v2\/media?parent=2162"}],"wp:term":[{"taxonomy":"product_brand","embeddable":true,"href":"https:\/\/www.pharmacieonline.lu\/de\/wp-json\/wp\/v2\/product_brand?post=2162"},{"taxonomy":"product_cat","embeddable":true,"href":"https:\/\/www.pharmacieonline.lu\/de\/wp-json\/wp\/v2\/product_cat?post=2162"},{"taxonomy":"product_tag","embeddable":true,"href":"https:\/\/www.pharmacieonline.lu\/de\/wp-json\/wp\/v2\/product_tag?post=2162"}],"curies":[{"name":"wp","href":"https:\/\/api.w.org\/{rel}","templated":true}]}}