{"id":2164,"date":"2020-11-25T17:27:54","date_gmt":"2020-11-25T16:27:54","guid":{"rendered":"https:\/\/www.pharmacieonline.lu\/produit\/arkogelules-gingko-bio-45-caps\/"},"modified":"2026-04-23T08:25:29","modified_gmt":"2026-04-23T06:25:29","slug":"arkogelules-gingko-bio-45-caps","status":"publish","type":"product","link":"https:\/\/www.pharmacieonline.lu\/de\/produit\/arkogelules-gingko-bio-45-caps\/","title":{"rendered":"ARKOGELULES GINGKO BIO 45 CAPS"},"content":{"rendered":"<p><\/p>\n<p>Arkog\u00e9lules\u00ae Ginkgo est un compl\u00e9ment alimentaire sp\u00e9cialement formul\u00e9 pour les personnes souhaitant <strong>am\u00e9liorer leur m\u00e9moire<\/strong>.<\/p>\n<p>Gr\u00e2ce \u00e0 son savoir-faire unique, <strong>Arkopharma restitue les compos\u00e9s du Ginkgo<\/strong>, qui agissent en synergie dans le plus grand respect de votre corps.<\/p>\n<h4><strong>D\u00e9tail des ingr\u00e9dients<\/strong><\/h4>\n<ul>\n<li>Extrait de feuille de Ginkgo (<em>Ginkgo biloba<\/em>L.).<\/li>\n<li>Agent de charge : cellulose.<\/li>\n<li>Antiagglom\u00e9rants : dioxyde de silicium et st\u00e9arate de magn\u00e9sium.<\/li>\n<li>Enveloppe d&#8217;origine v\u00e9g\u00e9tale : hydroxypropylm\u00e9thylcellulose.<\/li>\n<\/ul>\n<h4>Informations nutritionnelles moyennes<\/h4>\n<table border=\"1\">\n<thead>\n<tr>\n<th><\/th>\n<th>Pour 2 g\u00e9lules<\/th>\n<\/tr>\n<\/thead>\n<tbody>\n<tr>\n<td>Extrait de feuille de Ginkgo<\/td>\n<td>80 mg<\/td>\n<\/tr>\n<\/tbody>\n<\/table>\n<p>Voie orale.R\u00e9serv\u00e9 \u00e0 l&#8216;<strong>adulte<\/strong> et \u00e0 l&#8216;<strong>enfant de plus de 12 ans<\/strong>.<\/p>\n<ul>\n<li>Prendre <strong>1 g\u00e9lule 2 fois par jour<\/strong>au moment des repas avec un grand verre d&#8217;eau.<\/li>\n<\/ul>\n<p><\/p>","protected":false},"excerpt":{"rendered":"<p class=\"qtranxs-available-languages-message qtranxs-available-languages-message-de\">\n<div class=\"product-categories\">\n<div class=\"category\"><a class=\"catalog-category-0\" href=\"https:\/\/www.arkopharma.com\/fr-FR\/phytotherapie\">PHYTOTH\u00c9RAPIE<\/a><\/div>\n<div class=\"category\"><a class=\"catalog-category-1\" href=\"https:\/\/www.arkopharma.com\/fr-FR\/memoire-et-concentration\">M\u00c9MOIRE\u00a0<\/a>,\u00a0<a class=\"catalog-category-1\" href=\"https:\/\/www.arkopharma.com\/fr-FR\/memoire\">M\u00c9MOIRE<\/a><\/div>\n<div class=\"category\"><span class=\"catalog-category-3\">Compl\u00e9ment alimentaire<\/span><\/div>\n<\/div>\n<div class=\"product-description-text\">\n<div class=\"field field--name-field-product-description field--type-text-long field--label-hidden field--item\">\n<p><em>La feuille de Ginkgo contribue \u00e0 am\u00e9liorer la m\u00e9moire et \u00e0 favoriser la concentration.<\/em><\/p>\n<p><strong>Nos\u00a0Arkog\u00e9lules\u00ae BIO ont \u00e9t\u00e9 formul\u00e9es dans le respect de nos garanties, gages de la naturalit\u00e9 de nos formules et de l&#8217;implication de nos laboratoires pour une sant\u00e9 naturelle au quotidien.<\/strong><\/p>\n<div class=\"pictoHaut col-sm-12\">\n<div class=\"pictoInte col-sm-3 col-xs-6\">\n<div class=\"align-center embedded-entity\" data-embed-button=\"file_browser\" data-entity-embed-display=\"image:image\" data-entity-type=\"file\" data-entity-uuid=\"d5fb83bd-7e08-4052-96ab-6c3da1827138\" data-langcode=\"fr-FR\"><img decoding=\"async\" class=\"img-responsive\" src=\"https:\/\/www.arkopharma.com\/sites\/default\/files\/12ans.png\" \/><\/div>\n<p>\u00c2ge recommand\u00e9<\/p>\n<\/div>\n<div class=\"pictoInte col-sm-3 col-xs-6\">\n<div class=\"align-center embedded-entity\" data-embed-button=\"file_browser\" data-entity-embed-display=\"image:image\" data-entity-type=\"file\" data-entity-uuid=\"b7eeef93-8ae9-4d0b-8a84-cc1d2fa0eebb\" data-langcode=\"fr-FR\"><img decoding=\"async\" class=\"img-responsive\" src=\"https:\/\/www.arkopharma.com\/sites\/default\/files\/enceinte.png\" \/><\/div>\n<p>Femme enceinte<\/p>\n<\/div>\n<div class=\"pictoInte col-sm-3 col-xs-6\">\n<div class=\"align-center embedded-entity\" data-embed-button=\"file_browser\" data-entity-embed-display=\"image:image\" data-entity-type=\"file\" data-entity-uuid=\"0748557a-1bc0-4529-981e-a9863f7d0a0a\" data-langcode=\"fr-FR\"><img decoding=\"async\" class=\"img-responsive\" src=\"https:\/\/www.arkopharma.com\/sites\/default\/files\/bebe.png\" \/><\/div>\n<p>Femme allaitante<\/p>\n<\/div>\n<div class=\"pictoInte col-sm-3 col-xs-6\">\n<div class=\"align-center embedded-entity\" data-embed-button=\"file_browser\" data-entity-embed-display=\"image:image\" data-entity-type=\"file\" data-entity-uuid=\"a4ac7bce-73f4-4e8f-9018-e0c0457ad900\" data-langcode=\"fr-FR\"><img decoding=\"async\" class=\"img-responsive\" src=\"https:\/\/www.arkopharma.com\/sites\/default\/files\/2jours.png\" \/><\/div>\n<p>Dose journali\u00e8re<\/p>\n<\/div>\n<\/div>\n<\/div>\n<\/div>\n","protected":false},"featured_media":2768,"template":"","meta":{"_acf_changed":false,"footnotes":""},"product_brand":[],"product_cat":[42,953,78,782],"product_tag":[],"class_list":{"0":"post-2164","1":"product","2":"type-product","3":"status-publish","4":"has-post-thumbnail","6":"product_cat-para-pharmacie","7":"product_cat-complements-alimentaires","8":"product_cat-phytotherapie","9":"product_cat-vegan","11":"first","12":"instock","13":"taxable","14":"shipping-taxable","15":"purchasable","16":"product-type-simple"},"acf":[],"_links":{"self":[{"href":"https:\/\/www.pharmacieonline.lu\/de\/wp-json\/wp\/v2\/product\/2164","targetHints":{"allow":["GET"]}}],"collection":[{"href":"https:\/\/www.pharmacieonline.lu\/de\/wp-json\/wp\/v2\/product"}],"about":[{"href":"https:\/\/www.pharmacieonline.lu\/de\/wp-json\/wp\/v2\/types\/product"}],"version-history":[{"count":0,"href":"https:\/\/www.pharmacieonline.lu\/de\/wp-json\/wp\/v2\/product\/2164\/revisions"}],"wp:featuredmedia":[{"embeddable":true,"href":"https:\/\/www.pharmacieonline.lu\/de\/wp-json\/wp\/v2\/media\/2768"}],"wp:attachment":[{"href":"https:\/\/www.pharmacieonline.lu\/de\/wp-json\/wp\/v2\/media?parent=2164"}],"wp:term":[{"taxonomy":"product_brand","embeddable":true,"href":"https:\/\/www.pharmacieonline.lu\/de\/wp-json\/wp\/v2\/product_brand?post=2164"},{"taxonomy":"product_cat","embeddable":true,"href":"https:\/\/www.pharmacieonline.lu\/de\/wp-json\/wp\/v2\/product_cat?post=2164"},{"taxonomy":"product_tag","embeddable":true,"href":"https:\/\/www.pharmacieonline.lu\/de\/wp-json\/wp\/v2\/product_tag?post=2164"}],"curies":[{"name":"wp","href":"https:\/\/api.w.org\/{rel}","templated":true}]}}