{"id":2166,"date":"2020-11-25T17:27:54","date_gmt":"2020-11-25T16:27:54","guid":{"rendered":"https:\/\/www.pharmacieonline.lu\/produit\/avene-les-essentiels-masque-50-ml\/"},"modified":"2026-04-02T22:26:03","modified_gmt":"2026-04-02T20:26:03","slug":"avene-les-essentiels-masque-50-ml","status":"publish","type":"product","link":"https:\/\/www.pharmacieonline.lu\/de\/produit\/avene-les-essentiels-masque-50-ml\/","title":{"rendered":"AVENE LES ESSENTIELS MASQUE 50 ML"},"content":{"rendered":"<p>Intensive Aufladung f\u00fcr m\u00fcde, empfindliche Haut, die reich an Thermalwasser von Av\u00e8ne und hydro-nahrhaften Wirkstoffen ist.<\/p>\n<p>Indikation<\/p>\n<p>Die beruhigende Feuchtigkeitsmaske ist besonders f\u00fcr empfindliche Haut geeignet, die trocken (langgezogener und stumpfer Teint), unangenehm und feuchtigkeitsarm ist.<\/p>\n<p>Verwendung<br \/>\nTragen Sie die Maske in einer dicken Schicht auf das Gesicht auf. 10 bis 15 Minuten einwirken lassen. Entfernen Sie den \u00dcberschuss mit einem Wattepad.<\/p>\n<p>Komposition<br \/>\nAVENE THERMAL SPRING WATER (AVENE AQUA). MINERAL\u00d6L (PARAFFINUM LIQUIDUM). STEARINS\u00c4URE. CAPRYL \/ CAPRIC TRIGLYCERIDE. CARTHAMUS TINCTORIUS (SAFFLOWER) SAMEN\u00d6L (CARTHAMUS TINCTORIUS SAMEN\u00d6L). HYDROGENIERTES PALM \/ PALMKERNEL\u00d6L PEG-6 ESTER. TRIETHANOLAMIN. GLYCERYLSTEARAT. MIKROKRISTALLINES WACHS (CERA MICROCRISTALLINA). PEG-100 STEARATE. PROPYLENGLYKOL. CAPRYL \/ CAPRIC GLYCERIDES. CARBOMER. DISODIUM EDTA. DUFT (PARFUM). PHENYLTRIMETHIKON.<\/p>","protected":false},"excerpt":{"rendered":"<p>Intensive Aufladung f\u00fcr m\u00fcde, empfindliche Haut, die reich an Thermalwasser von Av\u00e8ne und hydro-nahrhaften Wirkstoffen ist. Indikation Die beruhigende Feuchtigkeitsmaske ist besonders f\u00fcr empfindliche Haut geeignet, die trocken (langgezogener und stumpfer Teint), unangenehm und feuchtigkeitsarm ist. Verwendung Tragen Sie die Maske in einer dicken Schicht auf das Gesicht auf. 10 bis 15 Minuten einwirken lassen. [&hellip;]<\/p>\n","protected":false},"featured_media":2797,"template":"","meta":{"_acf_changed":false,"footnotes":""},"product_brand":[],"product_cat":[47,42,54],"product_tag":[],"class_list":{"0":"post-2166","1":"product","2":"type-product","3":"status-publish","4":"has-post-thumbnail","6":"product_cat-dermocosmetique","7":"product_cat-para-pharmacie","8":"product_cat-soins-du-visage","10":"first","11":"outofstock","12":"taxable","13":"shipping-taxable","14":"purchasable","15":"product-type-simple"},"acf":[],"_links":{"self":[{"href":"https:\/\/www.pharmacieonline.lu\/de\/wp-json\/wp\/v2\/product\/2166","targetHints":{"allow":["GET"]}}],"collection":[{"href":"https:\/\/www.pharmacieonline.lu\/de\/wp-json\/wp\/v2\/product"}],"about":[{"href":"https:\/\/www.pharmacieonline.lu\/de\/wp-json\/wp\/v2\/types\/product"}],"version-history":[{"count":0,"href":"https:\/\/www.pharmacieonline.lu\/de\/wp-json\/wp\/v2\/product\/2166\/revisions"}],"wp:featuredmedia":[{"embeddable":true,"href":"https:\/\/www.pharmacieonline.lu\/de\/wp-json\/wp\/v2\/media\/2797"}],"wp:attachment":[{"href":"https:\/\/www.pharmacieonline.lu\/de\/wp-json\/wp\/v2\/media?parent=2166"}],"wp:term":[{"taxonomy":"product_brand","embeddable":true,"href":"https:\/\/www.pharmacieonline.lu\/de\/wp-json\/wp\/v2\/product_brand?post=2166"},{"taxonomy":"product_cat","embeddable":true,"href":"https:\/\/www.pharmacieonline.lu\/de\/wp-json\/wp\/v2\/product_cat?post=2166"},{"taxonomy":"product_tag","embeddable":true,"href":"https:\/\/www.pharmacieonline.lu\/de\/wp-json\/wp\/v2\/product_tag?post=2166"}],"curies":[{"name":"wp","href":"https:\/\/api.w.org\/{rel}","templated":true}]}}