{"id":21666,"date":"2021-11-26T17:08:01","date_gmt":"2021-11-26T16:08:01","guid":{"rendered":"https:\/\/www.pharmacieonline.lu\/?post_type=product&#038;p=21666"},"modified":"2026-04-05T11:55:23","modified_gmt":"2026-04-05T09:55:23","slug":"avene-cold-cream-duo-creme-mains","status":"publish","type":"product","link":"https:\/\/www.pharmacieonline.lu\/de\/produit\/avene-cold-cream-duo-creme-mains\/","title":{"rendered":"AVENE COLD CREAM DUO CREME MAINS"},"content":{"rendered":"<p>Cold Cream Konzentrierte Handcreme<\/p>\n<p>Ern\u00e4hrung und hoher Schutz f\u00fcr ausgetrocknete H\u00e4nde durch \u00e4u\u00dfere Einfl\u00fcsse (Wind, K\u00e4lte usw.).<\/p>\n<p>Unter sehr kalten Bedingungen getestet, hinterl\u00e4sst diese nahrhafte Behandlung mit einh\u00fcllender Textur und einem leichten Duft ein weiches, nicht fettendes und nicht klebriges Finish. Dank der kalten Creme von Eau Thermale Av\u00e8ne, einer traditionellen Mischung von Inhaltsstoffen aus dem franz\u00f6sischen Arzneibuch, n\u00e4hrt und beruhigt diese Creme, sch\u00fctzt vor K\u00e4lte und Trockenheit. Seine gro\u00dfz\u00fcgige Textur sorgt f\u00fcr eine 24-Stunden-Hydratisierung* und erm\u00f6glicht eine allm\u00e4hliche Freisetzung der Wirkstoffe f\u00fcr eine einfache Anwendung und ein schnelles Eindringen. Die H\u00e4nde gewinnen Flexibilit\u00e4t und intensiven Komfort zur\u00fcck.<\/p>\n<p>Vorteil<\/p>\n<p>Ern\u00e4hrung und Beruhigung trockener H\u00e4nde. Schutz vor den Aggressionen extremer K\u00e4lte dank einer umh\u00fcllenden Textur, die f\u00fcr die ganze Familie geeignet ist.<\/p>\n<p>Leistungen<\/p>\n<p>\u2022 ERN\u00c4HRT die Haut.<br \/>\n\u2022 SCH\u00dcTZT vor K\u00e4lte.<br \/>\n\u2022 BERUHIGT Gef\u00fchle von Irritationen.<\/p>","protected":false},"excerpt":{"rendered":"<p>Cold Cream Konzentrierte Handcreme Ern\u00e4hrung und hoher Schutz f\u00fcr ausgetrocknete H\u00e4nde durch \u00e4u\u00dfere Einfl\u00fcsse (Wind, K\u00e4lte usw.). Unter sehr kalten Bedingungen getestet, hinterl\u00e4sst diese nahrhafte Behandlung mit einh\u00fcllender Textur und einem leichten Duft ein weiches, nicht fettendes und nicht klebriges Finish. Dank der kalten Creme von Eau Thermale Av\u00e8ne, einer traditionellen Mischung von Inhaltsstoffen aus [&hellip;]<\/p>\n","protected":false},"featured_media":21668,"template":"","meta":{"_acf_changed":false,"footnotes":""},"product_brand":[],"product_cat":[47,42,764],"product_tag":[],"class_list":{"0":"post-21666","1":"product","2":"type-product","3":"status-publish","4":"has-post-thumbnail","6":"product_cat-dermocosmetique","7":"product_cat-para-pharmacie","8":"product_cat-soins-mains","10":"first","11":"instock","12":"taxable","13":"shipping-taxable","14":"purchasable","15":"product-type-simple"},"acf":[],"_links":{"self":[{"href":"https:\/\/www.pharmacieonline.lu\/de\/wp-json\/wp\/v2\/product\/21666","targetHints":{"allow":["GET"]}}],"collection":[{"href":"https:\/\/www.pharmacieonline.lu\/de\/wp-json\/wp\/v2\/product"}],"about":[{"href":"https:\/\/www.pharmacieonline.lu\/de\/wp-json\/wp\/v2\/types\/product"}],"version-history":[{"count":0,"href":"https:\/\/www.pharmacieonline.lu\/de\/wp-json\/wp\/v2\/product\/21666\/revisions"}],"wp:featuredmedia":[{"embeddable":true,"href":"https:\/\/www.pharmacieonline.lu\/de\/wp-json\/wp\/v2\/media\/21668"}],"wp:attachment":[{"href":"https:\/\/www.pharmacieonline.lu\/de\/wp-json\/wp\/v2\/media?parent=21666"}],"wp:term":[{"taxonomy":"product_brand","embeddable":true,"href":"https:\/\/www.pharmacieonline.lu\/de\/wp-json\/wp\/v2\/product_brand?post=21666"},{"taxonomy":"product_cat","embeddable":true,"href":"https:\/\/www.pharmacieonline.lu\/de\/wp-json\/wp\/v2\/product_cat?post=21666"},{"taxonomy":"product_tag","embeddable":true,"href":"https:\/\/www.pharmacieonline.lu\/de\/wp-json\/wp\/v2\/product_tag?post=21666"}],"curies":[{"name":"wp","href":"https:\/\/api.w.org\/{rel}","templated":true}]}}