{"id":2171,"date":"2020-11-25T17:27:55","date_gmt":"2020-11-25T16:27:55","guid":{"rendered":"https:\/\/www.pharmacieonline.lu\/produit\/gelsectan-30-caps\/"},"modified":"2026-04-23T09:56:12","modified_gmt":"2026-04-23T07:56:12","slug":"gelsectan-30-caps","status":"publish","type":"product","link":"https:\/\/www.pharmacieonline.lu\/de\/produit\/gelsectan-30-caps\/","title":{"rendered":"GELSECTAN 30 CAPS"},"content":{"rendered":"<p>KOMPOSITION<\/p>\n<p>Xyloglucan, Erbsenprotein und Traubenkernextrakt, Xylo-Oligosaccharide. Hilfsstoffe: Magnesiumstearat (pflanzlichen Ursprungs) und ausgef\u00e4lltes amorphes Siliciumdioxid.<\/p>","protected":false},"excerpt":{"rendered":"<p class=\"qtranxs-available-languages-message qtranxs-available-languages-message-de\">\n<div class=\"lst\">\n<p class=\"llst\">Gelsectan est destin\u00e9 \u00e0 restaurer la fonction intestinale chez les patients pr\u00e9sentant des sympt\u00f4mes dus\u00a0:<\/p>\n<ul class=\"lst-tiret\">\n<li>au syndrome de l&#8217;intestin irritable (SII),<\/li>\n<li>\u00e0 une hypersensibilit\u00e9 intestinale,<\/li>\n<li>ou \u00e0 la prise de certains m\u00e9dicaments,<\/li>\n<\/ul>\n<\/div>\n<p>pour soulager et pr\u00e9venir des sympt\u00f4mes tels que diarrh\u00e9e chronique ou r\u00e9cidivante, tension abdominale, douleur, ballonnements et flatulences.<\/p>\n<p>Avaler la g\u00e9lule avec une boisson.<\/p>\n<p>1 ou 2\u00a0g\u00e9lules selon la s\u00e9v\u00e9rit\u00e9 des sympt\u00f4mes, deux fois par jour, le matin avant le petit d\u00e9jeuner et le soir avant le d\u00eener, pendant 2 \u00e0 4\u00a0semaines. Le traitement peut \u00eatre maintenu plus longtemps si n\u00e9cessaire.<\/p>\n","protected":false},"featured_media":2766,"template":"","meta":{"_acf_changed":false,"footnotes":""},"product_brand":[],"product_cat":[43],"product_tag":[],"class_list":{"0":"post-2171","1":"product","2":"type-product","3":"status-publish","4":"has-post-thumbnail","6":"product_cat-medicaments-en-vente-libre","8":"first","9":"instock","10":"taxable","11":"shipping-taxable","12":"purchasable","13":"product-type-simple"},"acf":[],"_links":{"self":[{"href":"https:\/\/www.pharmacieonline.lu\/de\/wp-json\/wp\/v2\/product\/2171","targetHints":{"allow":["GET"]}}],"collection":[{"href":"https:\/\/www.pharmacieonline.lu\/de\/wp-json\/wp\/v2\/product"}],"about":[{"href":"https:\/\/www.pharmacieonline.lu\/de\/wp-json\/wp\/v2\/types\/product"}],"version-history":[{"count":0,"href":"https:\/\/www.pharmacieonline.lu\/de\/wp-json\/wp\/v2\/product\/2171\/revisions"}],"wp:featuredmedia":[{"embeddable":true,"href":"https:\/\/www.pharmacieonline.lu\/de\/wp-json\/wp\/v2\/media\/2766"}],"wp:attachment":[{"href":"https:\/\/www.pharmacieonline.lu\/de\/wp-json\/wp\/v2\/media?parent=2171"}],"wp:term":[{"taxonomy":"product_brand","embeddable":true,"href":"https:\/\/www.pharmacieonline.lu\/de\/wp-json\/wp\/v2\/product_brand?post=2171"},{"taxonomy":"product_cat","embeddable":true,"href":"https:\/\/www.pharmacieonline.lu\/de\/wp-json\/wp\/v2\/product_cat?post=2171"},{"taxonomy":"product_tag","embeddable":true,"href":"https:\/\/www.pharmacieonline.lu\/de\/wp-json\/wp\/v2\/product_tag?post=2171"}],"curies":[{"name":"wp","href":"https:\/\/api.w.org\/{rel}","templated":true}]}}